{"id":1982,"date":"2020-02-26T14:39:27","date_gmt":"2020-02-26T13:39:27","guid":{"rendered":"https:\/\/www.stampifidal.it\/privacy-policy\/"},"modified":"2023-09-04T15:48:57","modified_gmt":"2023-09-04T13:48:57","slug":"privacy-policy","status":"publish","type":"page","link":"https:\/\/www.stampifidal.it\/fr\/privacy-policy\/","title":{"rendered":"Privacy Policy"},"content":{"rendered":"<h2>INFORMATIONS SUR LE TRAITEMENT DES DONN\u00c9ES PERSONNELLES<br \/>\n(CONFORM\u00c9MENT AUX ARTICLES 13 ET 14 DU R\u00c8GLEMENT EUROP\u00c9EN N\u00b0 679\/16)<\/h2>\n<p>Le site Internet de FI.DAL. STAMPI S.R.L. depuis sa conception, entend assurer le respect des principes consacr\u00e9s par le R\u00e8glement de l&rsquo;UE n\u00b0 2016\/679 relatif \u00e0 la protection des personnes physiques \u00e0 l&rsquo;\u00e9gard du traitement des donn\u00e9es \u00e0 caract\u00e8re personnel, aucune n&rsquo;\u00e9tant exclue, ainsi que la libre circulation de celles-ci dans l&rsquo;int\u00e9r\u00eat public en coh\u00e9rence avec le droit \u00e0 la transparence.<\/p>\n<p>La soci\u00e9t\u00e9 FI.DAL. STAMPI S.R.L. garantit aux int\u00e9ress\u00e9s la possibilit\u00e9 d&rsquo;interagir avec son portail afin de b\u00e9n\u00e9ficier librement des services demand\u00e9s, tels que l&rsquo;envoi de newsletters ou d&rsquo;informations pour lesquelles l&rsquo;int\u00e9ress\u00e9 a consciemment exprim\u00e9 son consentement au traitement. Les donn\u00e9es personnelles trait\u00e9es &#8211; \u00e9ventuellement collect\u00e9es ou fournies dans les formes appropri\u00e9es par l&rsquo;internaute &#8211; et toute autre information pertinente, sont accessibles \u00e0 l&rsquo;adresse www.stampifidal.it correspondant au site officiel de FI.DAL. STAMPI S.R.L.<\/p>\n<p>Avec cet avis d&rsquo;information, la FI.DAL. STAMPI S.R.L. s.r.l., en plus de d\u00e9crire comment utiliser librement le site, entend informer les utilisateurs et les surfeurs sur le traitement des donn\u00e9es personnelles et sur les garanties relatives reconnues par la loi, conform\u00e9ment \u00e0 l&rsquo;art. 13 du \u00ab\u00a0R\u00e8glement\u00a0\u00bb susmentionn\u00e9. Cette information est donn\u00e9e exclusivement pour les donn\u00e9es personnelles contenues ou acquises lors de l&rsquo;utilisation du site FI.DAL. STAMPI S.R.L. et non pour d&rsquo;autres sites web (dont FI.DAL. STAMPI S.R.L. n&rsquo;est pas responsable ou copropri\u00e9taire) qui peuvent \u00eatre consult\u00e9s par l&rsquo;utilisateur par le biais de liens.<\/p>\n<p>Responsable du traitement des donn\u00e9es<\/p>\n<p>Le responsable du traitement des donn\u00e9es personnelles est FI.DAL. STAMPI S.R.L. en la personne de son Repr\u00e9sentant l\u00e9gal pro tempore, domicili\u00e9 \u00e0 cet effet au si\u00e8ge de la soci\u00e9t\u00e9, actuellement le nom du Responsable du traitement est M. Filippozzi Paolo, joignable \u00e0 cette adresse : Via Europa Z.I. &#8211; 36053 Gambellara (VI) &#8211; T\u00e9l\u00e9phone : +39 0444\/649899 &#8211; Courriel : amministrazione@stampifidal.it<\/p>\n<p>Finalit\u00e9 du traitement et base juridique<\/p>\n<p>Les donn\u00e9es personnelles seront trait\u00e9es conform\u00e9ment aux services offerts par FI.DAL. STAMPI S.R.L. par le biais de son portail afin de garantir la fourniture de biens et de services relatifs \u00e0 l&rsquo;objet du statut de la soci\u00e9t\u00e9 ainsi que pour permettre l&rsquo;activit\u00e9 commerciale de marketing direct (activit\u00e9 pour laquelle la soci\u00e9t\u00e9 dispose d&rsquo;un Registre appropri\u00e9 du traitement contenant les cat\u00e9gories de sujets auxquels les donn\u00e9es personnelles se r\u00e9f\u00e8rent. Dans le cadre de ces finalit\u00e9s, le traitement concerne \u00e9galement les donn\u00e9es relatives aux inscriptions au portail n\u00e9cessaires \u00e0 la gestion des relations avec FI.DAL. STAMPI S.R.L. ainsi que pour permettre une communication institutionnelle efficace et pour remplir d&rsquo;\u00e9ventuelles obligations l\u00e9gales, r\u00e9glementaires ou contractuelles.<\/p>\n<p>Lieu et modalit\u00e9s du traitement<\/p>\n<p>Les donn\u00e9es sont trait\u00e9es exclusivement sur le territoire italien par du personnel instruit, form\u00e9 et habilit\u00e9 au traitement licite des donn\u00e9es selon les principes de correction, de lic\u00e9it\u00e9, de transparence, de pertinence et de non-d\u00e9passement des finalit\u00e9s de la collecte et du traitement ult\u00e9rieur. Le traitement des donn\u00e9es relatives aux services offerts par le site Internet de FI.DAL. STAMPI S.R.L. est trait\u00e9 pendant le temps strictement n\u00e9cessaire pour atteindre les objectifs fix\u00e9s par l&rsquo;utilisateur lui-m\u00eame, auquel sont r\u00e9serv\u00e9es toutes les mesures minimales de s\u00e9curit\u00e9 (et de confidentialit\u00e9) visant \u00e0 pr\u00e9venir la perte des donn\u00e9es, l&rsquo;utilisation illicite ou incorrecte ou l&rsquo;acc\u00e8s non autoris\u00e9. Les donn\u00e9es personnelles fournies par les utilisateurs qui s&rsquo;enregistrent ou utilisent les services de FI.DAL. STAMPI S.R.L. &#8211; comme le nom, le pr\u00e9nom, l&rsquo;adresse \u00e9lectronique, le num\u00e9ro de t\u00e9l\u00e9phone, l&rsquo;entreprise et le site web &#8211; pourront \u00eatre utilis\u00e9es pour d&rsquo;autres traitements dans des conditions compatibles avec les finalit\u00e9s de la collecte comme, par exemple, l&rsquo;envoi, par courrier \u00e9lectronique, de communications coh\u00e9rentes avec le service offert et demand\u00e9. Les donn\u00e9es personnelles des utilisateurs qui demandent des documents ou du mat\u00e9riel d&rsquo;information (bulletins d&rsquo;information, r\u00e9ponses \u00e0 des questions, actes et mesures, etc.) ne sont utilis\u00e9es que pour ex\u00e9cuter le service ou la prestation demand\u00e9e et ne sont ni c\u00e9d\u00e9es ni diffus\u00e9es. Aucun traitement automatis\u00e9 ou processus d\u00e9cisionnel n&rsquo;est utilis\u00e9 ou ne vise \u00e0 \u00e9tablir le profil de l&rsquo;utilisateur du site institutionnel de FI.DAL. STAMPI S.R.L.<\/p>\n<p>Type de donn\u00e9es trait\u00e9es et destinataires<\/p>\n<p>Les cat\u00e9gories de donn\u00e9es trait\u00e9es ainsi que les cat\u00e9gories de destinataires auxquels les donn\u00e9es se r\u00e9f\u00e8rent sont \u00e9num\u00e9r\u00e9es dans le registre du traitement des donn\u00e9es disponible sur le site FI.DAL. STAMPI S.R.L.<\/p>\n<p>P\u00e9riode de conservation<\/p>\n<p>Les donn\u00e9es seront conserv\u00e9es pendant une p\u00e9riode n&rsquo;exc\u00e9dant pas la r\u00e9alisation des finalit\u00e9s indiqu\u00e9es ci-dessus (\u00ab\u00a0principe de limitation de la conservation\u00a0\u00bb, art. 5 du r\u00e8glement de l&rsquo;UE) ou selon les d\u00e9lais pr\u00e9vus par la loi.<\/p>\n<p>Transfert de donn\u00e9es \u00e0 l&rsquo;\u00e9tranger<\/p>\n<p>Les donn\u00e9es ne sont pas transf\u00e9r\u00e9es<\/p>\n<p>&nbsp;<\/p>\n<p>DROITS DE LA PERSONNE CONCERN\u00c9E<\/p>\n<p>Les droits de la personne concern\u00e9e (cf. articles 15\u00f721 du r\u00e8glement de l&rsquo;UE) peuvent \u00eatre exerc\u00e9s \u00e0 tout moment et se r\u00e9sument au droit<\/p>\n<p>d&rsquo;obtenir la confirmation que des donn\u00e9es \u00e0 caract\u00e8re personnel le concernant sont ou ne sont pas trait\u00e9es, ainsi que l&rsquo;acc\u00e8s \u00e0 ces donn\u00e9es ;<br \/>\nd&rsquo;obtenir la rectification des donn\u00e9es dans un d\u00e9lai raisonnable, y compris l&rsquo;int\u00e9gration des donn\u00e9es<br \/>\nd&rsquo;obtenir l&rsquo;effacement des donn\u00e9es<br \/>\nd&rsquo;obtenir la limitation du traitement et la communication de toute r\u00e9vocation de celui-ci ;<br \/>\nla portabilit\u00e9 des donn\u00e9es<br \/>\nd&rsquo;introduire une r\u00e9clamation aupr\u00e8s d&rsquo;une autorit\u00e9 de contr\u00f4le.<br \/>\nCe qui pr\u00e9c\u00e8de est sans pr\u00e9judice de l&rsquo;existence de motifs l\u00e9gitimes de la part du responsable du traitement.<\/p>\n<p>&nbsp;<\/p>\n<h2>INFORMATIONS SUR L&rsquo;UTILISATION DES COOKIES<\/h2>\n<p>Le site Internet, pour un meilleur fonctionnement et pour assurer les services fournis par des tiers, utilise des cookies \u00e9mis par le PROPRI\u00c9TAIRE ou par des tiers.<\/p>\n<p>Cookies \u00e9mis par le PROPRI\u00c9TAIRE<\/p>\n<p>Les cookies \u00e9mis par le PROPRI\u00c9TAIRE en naviguant sur ce site sont \u00ab\u00a0techniques\u00a0\u00bb et sont ceux utilis\u00e9s dans le seul but de \u00ab\u00a0r\u00e9aliser la transmission d&rsquo;une communication sur un r\u00e9seau de communication \u00e9lectronique, ou dans la mesure strictement n\u00e9cessaire au prestataire d&rsquo;un service de la soci\u00e9t\u00e9 de l&rsquo;information explicitement demand\u00e9 par l&rsquo;abonn\u00e9 ou l&rsquo;utilisateur pour fournir ce service\u00a0\u00bb (voir l&rsquo;article 122, paragraphe 1 du Code). Ils ne sont pas utilis\u00e9s \u00e0 d&rsquo;autres fins et sont install\u00e9s dans le cadre d&rsquo;une navigation normale sur nos pages. Ils peuvent \u00eatre subdivis\u00e9s en cookies de navigation ou de session, qui garantissent une navigation et une utilisation normales du site (permettant d&rsquo;effectuer un achat ou de s&rsquo;authentifier pour acc\u00e9der \u00e0 des zones r\u00e9serv\u00e9es) ; cookies de fonctionnalit\u00e9, qui permettent \u00e0 l&rsquo;utilisateur de naviguer en fonction d&rsquo;une s\u00e9rie de crit\u00e8res s\u00e9lectionn\u00e9s (par exemple, la langue, les produits s\u00e9lectionn\u00e9s pour l&rsquo;achat, etc. Le consentement pr\u00e9alable de l&rsquo;utilisateur n&rsquo;est pas requis pour l&rsquo;installation de ces cookies, mais l&rsquo;obligation de fournir cette information conform\u00e9ment \u00e0 l&rsquo;article 13 du Code reste en vigueur. Ce site n&rsquo;utilise pas de cookies de tiers \u00e0 des fins techniques, d&rsquo;analyse ou de profilage et de publicit\u00e9.<\/p>\n<p>Cookies de tiers \u00e0 des fins statistiques ou techniques<\/p>\n<p>Au cours de la navigation sur le site, l&rsquo;utilisateur peut \u00e9galement recevoir sur son terminal diff\u00e9rents cookies de fournisseurs (appel\u00e9s cookies de \u00ab\u00a0tiers\u00a0\u00bb) ; cela se produit parce que sur le site visit\u00e9, il peut y avoir des \u00e9l\u00e9ments qui r\u00e9sident sur des serveurs autres que celui sur lequel se trouve la page demand\u00e9e. Le PROPRI\u00c9TAIRE utilise des cookies de tiers uniquement \u00e0 des fins techniques, par exemple des cookies \u00e9mis pour analyser statistiquement les acc\u00e8s\/visites sur le site (cookies \u00ab\u00a0analytiques\u00a0\u00bb) ou pour permettre l&rsquo;utilisation de parties de code \u00e9mises par des tiers, qui garantissent une meilleure utilisation du service (authentification, pages d&rsquo;administration, etc.).<\/p>\n<p>Les cookies de tiers utilis\u00e9s sur ce site et les m\u00e9thodes de gestion de l&rsquo;opt-out (d\u00e9sactivation) sont d\u00e9crits ci-dessous :<\/p>\n<p>&#8211; Google Analytics : service d&rsquo;analyse du trafic Internet fourni par Google, Inc. (\u00ab\u00a0Google\u00a0\u00bb).<\/p>\n<p>Ces cookies sont utilis\u00e9s dans le seul but de contr\u00f4ler et d&rsquo;am\u00e9liorer les performances du site. Pour plus d&rsquo;informations, veuillez consulter le lien suivant : https:\/\/www.google.it\/policies\/privacy\/partners\/.<\/p>\n<p>L&rsquo;utilisateur peut d\u00e9sactiver de mani\u00e8re s\u00e9lective l&rsquo;action de Google Analytics en installant sur son navigateur le composant de d\u00e9sactivation fourni par Google.<\/p>\n<p>Pour d\u00e9sactiver l&rsquo;action de Google Analytics, veuillez vous r\u00e9f\u00e9rer au lien ci-dessous : https:\/\/tools.google.com\/dlpage\/gaoptout<\/p>\n<p>Ce site n&rsquo;utilise pas ses propres cookies ou ceux de tiers \u00e0 des fins de profilage et de publicit\u00e9.<\/p>\n<p>Traduit avec www.DeepL.com\/Translator (version gratuite)<\/p>\n","protected":false},"excerpt":{"rendered":"<p>INFORMATIONS SUR LE TRAITEMENT DES DONN\u00c9ES PERSONNELLES (CONFORM\u00c9MENT AUX ARTICLES 13 ET 14 DU R\u00c8GLEMENT EUROP\u00c9EN N\u00b0 679\/16) Le site [&hellip;]<\/p>\n","protected":false},"author":29,"featured_media":0,"parent":0,"menu_order":0,"comment_status":"closed","ping_status":"closed","template":"","meta":{"_acf_changed":false,"_monsterinsights_skip_tracking":false,"_monsterinsights_sitenote_active":false,"_monsterinsights_sitenote_note":"","_monsterinsights_sitenote_category":0,"footnotes":""},"acf":[],"yoast_head":"<!-- This site is optimized with the Yoast SEO plugin v23.1 - https:\/\/yoast.com\/wordpress\/plugins\/seo\/ -->\n<title>Privacy Policy - FI.DAL. Stampi<\/title>\n<meta name=\"robots\" content=\"index, follow, max-snippet:-1, max-image-preview:large, max-video-preview:-1\" \/>\n<link rel=\"canonical\" href=\"https:\/\/www.stampifidal.it\/fr\/privacy-policy\/\" \/>\n<meta property=\"og:locale\" content=\"fr_FR\" \/>\n<meta property=\"og:type\" content=\"article\" \/>\n<meta property=\"og:title\" content=\"Privacy Policy - FI.DAL. Stampi\" \/>\n<meta property=\"og:description\" content=\"INFORMATIONS SUR LE TRAITEMENT DES DONN\u00c9ES PERSONNELLES (CONFORM\u00c9MENT AUX ARTICLES 13 ET 14 DU R\u00c8GLEMENT EUROP\u00c9EN N\u00b0 679\/16) Le site [&hellip;]\" \/>\n<meta property=\"og:url\" content=\"https:\/\/www.stampifidal.it\/fr\/privacy-policy\/\" \/>\n<meta property=\"og:site_name\" content=\"FI.DAL. Stampi\" \/>\n<meta property=\"article:publisher\" content=\"https:\/\/www.facebook.com\/fidalstampi\" \/>\n<meta property=\"article:modified_time\" content=\"2023-09-04T13:48:57+00:00\" \/>\n<meta property=\"og:image\" content=\"https:\/\/www.stampifidal.it\/wp-content\/uploads\/2023\/04\/fidal-stampi-logo-seo.jpg\" \/>\n\t<meta property=\"og:image:width\" content=\"1200\" \/>\n\t<meta property=\"og:image:height\" content=\"675\" \/>\n\t<meta property=\"og:image:type\" content=\"image\/jpeg\" \/>\n<meta name=\"twitter:card\" content=\"summary_large_image\" \/>\n<meta name=\"twitter:label1\" content=\"Dur\u00e9e de lecture estim\u00e9e\" \/>\n\t<meta name=\"twitter:data1\" content=\"7 minutes\" \/>\n<script type=\"application\/ld+json\" class=\"yoast-schema-graph\">{\"@context\":\"https:\/\/schema.org\",\"@graph\":[{\"@type\":\"WebPage\",\"@id\":\"https:\/\/www.stampifidal.it\/fr\/privacy-policy\/\",\"url\":\"https:\/\/www.stampifidal.it\/fr\/privacy-policy\/\",\"name\":\"Privacy Policy - FI.DAL. Stampi\",\"isPartOf\":{\"@id\":\"https:\/\/www.stampifidal.it\/fr\/#website\"},\"datePublished\":\"2020-02-26T13:39:27+00:00\",\"dateModified\":\"2023-09-04T13:48:57+00:00\",\"breadcrumb\":{\"@id\":\"https:\/\/www.stampifidal.it\/fr\/privacy-policy\/#breadcrumb\"},\"inLanguage\":\"fr-FR\",\"potentialAction\":[{\"@type\":\"ReadAction\",\"target\":[\"https:\/\/www.stampifidal.it\/fr\/privacy-policy\/\"]}]},{\"@type\":\"BreadcrumbList\",\"@id\":\"https:\/\/www.stampifidal.it\/fr\/privacy-policy\/#breadcrumb\",\"itemListElement\":[{\"@type\":\"ListItem\",\"position\":1,\"name\":\"Home\",\"item\":\"https:\/\/www.stampifidal.it\/fr\/homepage\/\"},{\"@type\":\"ListItem\",\"position\":2,\"name\":\"Privacy Policy\"}]},{\"@type\":\"WebSite\",\"@id\":\"https:\/\/www.stampifidal.it\/fr\/#website\",\"url\":\"https:\/\/www.stampifidal.it\/fr\/\",\"name\":\"FI.DAL. Stampi\",\"description\":\"Progettazione e costruzione stampi per materie plastiche\",\"publisher\":{\"@id\":\"https:\/\/www.stampifidal.it\/fr\/#organization\"},\"potentialAction\":[{\"@type\":\"SearchAction\",\"target\":{\"@type\":\"EntryPoint\",\"urlTemplate\":\"https:\/\/www.stampifidal.it\/fr\/?s={search_term_string}\"},\"query-input\":\"required name=search_term_string\"}],\"inLanguage\":\"fr-FR\"},{\"@type\":\"Organization\",\"@id\":\"https:\/\/www.stampifidal.it\/fr\/#organization\",\"name\":\"FI.DAL. Stampi\",\"url\":\"https:\/\/www.stampifidal.it\/fr\/\",\"logo\":{\"@type\":\"ImageObject\",\"inLanguage\":\"fr-FR\",\"@id\":\"https:\/\/www.stampifidal.it\/fr\/#\/schema\/logo\/image\/\",\"url\":\"https:\/\/www.stampifidal.it\/wp-content\/uploads\/2023\/04\/logo-fidal-stampi-quadrato.jpg\",\"contentUrl\":\"https:\/\/www.stampifidal.it\/wp-content\/uploads\/2023\/04\/logo-fidal-stampi-quadrato.jpg\",\"width\":700,\"height\":700,\"caption\":\"FI.DAL. Stampi\"},\"image\":{\"@id\":\"https:\/\/www.stampifidal.it\/fr\/#\/schema\/logo\/image\/\"},\"sameAs\":[\"https:\/\/www.facebook.com\/fidalstampi\",\"https:\/\/www.instagram.com\/fidalstampi\/\",\"https:\/\/www.linkedin.com\/company\/fi-dal-stampi\/about\/?viewAsMember=true\"]}]}<\/script>\n<!-- \/ Yoast SEO plugin. -->","yoast_head_json":{"title":"Privacy Policy - FI.DAL. Stampi","robots":{"index":"index","follow":"follow","max-snippet":"max-snippet:-1","max-image-preview":"max-image-preview:large","max-video-preview":"max-video-preview:-1"},"canonical":"https:\/\/www.stampifidal.it\/fr\/privacy-policy\/","og_locale":"fr_FR","og_type":"article","og_title":"Privacy Policy - FI.DAL. Stampi","og_description":"INFORMATIONS SUR LE TRAITEMENT DES DONN\u00c9ES PERSONNELLES (CONFORM\u00c9MENT AUX ARTICLES 13 ET 14 DU R\u00c8GLEMENT EUROP\u00c9EN N\u00b0 679\/16) Le site [&hellip;]","og_url":"https:\/\/www.stampifidal.it\/fr\/privacy-policy\/","og_site_name":"FI.DAL. Stampi","article_publisher":"https:\/\/www.facebook.com\/fidalstampi","article_modified_time":"2023-09-04T13:48:57+00:00","og_image":[{"width":1200,"height":675,"url":"https:\/\/www.stampifidal.it\/wp-content\/uploads\/2023\/04\/fidal-stampi-logo-seo.jpg","type":"image\/jpeg"}],"twitter_card":"summary_large_image","twitter_misc":{"Dur\u00e9e de lecture estim\u00e9e":"7 minutes"},"schema":{"@context":"https:\/\/schema.org","@graph":[{"@type":"WebPage","@id":"https:\/\/www.stampifidal.it\/fr\/privacy-policy\/","url":"https:\/\/www.stampifidal.it\/fr\/privacy-policy\/","name":"Privacy Policy - FI.DAL. Stampi","isPartOf":{"@id":"https:\/\/www.stampifidal.it\/fr\/#website"},"datePublished":"2020-02-26T13:39:27+00:00","dateModified":"2023-09-04T13:48:57+00:00","breadcrumb":{"@id":"https:\/\/www.stampifidal.it\/fr\/privacy-policy\/#breadcrumb"},"inLanguage":"fr-FR","potentialAction":[{"@type":"ReadAction","target":["https:\/\/www.stampifidal.it\/fr\/privacy-policy\/"]}]},{"@type":"BreadcrumbList","@id":"https:\/\/www.stampifidal.it\/fr\/privacy-policy\/#breadcrumb","itemListElement":[{"@type":"ListItem","position":1,"name":"Home","item":"https:\/\/www.stampifidal.it\/fr\/homepage\/"},{"@type":"ListItem","position":2,"name":"Privacy Policy"}]},{"@type":"WebSite","@id":"https:\/\/www.stampifidal.it\/fr\/#website","url":"https:\/\/www.stampifidal.it\/fr\/","name":"FI.DAL. Stampi","description":"Progettazione e costruzione stampi per materie plastiche","publisher":{"@id":"https:\/\/www.stampifidal.it\/fr\/#organization"},"potentialAction":[{"@type":"SearchAction","target":{"@type":"EntryPoint","urlTemplate":"https:\/\/www.stampifidal.it\/fr\/?s={search_term_string}"},"query-input":"required name=search_term_string"}],"inLanguage":"fr-FR"},{"@type":"Organization","@id":"https:\/\/www.stampifidal.it\/fr\/#organization","name":"FI.DAL. Stampi","url":"https:\/\/www.stampifidal.it\/fr\/","logo":{"@type":"ImageObject","inLanguage":"fr-FR","@id":"https:\/\/www.stampifidal.it\/fr\/#\/schema\/logo\/image\/","url":"https:\/\/www.stampifidal.it\/wp-content\/uploads\/2023\/04\/logo-fidal-stampi-quadrato.jpg","contentUrl":"https:\/\/www.stampifidal.it\/wp-content\/uploads\/2023\/04\/logo-fidal-stampi-quadrato.jpg","width":700,"height":700,"caption":"FI.DAL. Stampi"},"image":{"@id":"https:\/\/www.stampifidal.it\/fr\/#\/schema\/logo\/image\/"},"sameAs":["https:\/\/www.facebook.com\/fidalstampi","https:\/\/www.instagram.com\/fidalstampi\/","https:\/\/www.linkedin.com\/company\/fi-dal-stampi\/about\/?viewAsMember=true"]}]}},"_links":{"self":[{"href":"https:\/\/www.stampifidal.it\/fr\/wp-json\/wp\/v2\/pages\/1982"}],"collection":[{"href":"https:\/\/www.stampifidal.it\/fr\/wp-json\/wp\/v2\/pages"}],"about":[{"href":"https:\/\/www.stampifidal.it\/fr\/wp-json\/wp\/v2\/types\/page"}],"author":[{"embeddable":true,"href":"https:\/\/www.stampifidal.it\/fr\/wp-json\/wp\/v2\/users\/29"}],"replies":[{"embeddable":true,"href":"https:\/\/www.stampifidal.it\/fr\/wp-json\/wp\/v2\/comments?post=1982"}],"version-history":[{"count":2,"href":"https:\/\/www.stampifidal.it\/fr\/wp-json\/wp\/v2\/pages\/1982\/revisions"}],"predecessor-version":[{"id":1988,"href":"https:\/\/www.stampifidal.it\/fr\/wp-json\/wp\/v2\/pages\/1982\/revisions\/1988"}],"wp:attachment":[{"href":"https:\/\/www.stampifidal.it\/fr\/wp-json\/wp\/v2\/media?parent=1982"}],"curies":[{"name":"wp","href":"https:\/\/api.w.org\/{rel}","templated":true}]}}