{"id":1949,"date":"2023-03-20T12:59:32","date_gmt":"2023-03-20T11:59:32","guid":{"rendered":"https:\/\/www.stampifidal.it\/un-mondo-di-plastica\/"},"modified":"2023-08-31T17:59:47","modified_gmt":"2023-08-31T15:59:47","slug":"un-mondo-di-plastica","status":"publish","type":"page","link":"https:\/\/www.stampifidal.it\/fr\/un-mondo-di-plastica\/","title":{"rendered":"Un monde de plastique"},"content":{"rendered":"<div class=\"wpb-content-wrapper\"><p>[vc_row row_height_percent=\u00a0\u00bb0&Prime; back_image=\u00a0\u00bb852&Prime; back_repeat=\u00a0\u00bbno-repeat\u00a0\u00bb back_position=\u00a0\u00bbcenter top\u00a0\u00bb overlay_alpha=\u00a0\u00bb50&Prime; gutter_size=\u00a0\u00bb3&Prime; column_width_percent=\u00a0\u00bb100&Prime; shift_y=\u00a0\u00bb0&Prime; z_index=\u00a0\u00bb0&Prime; bottom_divider=\u00a0\u00bbstep_2_3&Prime; auto_height_device=\u00a0\u00bbyes\u00a0\u00bb uncode_shortcode_id=\u00a0\u00bb534880&Prime; row_height_pixel=\u00a0\u00bb800px\u00a0\u00bb][vc_column column_width_percent=\u00a0\u00bb100&Prime; position_vertical=\u00a0\u00bbmiddle\u00a0\u00bb gutter_size=\u00a0\u00bb3&Prime; overlay_alpha=\u00a0\u00bb50&Prime; shift_x=\u00a0\u00bb0&Prime; shift_y=\u00a0\u00bb0&Prime; shift_y_down=\u00a0\u00bb0&Prime; z_index=\u00a0\u00bb0&Prime; medium_width=\u00a0\u00bb0&Prime; mobile_width=\u00a0\u00bb0&Prime; width=\u00a0\u00bb1\/1&Prime; uncode_shortcode_id=\u00a0\u00bb141022&Prime;][vc_row_inner][vc_column_inner width=\u00a0\u00bb1\/2&Prime;][\/vc_column_inner][vc_column_inner column_width_percent=\u00a0\u00bb100&Prime; position_vertical=\u00a0\u00bbmiddle\u00a0\u00bb gutter_size=\u00a0\u00bb3&Prime; overlay_alpha=\u00a0\u00bb50&Prime; shift_x=\u00a0\u00bb0&Prime; shift_y=\u00a0\u00bb0&Prime; shift_y_down=\u00a0\u00bb0&Prime; z_index=\u00a0\u00bb0&Prime; medium_width=\u00a0\u00bb0&Prime; mobile_width=\u00a0\u00bb0&Prime; width=\u00a0\u00bb1\/2&Prime; uncode_shortcode_id=\u00a0\u00bb187865&Prime;][vc_empty_space empty_h=\u00a0\u00bb2&Prime; desktop_visibility=\u00a0\u00bbyes\u00a0\u00bb medium_visibility=\u00a0\u00bbyes\u00a0\u00bb][vc_custom_heading heading_semantic=\u00a0\u00bbh1&Prime; text_size=\u00a0\u00bbh1&Prime; text_transform=\u00a0\u00bbuppercase\u00a0\u00bb uncode_shortcode_id=\u00a0\u00bb657588&Prime; el_class=\u00a0\u00bboutline_text_light\u00a0\u00bb]Un monde de plastique[\/vc_custom_heading][vc_empty_space empty_h=\u00a0\u00bb2&Prime; desktop_visibility=\u00a0\u00bbyes\u00a0\u00bb medium_visibility=\u00a0\u00bbyes\u00a0\u00bb][\/vc_column_inner][\/vc_row_inner][\/vc_column][\/vc_row][vc_row row_height_percent=\u00a0\u00bb0&Prime; override_padding=\u00a0\u00bbyes\u00a0\u00bb h_padding=\u00a0\u00bb2&Prime; top_padding=\u00a0\u00bb4&Prime; bottom_padding=\u00a0\u00bb3&Prime; overlay_alpha=\u00a0\u00bb50&Prime; gutter_size=\u00a0\u00bb3&Prime; column_width_percent=\u00a0\u00bb100&Prime; shift_y=\u00a0\u00bb0&Prime; z_index=\u00a0\u00bb0&Prime; uncode_shortcode_id=\u00a0\u00bb114263&Prime;][vc_column width=\u00a0\u00bb1\/1&Prime;][vc_row_inner][vc_column_inner width=\u00a0\u00bb1\/2&Prime;][vc_column_text uncode_shortcode_id=\u00a0\u00bb825944&Prime;]Nous vivons dans un monde qui nous entoure de plastique.<\/p>\n<p>Les t\u00e9l\u00e9phones, les \u00e9quipements m\u00e9dicaux, les appareils m\u00e9nagers, les pi\u00e8ces de design, les int\u00e9rieurs de voiture et la plupart des objets que nous utilisons tous les jours ont des composants en plastique&#8230; et nous ne nous en rendons m\u00eame pas compte !<\/p>\n<p>Le plastique est un mat\u00e9riau aux nombreuses propri\u00e9t\u00e9s : imperm\u00e9abilit\u00e9 aux liquides et aux gaz, solidit\u00e9 \u00e0 temp\u00e9rature ambiante, excellente isolation \u00e9lectrique, thermique et acoustique, r\u00e9sistance \u00e0 l&rsquo;action du temps, etc. Pour ces raisons, c&rsquo;est l&rsquo;un des mat\u00e9riaux les plus polyvalents, les plus r\u00e9sistants et les plus durables, qui permet d&rsquo;obtenir les g\u00e9om\u00e9tries les plus vari\u00e9es.<\/p>\n<p>Un autre concept important est que les plastiques sont des polym\u00e8res.<\/p>\n<p><em>\u00ab\u00a0On se souviendra de nous comme de l&rsquo;\u00e8re des polym\u00e8res\u00a0\u00bb<\/em>,<br \/>\nPaul John Flory, prix Nobel de chimie en 1974.<\/p>\n<p>Nous voici donc, apr\u00e8s l&rsquo;\u00e2ge de la pierre, du fer et du bronze, \u00e0 l&rsquo;<strong>\u00e2ge des polym\u00e8res<\/strong> ![\/vc_column_text][\/vc_column_inner][vc_column_inner column_width_percent=\u00a0\u00bb100&Prime; position_vertical=\u00a0\u00bbbottom\u00a0\u00bb gutter_size=\u00a0\u00bb3&Prime; overlay_alpha=\u00a0\u00bb50&Prime; shift_x=\u00a0\u00bb0&Prime; shift_y=\u00a0\u00bb0&Prime; shift_y_down=\u00a0\u00bb0&Prime; z_index=\u00a0\u00bb0&Prime; medium_width=\u00a0\u00bb0&Prime; mobile_width=\u00a0\u00bb0&Prime; width=\u00a0\u00bb1\/2&Prime; uncode_shortcode_id=\u00a0\u00bb319192&Prime;][vc_column_text uncode_shortcode_id=\u00a0\u00bb112683&Prime;]Tout type d&rsquo;objet en plastique, pour exister, a besoin d&rsquo;un <strong>moule<\/strong>. C&rsquo;est pourquoi chaque moule est unique et doit \u00eatre \u00e9tudi\u00e9 dans les moindres d\u00e9tails pour garantir les attentes souhait\u00e9es.<\/p>\n<p>Au sein du d\u00e9partement technique, chaque moule prend forme gr\u00e2ce \u00e0 nos programmeurs, qui ont atteint un niveau d&rsquo;exp\u00e9rience garantissant la r\u00e9alisation du projet de la mani\u00e8re la moins complexe possible, notamment pour obtenir une vitesse de moulage plus \u00e9lev\u00e9e pendant la production.<\/p>\n<p>Nous avons investi dans la formation et le d\u00e9veloppement de nos op\u00e9rateurs, ce qui nous permet de disposer d&rsquo;une \u00e9quipe qui travaille avec pr\u00e9cision et fiabilit\u00e9 et qui est motiv\u00e9e pour obtenir un meilleur produit fini.<\/p>\n<p>Nous nous sommes impos\u00e9s sur le march\u00e9 en consolidant des relations de travail durables avec la plupart de nos clients, en gagnant la confiance de certaines des entreprises les plus importantes dans leur domaine.[\/vc_column_text][\/vc_column_inner][\/vc_row_inner][vc_empty_space empty_h=\u00a0\u00bb3&Prime;][\/vc_column][\/vc_row][vc_row unlock_row_content=\u00a0\u00bbyes\u00a0\u00bb row_height_percent=\u00a0\u00bb0&Prime; override_padding=\u00a0\u00bbyes\u00a0\u00bb h_padding=\u00a0\u00bb2&Prime; top_padding=\u00a0\u00bb2&Prime; bottom_padding=\u00a0\u00bb2&Prime; back_image=\u00a0\u00bb911&Prime; back_repeat=\u00a0\u00bbno-repeat\u00a0\u00bb back_position=\u00a0\u00bbcenter center\u00a0\u00bb parallax=\u00a0\u00bbyes\u00a0\u00bb overlay_alpha=\u00a0\u00bb50&Prime; gutter_size=\u00a0\u00bb3&Prime; column_width_percent=\u00a0\u00bb100&Prime; shift_y=\u00a0\u00bb0&Prime; z_index=\u00a0\u00bb0&Prime; uncode_shortcode_id=\u00a0\u00bb132843&Prime; row_height_pixel=\u00a0\u00bb350&Prime;][vc_column width=\u00a0\u00bb1\/1&Prime;][\/vc_column][\/vc_row][vc_row row_height_percent=\u00a0\u00bb0&Prime; override_padding=\u00a0\u00bbyes\u00a0\u00bb h_padding=\u00a0\u00bb2&Prime; top_padding=\u00a0\u00bb4&Prime; bottom_padding=\u00a0\u00bb3&Prime; overlay_alpha=\u00a0\u00bb50&Prime; gutter_size=\u00a0\u00bb3&Prime; column_width_percent=\u00a0\u00bb100&Prime; shift_y=\u00a0\u00bb0&Prime; z_index=\u00a0\u00bb0&Prime; uncode_shortcode_id=\u00a0\u00bb475852&Prime;][vc_column width=\u00a0\u00bb1\/1&Prime;][vc_row_inner][vc_column_inner width=\u00a0\u00bb1\/4&Prime;][\/vc_column_inner][vc_column_inner column_width_percent=\u00a0\u00bb100&Prime; position_vertical=\u00a0\u00bbbottom\u00a0\u00bb gutter_size=\u00a0\u00bb3&Prime; overlay_alpha=\u00a0\u00bb50&Prime; shift_x=\u00a0\u00bb0&Prime; shift_y=\u00a0\u00bb0&Prime; shift_y_down=\u00a0\u00bb0&Prime; z_index=\u00a0\u00bb0&Prime; medium_width=\u00a0\u00bb0&Prime; mobile_width=\u00a0\u00bb0&Prime; width=\u00a0\u00bb1\/2&Prime; uncode_shortcode_id=\u00a0\u00bb319192&Prime;][vc_column_text uncode_shortcode_id=\u00a0\u00bb394145&Prime;]Le plastique que nous contribuons \u00e0 cr\u00e9er par le biais de moules, qui est durable et utile dans divers secteurs, ne doit pas \u00eatre confondu avec le plastique \u00ab\u00a0jetable\u00a0\u00bb qui a gravement nui \u00e0 notre existence au cours des derni\u00e8res d\u00e9cennies en raison d&rsquo;un comportement incivil et irresponsable.<\/p>\n<p>FI.DAL. Stampi est tr\u00e8s attentif au <strong>bien-\u00eatre de la plan\u00e8te<\/strong> et s&rsquo;implique activement dans l&rsquo;\u00e9limination des <strong>d\u00e9chets<\/strong> et dans la <strong>sensibilisation<\/strong> \u00e0 l&rsquo;utilisation \u00e9conome du plastique \u00ab\u00a0jetable\u00a0\u00bb et \u00e0 sa collecte correcte afin de promouvoir son recyclage. Ensemble, nous pouvons parvenir \u00e0 un monde propre avec beaucoup d&rsquo;articles en plastique, qui sont essentiels pour faciliter notre vie dans tous les domaines.[\/vc_column_text][\/vc_column_inner][vc_column_inner width=\u00a0\u00bb1\/4&Prime;][\/vc_column_inner][\/vc_row_inner][vc_empty_space empty_h=\u00a0\u00bb3&Prime;][\/vc_column][\/vc_row]<\/p>\n<\/div>","protected":false},"excerpt":{"rendered":"<p>[vc_row row_height_percent=\u00a0\u00bb0&Prime; back_image=\u00a0\u00bb852&Prime; back_repeat=\u00a0\u00bbno-repeat\u00a0\u00bb back_position=\u00a0\u00bbcenter top\u00a0\u00bb overlay_alpha=\u00a0\u00bb50&Prime; gutter_size=\u00a0\u00bb3&Prime; column_width_percent=\u00a0\u00bb100&Prime; shift_y=\u00a0\u00bb0&Prime; z_index=\u00a0\u00bb0&Prime; bottom_divider=\u00a0\u00bbstep_2_3&Prime; auto_height_device=\u00a0\u00bbyes\u00a0\u00bb uncode_shortcode_id=\u00a0\u00bb534880&Prime; row_height_pixel=\u00a0\u00bb800px\u00a0\u00bb][vc_column column_width_percent=\u00a0\u00bb100&Prime; position_vertical=\u00a0\u00bbmiddle\u00a0\u00bb gutter_size=\u00a0\u00bb3&Prime; overlay_alpha=\u00a0\u00bb50&Prime; shift_x=\u00a0\u00bb0&Prime; [&hellip;]<\/p>\n","protected":false},"author":31,"featured_media":0,"parent":0,"menu_order":0,"comment_status":"closed","ping_status":"closed","template":"","meta":{"_acf_changed":false,"_monsterinsights_skip_tracking":false,"_monsterinsights_sitenote_active":false,"_monsterinsights_sitenote_note":"","_monsterinsights_sitenote_category":0,"footnotes":""},"acf":[],"yoast_head":"<!-- This site is optimized with the Yoast SEO plugin v23.1 - https:\/\/yoast.com\/wordpress\/plugins\/seo\/ -->\n<title>Un monde de plastique - FI.DAL. Stampi<\/title>\n<meta name=\"robots\" content=\"index, follow, max-snippet:-1, max-image-preview:large, max-video-preview:-1\" \/>\n<link rel=\"canonical\" href=\"https:\/\/www.stampifidal.it\/fr\/un-mondo-di-plastica\/\" \/>\n<meta property=\"og:locale\" content=\"fr_FR\" \/>\n<meta property=\"og:type\" content=\"article\" \/>\n<meta property=\"og:title\" content=\"Un monde de plastique - FI.DAL. Stampi\" \/>\n<meta property=\"og:description\" content=\"[vc_row row_height_percent=\u00a0\u00bb0&Prime; back_image=\u00a0\u00bb852&Prime; back_repeat=\u00a0\u00bbno-repeat\u00a0\u00bb back_position=\u00a0\u00bbcenter top\u00a0\u00bb overlay_alpha=\u00a0\u00bb50&Prime; gutter_size=\u00a0\u00bb3&Prime; column_width_percent=\u00a0\u00bb100&Prime; shift_y=\u00a0\u00bb0&Prime; z_index=\u00a0\u00bb0&Prime; bottom_divider=\u00a0\u00bbstep_2_3&Prime; auto_height_device=\u00a0\u00bbyes\u00a0\u00bb uncode_shortcode_id=\u00a0\u00bb534880&Prime; row_height_pixel=\u00a0\u00bb800px\u00a0\u00bb][vc_column column_width_percent=\u00a0\u00bb100&Prime; position_vertical=\u00a0\u00bbmiddle\u00a0\u00bb gutter_size=\u00a0\u00bb3&Prime; overlay_alpha=\u00a0\u00bb50&Prime; shift_x=\u00a0\u00bb0&Prime; [&hellip;]\" \/>\n<meta property=\"og:url\" content=\"https:\/\/www.stampifidal.it\/fr\/un-mondo-di-plastica\/\" \/>\n<meta property=\"og:site_name\" content=\"FI.DAL. Stampi\" \/>\n<meta property=\"article:publisher\" content=\"https:\/\/www.facebook.com\/fidalstampi\" \/>\n<meta property=\"article:modified_time\" content=\"2023-08-31T15:59:47+00:00\" \/>\n<meta property=\"og:image\" content=\"https:\/\/www.stampifidal.it\/wp-content\/uploads\/2023\/04\/fidal-stampi-logo-seo.jpg\" \/>\n\t<meta property=\"og:image:width\" content=\"1200\" \/>\n\t<meta property=\"og:image:height\" content=\"675\" \/>\n\t<meta property=\"og:image:type\" content=\"image\/jpeg\" \/>\n<meta name=\"twitter:card\" content=\"summary_large_image\" \/>\n<meta name=\"twitter:label1\" content=\"Dur\u00e9e de lecture estim\u00e9e\" \/>\n\t<meta name=\"twitter:data1\" content=\"3 minutes\" \/>\n<script type=\"application\/ld+json\" class=\"yoast-schema-graph\">{\"@context\":\"https:\/\/schema.org\",\"@graph\":[{\"@type\":\"WebPage\",\"@id\":\"https:\/\/www.stampifidal.it\/fr\/un-mondo-di-plastica\/\",\"url\":\"https:\/\/www.stampifidal.it\/fr\/un-mondo-di-plastica\/\",\"name\":\"Un monde de plastique - FI.DAL. Stampi\",\"isPartOf\":{\"@id\":\"https:\/\/www.stampifidal.it\/fr\/#website\"},\"datePublished\":\"2023-03-20T11:59:32+00:00\",\"dateModified\":\"2023-08-31T15:59:47+00:00\",\"breadcrumb\":{\"@id\":\"https:\/\/www.stampifidal.it\/fr\/un-mondo-di-plastica\/#breadcrumb\"},\"inLanguage\":\"fr-FR\",\"potentialAction\":[{\"@type\":\"ReadAction\",\"target\":[\"https:\/\/www.stampifidal.it\/fr\/un-mondo-di-plastica\/\"]}]},{\"@type\":\"BreadcrumbList\",\"@id\":\"https:\/\/www.stampifidal.it\/fr\/un-mondo-di-plastica\/#breadcrumb\",\"itemListElement\":[{\"@type\":\"ListItem\",\"position\":1,\"name\":\"Home\",\"item\":\"https:\/\/www.stampifidal.it\/fr\/homepage\/\"},{\"@type\":\"ListItem\",\"position\":2,\"name\":\"Un monde de plastique\"}]},{\"@type\":\"WebSite\",\"@id\":\"https:\/\/www.stampifidal.it\/fr\/#website\",\"url\":\"https:\/\/www.stampifidal.it\/fr\/\",\"name\":\"FI.DAL. Stampi\",\"description\":\"Progettazione e costruzione stampi per materie plastiche\",\"publisher\":{\"@id\":\"https:\/\/www.stampifidal.it\/fr\/#organization\"},\"potentialAction\":[{\"@type\":\"SearchAction\",\"target\":{\"@type\":\"EntryPoint\",\"urlTemplate\":\"https:\/\/www.stampifidal.it\/fr\/?s={search_term_string}\"},\"query-input\":\"required name=search_term_string\"}],\"inLanguage\":\"fr-FR\"},{\"@type\":\"Organization\",\"@id\":\"https:\/\/www.stampifidal.it\/fr\/#organization\",\"name\":\"FI.DAL. Stampi\",\"url\":\"https:\/\/www.stampifidal.it\/fr\/\",\"logo\":{\"@type\":\"ImageObject\",\"inLanguage\":\"fr-FR\",\"@id\":\"https:\/\/www.stampifidal.it\/fr\/#\/schema\/logo\/image\/\",\"url\":\"https:\/\/www.stampifidal.it\/wp-content\/uploads\/2023\/04\/logo-fidal-stampi-quadrato.jpg\",\"contentUrl\":\"https:\/\/www.stampifidal.it\/wp-content\/uploads\/2023\/04\/logo-fidal-stampi-quadrato.jpg\",\"width\":700,\"height\":700,\"caption\":\"FI.DAL. Stampi\"},\"image\":{\"@id\":\"https:\/\/www.stampifidal.it\/fr\/#\/schema\/logo\/image\/\"},\"sameAs\":[\"https:\/\/www.facebook.com\/fidalstampi\",\"https:\/\/www.instagram.com\/fidalstampi\/\",\"https:\/\/www.linkedin.com\/company\/fi-dal-stampi\/about\/?viewAsMember=true\"]}]}<\/script>\n<!-- \/ Yoast SEO plugin. -->","yoast_head_json":{"title":"Un monde de plastique - FI.DAL. Stampi","robots":{"index":"index","follow":"follow","max-snippet":"max-snippet:-1","max-image-preview":"max-image-preview:large","max-video-preview":"max-video-preview:-1"},"canonical":"https:\/\/www.stampifidal.it\/fr\/un-mondo-di-plastica\/","og_locale":"fr_FR","og_type":"article","og_title":"Un monde de plastique - FI.DAL. Stampi","og_description":"[vc_row row_height_percent=\u00a0\u00bb0&Prime; back_image=\u00a0\u00bb852&Prime; back_repeat=\u00a0\u00bbno-repeat\u00a0\u00bb back_position=\u00a0\u00bbcenter top\u00a0\u00bb overlay_alpha=\u00a0\u00bb50&Prime; gutter_size=\u00a0\u00bb3&Prime; column_width_percent=\u00a0\u00bb100&Prime; shift_y=\u00a0\u00bb0&Prime; z_index=\u00a0\u00bb0&Prime; bottom_divider=\u00a0\u00bbstep_2_3&Prime; auto_height_device=\u00a0\u00bbyes\u00a0\u00bb uncode_shortcode_id=\u00a0\u00bb534880&Prime; row_height_pixel=\u00a0\u00bb800px\u00a0\u00bb][vc_column column_width_percent=\u00a0\u00bb100&Prime; position_vertical=\u00a0\u00bbmiddle\u00a0\u00bb gutter_size=\u00a0\u00bb3&Prime; overlay_alpha=\u00a0\u00bb50&Prime; shift_x=\u00a0\u00bb0&Prime; [&hellip;]","og_url":"https:\/\/www.stampifidal.it\/fr\/un-mondo-di-plastica\/","og_site_name":"FI.DAL. Stampi","article_publisher":"https:\/\/www.facebook.com\/fidalstampi","article_modified_time":"2023-08-31T15:59:47+00:00","og_image":[{"width":1200,"height":675,"url":"https:\/\/www.stampifidal.it\/wp-content\/uploads\/2023\/04\/fidal-stampi-logo-seo.jpg","type":"image\/jpeg"}],"twitter_card":"summary_large_image","twitter_misc":{"Dur\u00e9e de lecture estim\u00e9e":"3 minutes"},"schema":{"@context":"https:\/\/schema.org","@graph":[{"@type":"WebPage","@id":"https:\/\/www.stampifidal.it\/fr\/un-mondo-di-plastica\/","url":"https:\/\/www.stampifidal.it\/fr\/un-mondo-di-plastica\/","name":"Un monde de plastique - FI.DAL. Stampi","isPartOf":{"@id":"https:\/\/www.stampifidal.it\/fr\/#website"},"datePublished":"2023-03-20T11:59:32+00:00","dateModified":"2023-08-31T15:59:47+00:00","breadcrumb":{"@id":"https:\/\/www.stampifidal.it\/fr\/un-mondo-di-plastica\/#breadcrumb"},"inLanguage":"fr-FR","potentialAction":[{"@type":"ReadAction","target":["https:\/\/www.stampifidal.it\/fr\/un-mondo-di-plastica\/"]}]},{"@type":"BreadcrumbList","@id":"https:\/\/www.stampifidal.it\/fr\/un-mondo-di-plastica\/#breadcrumb","itemListElement":[{"@type":"ListItem","position":1,"name":"Home","item":"https:\/\/www.stampifidal.it\/fr\/homepage\/"},{"@type":"ListItem","position":2,"name":"Un monde de plastique"}]},{"@type":"WebSite","@id":"https:\/\/www.stampifidal.it\/fr\/#website","url":"https:\/\/www.stampifidal.it\/fr\/","name":"FI.DAL. Stampi","description":"Progettazione e costruzione stampi per materie plastiche","publisher":{"@id":"https:\/\/www.stampifidal.it\/fr\/#organization"},"potentialAction":[{"@type":"SearchAction","target":{"@type":"EntryPoint","urlTemplate":"https:\/\/www.stampifidal.it\/fr\/?s={search_term_string}"},"query-input":"required name=search_term_string"}],"inLanguage":"fr-FR"},{"@type":"Organization","@id":"https:\/\/www.stampifidal.it\/fr\/#organization","name":"FI.DAL. Stampi","url":"https:\/\/www.stampifidal.it\/fr\/","logo":{"@type":"ImageObject","inLanguage":"fr-FR","@id":"https:\/\/www.stampifidal.it\/fr\/#\/schema\/logo\/image\/","url":"https:\/\/www.stampifidal.it\/wp-content\/uploads\/2023\/04\/logo-fidal-stampi-quadrato.jpg","contentUrl":"https:\/\/www.stampifidal.it\/wp-content\/uploads\/2023\/04\/logo-fidal-stampi-quadrato.jpg","width":700,"height":700,"caption":"FI.DAL. Stampi"},"image":{"@id":"https:\/\/www.stampifidal.it\/fr\/#\/schema\/logo\/image\/"},"sameAs":["https:\/\/www.facebook.com\/fidalstampi","https:\/\/www.instagram.com\/fidalstampi\/","https:\/\/www.linkedin.com\/company\/fi-dal-stampi\/about\/?viewAsMember=true"]}]}},"_links":{"self":[{"href":"https:\/\/www.stampifidal.it\/fr\/wp-json\/wp\/v2\/pages\/1949"}],"collection":[{"href":"https:\/\/www.stampifidal.it\/fr\/wp-json\/wp\/v2\/pages"}],"about":[{"href":"https:\/\/www.stampifidal.it\/fr\/wp-json\/wp\/v2\/types\/page"}],"author":[{"embeddable":true,"href":"https:\/\/www.stampifidal.it\/fr\/wp-json\/wp\/v2\/users\/31"}],"replies":[{"embeddable":true,"href":"https:\/\/www.stampifidal.it\/fr\/wp-json\/wp\/v2\/comments?post=1949"}],"version-history":[{"count":3,"href":"https:\/\/www.stampifidal.it\/fr\/wp-json\/wp\/v2\/pages\/1949\/revisions"}],"predecessor-version":[{"id":1974,"href":"https:\/\/www.stampifidal.it\/fr\/wp-json\/wp\/v2\/pages\/1949\/revisions\/1974"}],"wp:attachment":[{"href":"https:\/\/www.stampifidal.it\/fr\/wp-json\/wp\/v2\/media?parent=1949"}],"curies":[{"name":"wp","href":"https:\/\/api.w.org\/{rel}","templated":true}]}}