{"id":1945,"date":"2023-04-19T10:41:53","date_gmt":"2023-04-19T08:41:53","guid":{"rendered":"https:\/\/www.stampifidal.it\/progettazione-stampi\/"},"modified":"2023-08-31T14:36:50","modified_gmt":"2023-08-31T12:36:50","slug":"progettazione-stampi","status":"publish","type":"page","link":"https:\/\/www.stampifidal.it\/fr\/progettazione-stampi\/","title":{"rendered":"Conception du moule"},"content":{"rendered":"<div class=\"wpb-content-wrapper\"><p>[vc_row row_height_percent=\u00a0\u00bb0&Prime; back_image=\u00a0\u00bb900&Prime; back_repeat=\u00a0\u00bbno-repeat\u00a0\u00bb back_position=\u00a0\u00bbcenter bottom\u00a0\u00bb parallax=\u00a0\u00bbyes\u00a0\u00bb overlay_color=\u00a0\u00bbcolor-prif\u00a0\u00bb overlay_alpha=\u00a0\u00bb40&Prime; gutter_size=\u00a0\u00bb3&Prime; column_width_percent=\u00a0\u00bb100&Prime; shift_y=\u00a0\u00bb0&Prime; z_index=\u00a0\u00bb0&Prime; bottom_divider=\u00a0\u00bbstep_2_3&Prime; auto_height_device=\u00a0\u00bbyes\u00a0\u00bb uncode_shortcode_id=\u00a0\u00bb294151&Prime; row_height_pixel=\u00a0\u00bb800px\u00a0\u00bb overlay_color_type=\u00a0\u00bbuncode-palette\u00a0\u00bb][vc_column column_width_percent=\u00a0\u00bb100&Prime; position_vertical=\u00a0\u00bbmiddle\u00a0\u00bb gutter_size=\u00a0\u00bb3&Prime; overlay_alpha=\u00a0\u00bb50&Prime; shift_x=\u00a0\u00bb0&Prime; shift_y=\u00a0\u00bb0&Prime; shift_y_down=\u00a0\u00bb0&Prime; z_index=\u00a0\u00bb0&Prime; medium_width=\u00a0\u00bb0&Prime; mobile_width=\u00a0\u00bb0&Prime; width=\u00a0\u00bb1\/1&Prime; uncode_shortcode_id=\u00a0\u00bb711289&Prime;][vc_row_inner row_inner_height_percent=\u00a0\u00bb0&Prime; overlay_alpha=\u00a0\u00bb50&Prime; gutter_size=\u00a0\u00bb3&Prime; shift_y=\u00a0\u00bb0&Prime; z_index=\u00a0\u00bb0&Prime; uncode_shortcode_id=\u00a0\u00bb163308&Prime;][vc_column_inner width=\u00a0\u00bb1\/2&Prime;][vc_empty_space empty_h=\u00a0\u00bb2&Prime; desktop_visibility=\u00a0\u00bbyes\u00a0\u00bb medium_visibility=\u00a0\u00bbyes\u00a0\u00bb][vc_custom_heading auto_text=\u00a0\u00bbyes\u00a0\u00bb text_color=\u00a0\u00bbcolor-xsdn\u00a0\u00bb heading_semantic=\u00a0\u00bbh1&Prime; text_size=\u00a0\u00bbh1&Prime; text_transform=\u00a0\u00bbuppercase\u00a0\u00bb uncode_shortcode_id=\u00a0\u00bb296300&Prime; text_color_type=\u00a0\u00bbuncode-palette\u00a0\u00bb]FI.DAL. STAMPI[\/vc_custom_heading][vc_empty_space empty_h=\u00a0\u00bb2&Prime; desktop_visibility=\u00a0\u00bbyes\u00a0\u00bb medium_visibility=\u00a0\u00bbyes\u00a0\u00bb][\/vc_column_inner][vc_column_inner column_width_percent=\u00a0\u00bb100&Prime; gutter_size=\u00a0\u00bb3&Prime; style=\u00a0\u00bbdark\u00a0\u00bb overlay_alpha=\u00a0\u00bb50&Prime; shift_x=\u00a0\u00bb0&Prime; shift_y=\u00a0\u00bb0&Prime; shift_y_down=\u00a0\u00bb0&Prime; z_index=\u00a0\u00bb0&Prime; medium_width=\u00a0\u00bb0&Prime; mobile_width=\u00a0\u00bb0&Prime; width=\u00a0\u00bb1\/2&Prime; uncode_shortcode_id=\u00a0\u00bb114979&Prime;][\/vc_column_inner][\/vc_row_inner][\/vc_column][\/vc_row][vc_row row_height_percent=\u00a0\u00bb0&Prime; override_padding=\u00a0\u00bbyes\u00a0\u00bb h_padding=\u00a0\u00bb2&Prime; top_padding=\u00a0\u00bb4&Prime; bottom_padding=\u00a0\u00bb4&Prime; back_color=\u00a0\u00bbcolor-prif\u00a0\u00bb overlay_alpha=\u00a0\u00bb50&Prime; gutter_size=\u00a0\u00bb3&Prime; column_width_percent=\u00a0\u00bb100&Prime; shift_y=\u00a0\u00bb0&Prime; z_index=\u00a0\u00bb0&Prime; uncode_shortcode_id=\u00a0\u00bb125435&Prime; back_color_type=\u00a0\u00bbuncode-palette\u00a0\u00bb][vc_column width=\u00a0\u00bb1\/1&Prime;][vc_row_inner][vc_column_inner column_width_percent=\u00a0\u00bb100&Prime; gutter_size=\u00a0\u00bb3&Prime; style=\u00a0\u00bbdark\u00a0\u00bb overlay_alpha=\u00a0\u00bb50&Prime; shift_x=\u00a0\u00bb0&Prime; shift_y=\u00a0\u00bb0&Prime; shift_y_down=\u00a0\u00bb0&Prime; z_index=\u00a0\u00bb0&Prime; medium_width=\u00a0\u00bb0&Prime; mobile_width=\u00a0\u00bb0&Prime; width=\u00a0\u00bb1\/1&Prime; uncode_shortcode_id=\u00a0\u00bb173382&Prime;][vc_column_text text_lead=\u00a0\u00bbyes\u00a0\u00bb uncode_shortcode_id=\u00a0\u00bb203373&Prime;]<\/p>\n<p style=\"text-align: center;\"><strong>FI.DAL. Stampi<\/strong> dispose d&rsquo;un d\u00e9partement technique compos\u00e9 d&rsquo;un personnel <strong>hautement exp\u00e9riment\u00e9<\/strong> et form\u00e9 pour garantir la meilleure conception de moules pour les mati\u00e8res plastiques et le moulage sous pression.<\/p>\n<p style=\"text-align: center;\">La conception des moules est la premi\u00e8re \u00e9tape, et l&rsquo;une des plus importantes, de notre travail et constitue donc la cl\u00e9 de la <strong>r\u00e9alisation optimale du produit fini<\/strong>.<\/p>\n<p>[\/vc_column_text][\/vc_column_inner][\/vc_row_inner][\/vc_column][\/vc_row][vc_row row_height_percent=\u00a0\u00bb0&Prime; override_padding=\u00a0\u00bbyes\u00a0\u00bb h_padding=\u00a0\u00bb2&Prime; top_padding=\u00a0\u00bb4&Prime; bottom_padding=\u00a0\u00bb4&Prime; overlay_alpha=\u00a0\u00bb50&Prime; gutter_size=\u00a0\u00bb3&Prime; column_width_percent=\u00a0\u00bb100&Prime; shift_y=\u00a0\u00bb0&Prime; z_index=\u00a0\u00bb0&Prime; uncode_shortcode_id=\u00a0\u00bb179355&Prime;][vc_column width=\u00a0\u00bb1\/1&Prime;][vc_column_text uncode_shortcode_id=\u00a0\u00bb494544&Prime;]<\/p>\n<h5>Plusieurs facteurs sont \u00e0 prendre en compte lors de la conception d&rsquo;un moule en plastique et nos techniciens se posent de nombreuses questions avant de commencer chaque projet:<\/h5>\n<ol>\n<li>\u00c0 quoi sert le produit fini ?<\/li>\n<li>O\u00f9 sera-t-il utilis\u00e9 ?<\/li>\n<li>Doit-il \u00eatre associ\u00e9 \u00e0 d&rsquo;autres pi\u00e8ces ?<\/li>\n<li>Sera-t-il soumis \u00e0 des charges ou \u00e0 des pressions au cours de son utilisation ?<\/li>\n<\/ol>\n<p>Ce ne sont l\u00e0 que quelques questions importantes pour garantir une conception id\u00e9ale.<br \/>\nIl est \u00e9galement essentiel de concevoir en fonction du type de mati\u00e8re plastique avec laquelle la pi\u00e8ce sera moul\u00e9e, de l&rsquo;\u00e9paisseur, de la taille et de la complexit\u00e9 de la g\u00e9om\u00e9trie.[\/vc_column_text][vc_empty_space empty_h=\u00a0\u00bb2&Prime;][vc_row_inner][vc_column_inner column_width_percent=\u00a0\u00bb100&Prime; position_vertical=\u00a0\u00bbmiddle\u00a0\u00bb gutter_size=\u00a0\u00bb3&Prime; overlay_alpha=\u00a0\u00bb50&Prime; shift_x=\u00a0\u00bb0&Prime; shift_y=\u00a0\u00bb0&Prime; shift_y_down=\u00a0\u00bb0&Prime; z_index=\u00a0\u00bb0&Prime; medium_width=\u00a0\u00bb0&Prime; mobile_width=\u00a0\u00bb0&Prime; width=\u00a0\u00bb1\/2&Prime; uncode_shortcode_id=\u00a0\u00bb156873&Prime;][vc_column_text uncode_shortcode_id=\u00a0\u00bb944724&Prime;]Dans la phase de <strong>conception<\/strong>, par exemple, une \u00e9tude minutieuse de la mani\u00e8re dont le plastique remplit les cavit\u00e9s du moule, dont la pi\u00e8ce finale est refroidie et dont les m\u00e9canismes agissent pour la lib\u00e9rer, d\u00e9termine la <strong>forme correcte de la pi\u00e8ce<\/strong> demand\u00e9e par le client.<\/p>\n<p>La fa\u00e7on dont nos ing\u00e9nieurs con\u00e7oivent est donc la base d\u00e9cisive pour la r\u00e9alisation d&rsquo;un moule qui doit \u00eatre <strong>facile<\/strong> \u00e0 produire, facile \u00e0 assembler, aussi <strong>durable<\/strong> que possible et aussi <strong>rapide<\/strong> que possible dans la phase ult\u00e9rieure de moulage des pi\u00e8ces en plastique.<\/p>\n<p>Pour les moules tr\u00e8s complexes, outre l&rsquo;\u00e9tude d\u00e9taill\u00e9e du projet, <strong>FI.DAL. Stampi<\/strong> s&rsquo;engage \u00e0 fournir au client une plus grande certitude en lui offrant la possibilit\u00e9 d&rsquo;utiliser un logiciel de simulation du flux, du refroidissement et de la d\u00e9formation de la mati\u00e8re plastique pendant le processus de moulage (<strong>Moldflow<\/strong>) et la cr\u00e9ation du prototype de la pi\u00e8ce finale gr\u00e2ce \u00e0 l&rsquo;utilisation de notre <strong>imprimante 3D<\/strong>.[\/vc_column_text][\/vc_column_inner][vc_column_inner column_width_percent=\u00a0\u00bb100&Prime; position_vertical=\u00a0\u00bbmiddle\u00a0\u00bb gutter_size=\u00a0\u00bb3&Prime; overlay_alpha=\u00a0\u00bb50&Prime; shift_x=\u00a0\u00bb0&Prime; shift_y=\u00a0\u00bb0&Prime; shift_y_down=\u00a0\u00bb0&Prime; z_index=\u00a0\u00bb0&Prime; medium_width=\u00a0\u00bb0&Prime; mobile_width=\u00a0\u00bb0&Prime; width=\u00a0\u00bb1\/2&Prime; uncode_shortcode_id=\u00a0\u00bb835244&Prime;][vc_single_image media=\u00a0\u00bb590&Prime; media_width_percent=\u00a0\u00bb100&Prime; shape=\u00a0\u00bbimg-round\u00a0\u00bb uncode_shortcode_id=\u00a0\u00bb546368&Prime;][\/vc_column_inner][\/vc_row_inner][\/vc_column][\/vc_row]<\/p>\n<\/div>","protected":false},"excerpt":{"rendered":"<p>[vc_row row_height_percent=\u00a0\u00bb0&Prime; back_image=\u00a0\u00bb900&Prime; back_repeat=\u00a0\u00bbno-repeat\u00a0\u00bb back_position=\u00a0\u00bbcenter bottom\u00a0\u00bb parallax=\u00a0\u00bbyes\u00a0\u00bb overlay_color=\u00a0\u00bbcolor-prif\u00a0\u00bb overlay_alpha=\u00a0\u00bb40&Prime; gutter_size=\u00a0\u00bb3&Prime; column_width_percent=\u00a0\u00bb100&Prime; shift_y=\u00a0\u00bb0&Prime; z_index=\u00a0\u00bb0&Prime; bottom_divider=\u00a0\u00bbstep_2_3&Prime; auto_height_device=\u00a0\u00bbyes\u00a0\u00bb uncode_shortcode_id=\u00a0\u00bb294151&Prime; row_height_pixel=\u00a0\u00bb800px\u00a0\u00bb overlay_color_type=\u00a0\u00bbuncode-palette\u00a0\u00bb][vc_column column_width_percent=\u00a0\u00bb100&Prime; position_vertical=\u00a0\u00bbmiddle\u00a0\u00bb [&hellip;]<\/p>\n","protected":false},"author":31,"featured_media":0,"parent":0,"menu_order":0,"comment_status":"closed","ping_status":"closed","template":"","meta":{"_acf_changed":false,"_monsterinsights_skip_tracking":false,"_monsterinsights_sitenote_active":false,"_monsterinsights_sitenote_note":"","_monsterinsights_sitenote_category":0,"footnotes":""},"acf":[],"yoast_head":"<!-- This site is optimized with the Yoast SEO plugin v23.1 - https:\/\/yoast.com\/wordpress\/plugins\/seo\/ -->\n<title>FI.DAL. Moules | Conception de moules en plastique<\/title>\n<meta name=\"description\" content=\"Depuis plus de 29 ans, FI.DAL. Stampi poss\u00e8de une vaste exp\u00e9rience dans la conception et la construction de moules et de pi\u00e8ces moul\u00e9es sous pression.\" \/>\n<meta name=\"robots\" content=\"index, follow, max-snippet:-1, max-image-preview:large, max-video-preview:-1\" \/>\n<link rel=\"canonical\" href=\"https:\/\/www.stampifidal.it\/fr\/progettazione-stampi\/\" \/>\n<meta property=\"og:locale\" content=\"fr_FR\" \/>\n<meta property=\"og:type\" content=\"article\" \/>\n<meta property=\"og:title\" content=\"FI.DAL. Moules | Conception de moules en plastique\" \/>\n<meta property=\"og:description\" content=\"Depuis plus de 29 ans, FI.DAL. Stampi poss\u00e8de une vaste exp\u00e9rience dans la conception et la construction de moules et de pi\u00e8ces moul\u00e9es sous pression.\" \/>\n<meta property=\"og:url\" content=\"https:\/\/www.stampifidal.it\/fr\/progettazione-stampi\/\" \/>\n<meta property=\"og:site_name\" content=\"FI.DAL. Stampi\" \/>\n<meta property=\"article:publisher\" content=\"https:\/\/www.facebook.com\/fidalstampi\" \/>\n<meta property=\"article:modified_time\" content=\"2023-08-31T12:36:50+00:00\" \/>\n<meta property=\"og:image\" content=\"https:\/\/www.stampifidal.it\/wp-content\/uploads\/2023\/04\/fidal-stampi-logo-seo.jpg\" \/>\n\t<meta property=\"og:image:width\" content=\"1200\" \/>\n\t<meta property=\"og:image:height\" content=\"675\" \/>\n\t<meta property=\"og:image:type\" content=\"image\/jpeg\" \/>\n<meta name=\"twitter:card\" content=\"summary_large_image\" \/>\n<meta name=\"twitter:label1\" content=\"Dur\u00e9e de lecture estim\u00e9e\" \/>\n\t<meta name=\"twitter:data1\" content=\"3 minutes\" \/>\n<script type=\"application\/ld+json\" class=\"yoast-schema-graph\">{\"@context\":\"https:\/\/schema.org\",\"@graph\":[{\"@type\":\"WebPage\",\"@id\":\"https:\/\/www.stampifidal.it\/fr\/progettazione-stampi\/\",\"url\":\"https:\/\/www.stampifidal.it\/fr\/progettazione-stampi\/\",\"name\":\"FI.DAL. Moules | Conception de moules en plastique\",\"isPartOf\":{\"@id\":\"https:\/\/www.stampifidal.it\/fr\/#website\"},\"datePublished\":\"2023-04-19T08:41:53+00:00\",\"dateModified\":\"2023-08-31T12:36:50+00:00\",\"description\":\"Depuis plus de 29 ans, FI.DAL. Stampi poss\u00e8de une vaste exp\u00e9rience dans la conception et la construction de moules et de pi\u00e8ces moul\u00e9es sous pression.\",\"breadcrumb\":{\"@id\":\"https:\/\/www.stampifidal.it\/fr\/progettazione-stampi\/#breadcrumb\"},\"inLanguage\":\"fr-FR\",\"potentialAction\":[{\"@type\":\"ReadAction\",\"target\":[\"https:\/\/www.stampifidal.it\/fr\/progettazione-stampi\/\"]}]},{\"@type\":\"BreadcrumbList\",\"@id\":\"https:\/\/www.stampifidal.it\/fr\/progettazione-stampi\/#breadcrumb\",\"itemListElement\":[{\"@type\":\"ListItem\",\"position\":1,\"name\":\"Home\",\"item\":\"https:\/\/www.stampifidal.it\/fr\/homepage\/\"},{\"@type\":\"ListItem\",\"position\":2,\"name\":\"Conception du moule\"}]},{\"@type\":\"WebSite\",\"@id\":\"https:\/\/www.stampifidal.it\/fr\/#website\",\"url\":\"https:\/\/www.stampifidal.it\/fr\/\",\"name\":\"FI.DAL. Stampi\",\"description\":\"Progettazione e costruzione stampi per materie plastiche\",\"publisher\":{\"@id\":\"https:\/\/www.stampifidal.it\/fr\/#organization\"},\"potentialAction\":[{\"@type\":\"SearchAction\",\"target\":{\"@type\":\"EntryPoint\",\"urlTemplate\":\"https:\/\/www.stampifidal.it\/fr\/?s={search_term_string}\"},\"query-input\":\"required name=search_term_string\"}],\"inLanguage\":\"fr-FR\"},{\"@type\":\"Organization\",\"@id\":\"https:\/\/www.stampifidal.it\/fr\/#organization\",\"name\":\"FI.DAL. Stampi\",\"url\":\"https:\/\/www.stampifidal.it\/fr\/\",\"logo\":{\"@type\":\"ImageObject\",\"inLanguage\":\"fr-FR\",\"@id\":\"https:\/\/www.stampifidal.it\/fr\/#\/schema\/logo\/image\/\",\"url\":\"https:\/\/www.stampifidal.it\/wp-content\/uploads\/2023\/04\/logo-fidal-stampi-quadrato.jpg\",\"contentUrl\":\"https:\/\/www.stampifidal.it\/wp-content\/uploads\/2023\/04\/logo-fidal-stampi-quadrato.jpg\",\"width\":700,\"height\":700,\"caption\":\"FI.DAL. Stampi\"},\"image\":{\"@id\":\"https:\/\/www.stampifidal.it\/fr\/#\/schema\/logo\/image\/\"},\"sameAs\":[\"https:\/\/www.facebook.com\/fidalstampi\",\"https:\/\/www.instagram.com\/fidalstampi\/\",\"https:\/\/www.linkedin.com\/company\/fi-dal-stampi\/about\/?viewAsMember=true\"]}]}<\/script>\n<!-- \/ Yoast SEO plugin. -->","yoast_head_json":{"title":"FI.DAL. Moules | Conception de moules en plastique","description":"Depuis plus de 29 ans, FI.DAL. Stampi poss\u00e8de une vaste exp\u00e9rience dans la conception et la construction de moules et de pi\u00e8ces moul\u00e9es sous pression.","robots":{"index":"index","follow":"follow","max-snippet":"max-snippet:-1","max-image-preview":"max-image-preview:large","max-video-preview":"max-video-preview:-1"},"canonical":"https:\/\/www.stampifidal.it\/fr\/progettazione-stampi\/","og_locale":"fr_FR","og_type":"article","og_title":"FI.DAL. Moules | Conception de moules en plastique","og_description":"Depuis plus de 29 ans, FI.DAL. Stampi poss\u00e8de une vaste exp\u00e9rience dans la conception et la construction de moules et de pi\u00e8ces moul\u00e9es sous pression.","og_url":"https:\/\/www.stampifidal.it\/fr\/progettazione-stampi\/","og_site_name":"FI.DAL. Stampi","article_publisher":"https:\/\/www.facebook.com\/fidalstampi","article_modified_time":"2023-08-31T12:36:50+00:00","og_image":[{"width":1200,"height":675,"url":"https:\/\/www.stampifidal.it\/wp-content\/uploads\/2023\/04\/fidal-stampi-logo-seo.jpg","type":"image\/jpeg"}],"twitter_card":"summary_large_image","twitter_misc":{"Dur\u00e9e de lecture estim\u00e9e":"3 minutes"},"schema":{"@context":"https:\/\/schema.org","@graph":[{"@type":"WebPage","@id":"https:\/\/www.stampifidal.it\/fr\/progettazione-stampi\/","url":"https:\/\/www.stampifidal.it\/fr\/progettazione-stampi\/","name":"FI.DAL. Moules | Conception de moules en plastique","isPartOf":{"@id":"https:\/\/www.stampifidal.it\/fr\/#website"},"datePublished":"2023-04-19T08:41:53+00:00","dateModified":"2023-08-31T12:36:50+00:00","description":"Depuis plus de 29 ans, FI.DAL. Stampi poss\u00e8de une vaste exp\u00e9rience dans la conception et la construction de moules et de pi\u00e8ces moul\u00e9es sous pression.","breadcrumb":{"@id":"https:\/\/www.stampifidal.it\/fr\/progettazione-stampi\/#breadcrumb"},"inLanguage":"fr-FR","potentialAction":[{"@type":"ReadAction","target":["https:\/\/www.stampifidal.it\/fr\/progettazione-stampi\/"]}]},{"@type":"BreadcrumbList","@id":"https:\/\/www.stampifidal.it\/fr\/progettazione-stampi\/#breadcrumb","itemListElement":[{"@type":"ListItem","position":1,"name":"Home","item":"https:\/\/www.stampifidal.it\/fr\/homepage\/"},{"@type":"ListItem","position":2,"name":"Conception du moule"}]},{"@type":"WebSite","@id":"https:\/\/www.stampifidal.it\/fr\/#website","url":"https:\/\/www.stampifidal.it\/fr\/","name":"FI.DAL. Stampi","description":"Progettazione e costruzione stampi per materie plastiche","publisher":{"@id":"https:\/\/www.stampifidal.it\/fr\/#organization"},"potentialAction":[{"@type":"SearchAction","target":{"@type":"EntryPoint","urlTemplate":"https:\/\/www.stampifidal.it\/fr\/?s={search_term_string}"},"query-input":"required name=search_term_string"}],"inLanguage":"fr-FR"},{"@type":"Organization","@id":"https:\/\/www.stampifidal.it\/fr\/#organization","name":"FI.DAL. Stampi","url":"https:\/\/www.stampifidal.it\/fr\/","logo":{"@type":"ImageObject","inLanguage":"fr-FR","@id":"https:\/\/www.stampifidal.it\/fr\/#\/schema\/logo\/image\/","url":"https:\/\/www.stampifidal.it\/wp-content\/uploads\/2023\/04\/logo-fidal-stampi-quadrato.jpg","contentUrl":"https:\/\/www.stampifidal.it\/wp-content\/uploads\/2023\/04\/logo-fidal-stampi-quadrato.jpg","width":700,"height":700,"caption":"FI.DAL. Stampi"},"image":{"@id":"https:\/\/www.stampifidal.it\/fr\/#\/schema\/logo\/image\/"},"sameAs":["https:\/\/www.facebook.com\/fidalstampi","https:\/\/www.instagram.com\/fidalstampi\/","https:\/\/www.linkedin.com\/company\/fi-dal-stampi\/about\/?viewAsMember=true"]}]}},"_links":{"self":[{"href":"https:\/\/www.stampifidal.it\/fr\/wp-json\/wp\/v2\/pages\/1945"}],"collection":[{"href":"https:\/\/www.stampifidal.it\/fr\/wp-json\/wp\/v2\/pages"}],"about":[{"href":"https:\/\/www.stampifidal.it\/fr\/wp-json\/wp\/v2\/types\/page"}],"author":[{"embeddable":true,"href":"https:\/\/www.stampifidal.it\/fr\/wp-json\/wp\/v2\/users\/31"}],"replies":[{"embeddable":true,"href":"https:\/\/www.stampifidal.it\/fr\/wp-json\/wp\/v2\/comments?post=1945"}],"version-history":[{"count":4,"href":"https:\/\/www.stampifidal.it\/fr\/wp-json\/wp\/v2\/pages\/1945\/revisions"}],"predecessor-version":[{"id":1971,"href":"https:\/\/www.stampifidal.it\/fr\/wp-json\/wp\/v2\/pages\/1945\/revisions\/1971"}],"wp:attachment":[{"href":"https:\/\/www.stampifidal.it\/fr\/wp-json\/wp\/v2\/media?parent=1945"}],"curies":[{"name":"wp","href":"https:\/\/api.w.org\/{rel}","templated":true}]}}