{"id":1634,"date":"2020-02-26T14:39:27","date_gmt":"2020-02-26T13:39:27","guid":{"rendered":"https:\/\/www.stampifidal.it\/politica-de-privacidad\/"},"modified":"2020-02-26T14:39:27","modified_gmt":"2020-02-26T13:39:27","slug":"politica-de-privacidad","status":"publish","type":"page","link":"https:\/\/www.stampifidal.it\/es\/politica-de-privacidad\/","title":{"rendered":"Pol\u00edtica de privacidad"},"content":{"rendered":"<h2>INFORMACI\u00d3N SOBRE EL TRATAMIENTO DE DATOS PERSONALES<\/h2>\n<h3>(DE CONFORMIDAD CON LOS ART\u00cdCULOS 13 Y 14 DEL REGLAMENTO EUROPEO N\u00ba 679\/16)<\/h3>\n<p>El sitio web de FI.DAL. STAMPI S.R.L. desde su dise\u00f1o, pretende garantizar el cumplimiento de los principios consagrados en el Reglamento UE n\u00ba 2016\/679 relativo a la protecci\u00f3n de las personas f\u00edsicas con especial atenci\u00f3n al Tratamiento de Datos de Car\u00e1cter Personal, ninguno excluido, as\u00ed como la libre circulaci\u00f3n de los mismos en inter\u00e9s p\u00fablico compatible con el derecho a la transparencia.<\/p>\n<p>La FI.DAL. STAMPI S.R.L. garantiza a los interesados la posibilidad de interactuar con su portal para disfrutar libremente de los servicios solicitados, como por ejemplo el env\u00edo de boletines informativos o de informaci\u00f3n para cuyo tratamiento el interesado ha expresado conscientemente su consentimiento. Los datos personales tratados &#8211; eventualmente recogidos o proporcionados en los formularios adecuados por el navegante &#8211; y cualquier otra informaci\u00f3n relevante, son accesibles a trav\u00e9s de la direcci\u00f3n www.stampifidal.it correspondiente al sitio web oficial de FI.DAL. STAMPI S.R.L.<\/p>\n<p>Con este aviso informativo la FI.DAL. STAMPI S.R.L. s.r.l., adem\u00e1s de describir c\u00f3mo utilizar libremente el sitio, pretende informar a los usuarios y navegantes tambi\u00e9n sobre el tratamiento de los datos personales y las relativas garant\u00edas reconocidas por la ley, seg\u00fan el art. 13 del mencionado \u00abReglamento\u00bb. Esta informaci\u00f3n se da exclusivamente para los datos personales contenidos o adquiridos durante el uso del sitio FI.DAL. STAMPI S.R.L. y no para otros sitios web (de los que FI.DAL. STAMPI S.R.L. no es responsable ni copropietario) que puedan ser consultados por el usuario a trav\u00e9s de enlaces.<\/p>\n<p>Controlador de datos<\/p>\n<p>El responsable del tratamiento de los datos personales es FI.DAL. STAMPI S.R.L. en la persona de su Representante Legal pro-tempore, domiciliado a tal efecto en el domicilio social de la empresa, actualmente el nombre del Responsable del tratamiento es Sr. Filippozzi Paolo, que puede ser localizado en esta direcci\u00f3n: Via Europa Z.I. &#8211; 36053 Gambellara (VI) &#8211; Tel\u00e9fono: +39 0444\/649899 &#8211; Correo electr\u00f3nico: amministrazione@stampifidal.it<\/p>\n<p>Finalidad del tratamiento y fundamento jur\u00eddico<\/p>\n<p>Los datos personales se tratar\u00e1n de acuerdo con los servicios ofrecidos por FI.DAL. STAMPI S.R.L. a trav\u00e9s de su portal con el fin de garantizar el suministro de bienes y servicios pertinentes al objeto del estatuto de la empresa as\u00ed como para permitir la actividad comercial de marketing directo (actividad para la cual la empresa dispone de un Registro adecuado del tratamiento que contiene las categor\u00edas de sujetos a los que se refieren los datos personales. Dentro de estas finalidades, el tratamiento se refiere tambi\u00e9n a los datos relativos a las inscripciones al portal necesarias para la gesti\u00f3n de las relaciones con FI.DAL. STAMPI S.R.L. as\u00ed como para permitir una comunicaci\u00f3n institucional eficaz y para cumplir cualquier obligaci\u00f3n legal, reglamentaria o contractual.<\/p>\n<p>Lugar y modalidades del tratamiento<\/p>\n<p>El tratamiento de los datos se realiza exclusivamente dentro del territorio italiano por personal instruido, formado y autorizado al tratamiento l\u00edcito de los datos seg\u00fan los principios de correcci\u00f3n, licitud, transparencia, pertinencia y no superaci\u00f3n de las finalidades de recogida y posterior tratamiento. El tratamiento de los datos relacionados con los servicios ofrecidos por el sitio web de FI.DAL. STAMPI S.R.L. se procesa durante el tiempo estrictamente necesario para alcanzar los fines establecidos por el propio usuario, al que se reservan todas las medidas m\u00ednimas de seguridad (y confidencialidad) destinadas a evitar la p\u00e9rdida de datos, usos il\u00edcitos o incorrectos o accesos no autorizados. Los datos personales facilitados por los usuarios que se registren o utilicen los servicios del sitio web FI.DAL. STAMPI S.R.L. &#8211; tales como nombre, apellidos, direcci\u00f3n de correo electr\u00f3nico, n\u00famero de tel\u00e9fono, empresa y sitio web &#8211; podr\u00e1n ser utilizados para otras operaciones de tratamiento en t\u00e9rminos compatibles con los fines de la recogida como, por ejemplo, el env\u00edo, por correo electr\u00f3nico, de comunicaciones coherentes con el servicio ofrecido y solicitado. Los datos personales de los usuarios que solicitan documentos o material informativo (boletines, respuestas a consultas, escrituras y medidas, etc.) s\u00f3lo se utilizan para realizar el servicio o prestaci\u00f3n solicitados y no se ceden ni difunden. No se utilizan procesos automatizados de tratamiento o de toma de decisiones o destinados a la elaboraci\u00f3n de perfiles del usuario del sitio web institucional de FI.DAL. STAMPI S.R.L.<\/p>\n<p>Tipo de datos tratados y destinatarios<\/p>\n<p>Las categor\u00edas de los datos procesados, as\u00ed como las categor\u00edas de los destinatarios a los que se refieren los datos, se enumeran en el Registro de procesamiento de datos disponible en FI.DAL. STAMPI S.R.L.<\/p>\n<p>Per\u00edodo de conservaci\u00f3n<\/p>\n<p>Los datos se conservar\u00e1n durante un periodo de tiempo no superior a la consecuci\u00f3n de los fines indicados anteriormente (\u00abprincipio de limitaci\u00f3n de la conservaci\u00f3n\u00bb, art.5, del Reglamento UE) o de acuerdo con los plazos previstos por la ley.<\/p>\n<p>Transferencia de datos al extranjero<\/p>\n<p>Los datos no se transfieren a terceros pa\u00edses fuera del Espacio Econ\u00f3mico Europeo.<\/p>\n<p>DERECHOS DEL INTERESADO<\/p>\n<p>Los derechos del interesado (ref. art\u00edculos 15\u00f721 del Reglamento UE) pueden ejercerse en cualquier momento y se resumen en el derecho a<\/p>\n<p>a obtener la confirmaci\u00f3n de la existencia o inexistencia de datos personales que le conciernan, as\u00ed como el acceso a los mismos;<br \/>\na obtener la rectificaci\u00f3n de los datos sin dilaciones indebidas, incluida la integraci\u00f3n de los mismos<br \/>\nobtener la supresi\u00f3n de los datos<br \/>\nobtener la limitaci\u00f3n del tratamiento y la comunicaci\u00f3n de su revocaci\u00f3n<br \/>\na la portabilidad de los datos;<br \/>\npresentar una reclamaci\u00f3n ante una autoridad de control.<br \/>\nTodo ello sin perjuicio de la existencia de motivos leg\u00edtimos por parte del responsable del tratamiento.<\/p>\n<p>&nbsp;<\/p>\n<h2>INFORMACI\u00d3N SOBRE EL USO DE COOKIES<\/h2>\n<p>El sitio web, para su mejor funcionamiento y para garantizar los servicios prestados por terceros utiliza Cookies emitidas por el PROPIETARIO o por terceros.<\/p>\n<p>Cookies emitidas por el PROPIETARIO<\/p>\n<p>Las cookies emitidas por el PROPIETARIO al navegar por este sitio web son \u00abt\u00e9cnicas\u00bb y son las utilizadas con el \u00fanico fin de \u00abefectuar la transmisi\u00f3n de una comunicaci\u00f3n por una red de comunicaciones electr\u00f3nicas, o en la medida estrictamente necesaria para que el prestador de un servicio de la sociedad de la informaci\u00f3n expl\u00edcitamente solicitado por el abonado o usuario pueda prestar dicho servicio\u00bb (v\u00e9ase el art. 122, p\u00e1rrafo 1 del C\u00f3digo). No se utilizan para ning\u00fan otro fin y se instalan con la navegaci\u00f3n normal en nuestras p\u00e1ginas. Se pueden subdividir en cookies de navegaci\u00f3n o de sesi\u00f3n, que garantizan la navegaci\u00f3n y el uso normal del sitio web (permiten realizar una compra o autenticarse para acceder a \u00e1reas reservadas); cookies de funcionalidad, que permiten al usuario navegar seg\u00fan una serie de criterios seleccionados (por ejemplo, idioma, productos seleccionados para la compra, etc.) con el fin de mejorar el servicio prestado al mismo. No se requiere el consentimiento previo del usuario para la instalaci\u00f3n de estas cookies, si bien se mantiene la obligaci\u00f3n de facilitar esta informaci\u00f3n de conformidad con el art\u00edculo 13 del C\u00f3digo. Este sitio no utiliza cookies de terceros con fines t\u00e9cnicos, de an\u00e1lisis o de elaboraci\u00f3n de perfiles y publicidad.<\/p>\n<p>Cookies de terceros con fines estad\u00edsticos o t\u00e9cnicos<\/p>\n<p>Durante la navegaci\u00f3n por el sitio, el usuario tambi\u00e9n puede recibir en su terminal cookies de diferentes proveedores (las denominadas cookies de \u00abterceros\u00bb); esto sucede porque en el sitio web visitado puede haber elementos que residan en servidores distintos de aquel en el que se encuentra la p\u00e1gina solicitada. EL PROPIETARIO utiliza cookies de terceros \u00fanicamente con fines t\u00e9cnicos, por ejemplo cookies emitidas para analizar estad\u00edsticamente los accesos\/visitas al sitio web (cookies \u00abanal\u00edticas\u00bb) o para permitir el uso de partes de c\u00f3digo emitidas por terceros, que garantizan un mejor uso del servicio (autenticaci\u00f3n, p\u00e1ginas de administraci\u00f3n, etc.).<\/p>\n<p>A continuaci\u00f3n se indican las cookies de terceros utilizadas en este sitio y los m\u00e9todos para gestionar el opt out (desactivaci\u00f3n de las mismas):<\/p>\n<p>&#8211; Google Analytics: un servicio de an\u00e1lisis del tr\u00e1fico web prestado por Google, Inc. (\u00abGoogle\u00bb).<\/p>\n<p>Estas cookies se utilizan con el \u00fanico fin de supervisar y mejorar el rendimiento del sitio. Para m\u00e1s informaci\u00f3n, consulte el siguiente enlace: https:\/\/www.google.it\/policies\/privacy\/partners\/.<\/p>\n<p>El usuario puede inhabilitar selectivamente la acci\u00f3n de Google Analytics instalando en su navegador el componente de inhabilitaci\u00f3n proporcionado por Google.<\/p>\n<p>Para inhabilitar la acci\u00f3n de Google Analytics, consulte el siguiente enlace: https:\/\/tools.google.com\/dlpage\/gaoptout<\/p>\n<p>Este sitio no utiliza cookies propias ni de terceros para la elaboraci\u00f3n de perfiles ni con fines publicitarios.<\/p>\n","protected":false},"excerpt":{"rendered":"<p>INFORMACI\u00d3N SOBRE EL TRATAMIENTO DE DATOS PERSONALES (DE CONFORMIDAD CON LOS ART\u00cdCULOS 13 Y 14 DEL REGLAMENTO EUROPEO N\u00ba 679\/16) [&hellip;]<\/p>\n","protected":false},"author":29,"featured_media":0,"parent":0,"menu_order":0,"comment_status":"closed","ping_status":"closed","template":"","meta":{"_acf_changed":false,"_monsterinsights_skip_tracking":false,"_monsterinsights_sitenote_active":false,"_monsterinsights_sitenote_note":"","_monsterinsights_sitenote_category":0,"footnotes":""},"acf":[],"yoast_head":"<!-- This site is optimized with the Yoast SEO plugin v23.1 - https:\/\/yoast.com\/wordpress\/plugins\/seo\/ -->\n<title>Pol\u00edtica de privacidad - FI.DAL. Stampi<\/title>\n<meta name=\"robots\" content=\"index, follow, max-snippet:-1, max-image-preview:large, max-video-preview:-1\" \/>\n<link rel=\"canonical\" href=\"https:\/\/www.stampifidal.it\/es\/politica-de-privacidad\/\" \/>\n<meta property=\"og:locale\" content=\"es_ES\" \/>\n<meta property=\"og:type\" content=\"article\" \/>\n<meta property=\"og:title\" content=\"Pol\u00edtica de privacidad - FI.DAL. Stampi\" \/>\n<meta property=\"og:description\" content=\"INFORMACI\u00d3N SOBRE EL TRATAMIENTO DE DATOS PERSONALES (DE CONFORMIDAD CON LOS ART\u00cdCULOS 13 Y 14 DEL REGLAMENTO EUROPEO N\u00ba 679\/16) [&hellip;]\" \/>\n<meta property=\"og:url\" content=\"https:\/\/www.stampifidal.it\/es\/politica-de-privacidad\/\" \/>\n<meta property=\"og:site_name\" content=\"FI.DAL. Stampi\" \/>\n<meta property=\"article:publisher\" content=\"https:\/\/www.facebook.com\/fidalstampi\" \/>\n<meta property=\"og:image\" content=\"https:\/\/www.stampifidal.it\/wp-content\/uploads\/2023\/04\/fidal-stampi-logo-seo.jpg\" \/>\n\t<meta property=\"og:image:width\" content=\"1200\" \/>\n\t<meta property=\"og:image:height\" content=\"675\" \/>\n\t<meta property=\"og:image:type\" content=\"image\/jpeg\" \/>\n<meta name=\"twitter:card\" content=\"summary_large_image\" \/>\n<meta name=\"twitter:label1\" content=\"Tiempo de lectura\" \/>\n\t<meta name=\"twitter:data1\" content=\"8 minutos\" \/>\n<script type=\"application\/ld+json\" class=\"yoast-schema-graph\">{\"@context\":\"https:\/\/schema.org\",\"@graph\":[{\"@type\":\"WebPage\",\"@id\":\"https:\/\/www.stampifidal.it\/es\/politica-de-privacidad\/\",\"url\":\"https:\/\/www.stampifidal.it\/es\/politica-de-privacidad\/\",\"name\":\"Pol\u00edtica de privacidad - FI.DAL. Stampi\",\"isPartOf\":{\"@id\":\"https:\/\/www.stampifidal.it\/es\/#website\"},\"datePublished\":\"2020-02-26T13:39:27+00:00\",\"dateModified\":\"2020-02-26T13:39:27+00:00\",\"breadcrumb\":{\"@id\":\"https:\/\/www.stampifidal.it\/es\/politica-de-privacidad\/#breadcrumb\"},\"inLanguage\":\"es\",\"potentialAction\":[{\"@type\":\"ReadAction\",\"target\":[\"https:\/\/www.stampifidal.it\/es\/politica-de-privacidad\/\"]}]},{\"@type\":\"BreadcrumbList\",\"@id\":\"https:\/\/www.stampifidal.it\/es\/politica-de-privacidad\/#breadcrumb\",\"itemListElement\":[{\"@type\":\"ListItem\",\"position\":1,\"name\":\"Home\",\"item\":\"https:\/\/www.stampifidal.it\/es\/homepage\/\"},{\"@type\":\"ListItem\",\"position\":2,\"name\":\"Pol\u00edtica de privacidad\"}]},{\"@type\":\"WebSite\",\"@id\":\"https:\/\/www.stampifidal.it\/es\/#website\",\"url\":\"https:\/\/www.stampifidal.it\/es\/\",\"name\":\"FI.DAL. Stampi\",\"description\":\"Progettazione e costruzione stampi per materie plastiche\",\"publisher\":{\"@id\":\"https:\/\/www.stampifidal.it\/es\/#organization\"},\"potentialAction\":[{\"@type\":\"SearchAction\",\"target\":{\"@type\":\"EntryPoint\",\"urlTemplate\":\"https:\/\/www.stampifidal.it\/es\/?s={search_term_string}\"},\"query-input\":\"required name=search_term_string\"}],\"inLanguage\":\"es\"},{\"@type\":\"Organization\",\"@id\":\"https:\/\/www.stampifidal.it\/es\/#organization\",\"name\":\"FI.DAL. Stampi\",\"url\":\"https:\/\/www.stampifidal.it\/es\/\",\"logo\":{\"@type\":\"ImageObject\",\"inLanguage\":\"es\",\"@id\":\"https:\/\/www.stampifidal.it\/es\/#\/schema\/logo\/image\/\",\"url\":\"https:\/\/www.stampifidal.it\/wp-content\/uploads\/2023\/04\/logo-fidal-stampi-quadrato.jpg\",\"contentUrl\":\"https:\/\/www.stampifidal.it\/wp-content\/uploads\/2023\/04\/logo-fidal-stampi-quadrato.jpg\",\"width\":700,\"height\":700,\"caption\":\"FI.DAL. Stampi\"},\"image\":{\"@id\":\"https:\/\/www.stampifidal.it\/es\/#\/schema\/logo\/image\/\"},\"sameAs\":[\"https:\/\/www.facebook.com\/fidalstampi\",\"https:\/\/www.instagram.com\/fidalstampi\/\",\"https:\/\/www.linkedin.com\/company\/fi-dal-stampi\/about\/?viewAsMember=true\"]}]}<\/script>\n<!-- \/ Yoast SEO plugin. -->","yoast_head_json":{"title":"Pol\u00edtica de privacidad - FI.DAL. Stampi","robots":{"index":"index","follow":"follow","max-snippet":"max-snippet:-1","max-image-preview":"max-image-preview:large","max-video-preview":"max-video-preview:-1"},"canonical":"https:\/\/www.stampifidal.it\/es\/politica-de-privacidad\/","og_locale":"es_ES","og_type":"article","og_title":"Pol\u00edtica de privacidad - FI.DAL. Stampi","og_description":"INFORMACI\u00d3N SOBRE EL TRATAMIENTO DE DATOS PERSONALES (DE CONFORMIDAD CON LOS ART\u00cdCULOS 13 Y 14 DEL REGLAMENTO EUROPEO N\u00ba 679\/16) [&hellip;]","og_url":"https:\/\/www.stampifidal.it\/es\/politica-de-privacidad\/","og_site_name":"FI.DAL. Stampi","article_publisher":"https:\/\/www.facebook.com\/fidalstampi","og_image":[{"width":1200,"height":675,"url":"https:\/\/www.stampifidal.it\/wp-content\/uploads\/2023\/04\/fidal-stampi-logo-seo.jpg","type":"image\/jpeg"}],"twitter_card":"summary_large_image","twitter_misc":{"Tiempo de lectura":"8 minutos"},"schema":{"@context":"https:\/\/schema.org","@graph":[{"@type":"WebPage","@id":"https:\/\/www.stampifidal.it\/es\/politica-de-privacidad\/","url":"https:\/\/www.stampifidal.it\/es\/politica-de-privacidad\/","name":"Pol\u00edtica de privacidad - FI.DAL. Stampi","isPartOf":{"@id":"https:\/\/www.stampifidal.it\/es\/#website"},"datePublished":"2020-02-26T13:39:27+00:00","dateModified":"2020-02-26T13:39:27+00:00","breadcrumb":{"@id":"https:\/\/www.stampifidal.it\/es\/politica-de-privacidad\/#breadcrumb"},"inLanguage":"es","potentialAction":[{"@type":"ReadAction","target":["https:\/\/www.stampifidal.it\/es\/politica-de-privacidad\/"]}]},{"@type":"BreadcrumbList","@id":"https:\/\/www.stampifidal.it\/es\/politica-de-privacidad\/#breadcrumb","itemListElement":[{"@type":"ListItem","position":1,"name":"Home","item":"https:\/\/www.stampifidal.it\/es\/homepage\/"},{"@type":"ListItem","position":2,"name":"Pol\u00edtica de privacidad"}]},{"@type":"WebSite","@id":"https:\/\/www.stampifidal.it\/es\/#website","url":"https:\/\/www.stampifidal.it\/es\/","name":"FI.DAL. Stampi","description":"Progettazione e costruzione stampi per materie plastiche","publisher":{"@id":"https:\/\/www.stampifidal.it\/es\/#organization"},"potentialAction":[{"@type":"SearchAction","target":{"@type":"EntryPoint","urlTemplate":"https:\/\/www.stampifidal.it\/es\/?s={search_term_string}"},"query-input":"required name=search_term_string"}],"inLanguage":"es"},{"@type":"Organization","@id":"https:\/\/www.stampifidal.it\/es\/#organization","name":"FI.DAL. Stampi","url":"https:\/\/www.stampifidal.it\/es\/","logo":{"@type":"ImageObject","inLanguage":"es","@id":"https:\/\/www.stampifidal.it\/es\/#\/schema\/logo\/image\/","url":"https:\/\/www.stampifidal.it\/wp-content\/uploads\/2023\/04\/logo-fidal-stampi-quadrato.jpg","contentUrl":"https:\/\/www.stampifidal.it\/wp-content\/uploads\/2023\/04\/logo-fidal-stampi-quadrato.jpg","width":700,"height":700,"caption":"FI.DAL. Stampi"},"image":{"@id":"https:\/\/www.stampifidal.it\/es\/#\/schema\/logo\/image\/"},"sameAs":["https:\/\/www.facebook.com\/fidalstampi","https:\/\/www.instagram.com\/fidalstampi\/","https:\/\/www.linkedin.com\/company\/fi-dal-stampi\/about\/?viewAsMember=true"]}]}},"_links":{"self":[{"href":"https:\/\/www.stampifidal.it\/es\/wp-json\/wp\/v2\/pages\/1634"}],"collection":[{"href":"https:\/\/www.stampifidal.it\/es\/wp-json\/wp\/v2\/pages"}],"about":[{"href":"https:\/\/www.stampifidal.it\/es\/wp-json\/wp\/v2\/types\/page"}],"author":[{"embeddable":true,"href":"https:\/\/www.stampifidal.it\/es\/wp-json\/wp\/v2\/users\/29"}],"replies":[{"embeddable":true,"href":"https:\/\/www.stampifidal.it\/es\/wp-json\/wp\/v2\/comments?post=1634"}],"version-history":[{"count":0,"href":"https:\/\/www.stampifidal.it\/es\/wp-json\/wp\/v2\/pages\/1634\/revisions"}],"wp:attachment":[{"href":"https:\/\/www.stampifidal.it\/es\/wp-json\/wp\/v2\/media?parent=1634"}],"curies":[{"name":"wp","href":"https:\/\/api.w.org\/{rel}","templated":true}]}}