{"id":1631,"date":"2023-03-20T12:59:32","date_gmt":"2023-03-20T11:59:32","guid":{"rendered":"https:\/\/www.stampifidal.it\/un-mundo-de-plastico\/"},"modified":"2023-06-22T10:57:56","modified_gmt":"2023-06-22T08:57:56","slug":"un-mundo-de-plastico","status":"publish","type":"page","link":"https:\/\/www.stampifidal.it\/es\/un-mundo-de-plastico\/","title":{"rendered":"Un mundo de pl\u00e1stico"},"content":{"rendered":"<div class=\"wpb-content-wrapper\"><p>[vc_row row_height_percent=\u00bb0&#8243; back_image=\u00bb852&#8243; back_repeat=\u00bbno-repeat\u00bb back_position=\u00bbcenter top\u00bb overlay_alpha=\u00bb50&#8243; gutter_size=\u00bb3&#8243; column_width_percent=\u00bb100&#8243; shift_y=\u00bb0&#8243; z_index=\u00bb0&#8243; bottom_divider=\u00bbstep_2_3&#8243; auto_height_device=\u00bbyes\u00bb uncode_shortcode_id=\u00bb534880&#8243; row_height_pixel=\u00bb800px\u00bb][vc_column column_width_percent=\u00bb100&#8243; position_vertical=\u00bbmiddle\u00bb gutter_size=\u00bb3&#8243; overlay_alpha=\u00bb50&#8243; shift_x=\u00bb0&#8243; shift_y=\u00bb0&#8243; shift_y_down=\u00bb0&#8243; z_index=\u00bb0&#8243; medium_width=\u00bb0&#8243; mobile_width=\u00bb0&#8243; width=\u00bb1\/1&#8243; uncode_shortcode_id=\u00bb141022&#8243;][vc_row_inner][vc_column_inner width=\u00bb1\/2&#8243;][\/vc_column_inner][vc_column_inner column_width_percent=\u00bb100&#8243; position_vertical=\u00bbmiddle\u00bb gutter_size=\u00bb3&#8243; overlay_alpha=\u00bb50&#8243; shift_x=\u00bb0&#8243; shift_y=\u00bb0&#8243; shift_y_down=\u00bb0&#8243; z_index=\u00bb0&#8243; medium_width=\u00bb0&#8243; mobile_width=\u00bb0&#8243; width=\u00bb1\/2&#8243; uncode_shortcode_id=\u00bb187865&#8243;][vc_empty_space empty_h=\u00bb2&#8243; desktop_visibility=\u00bbyes\u00bb medium_visibility=\u00bbyes\u00bb][vc_custom_heading heading_semantic=\u00bbh1&#8243; text_size=\u00bbh1&#8243; text_transform=\u00bbuppercase\u00bb uncode_shortcode_id=\u00bb657588&#8243; el_class=\u00bboutline_text_light\u00bb]Un mundo de pl\u00e1stico[\/vc_custom_heading][vc_empty_space empty_h=\u00bb2&#8243; desktop_visibility=\u00bbyes\u00bb medium_visibility=\u00bbyes\u00bb][\/vc_column_inner][\/vc_row_inner][\/vc_column][\/vc_row][vc_row row_height_percent=\u00bb0&#8243; override_padding=\u00bbyes\u00bb h_padding=\u00bb2&#8243; top_padding=\u00bb4&#8243; bottom_padding=\u00bb3&#8243; overlay_alpha=\u00bb50&#8243; gutter_size=\u00bb3&#8243; column_width_percent=\u00bb100&#8243; shift_y=\u00bb0&#8243; z_index=\u00bb0&#8243; uncode_shortcode_id=\u00bb114263&#8243;][vc_column width=\u00bb1\/1&#8243;][vc_row_inner][vc_column_inner width=\u00bb1\/2&#8243;][vc_column_text uncode_shortcode_id=\u00bb825944&#8243;]Vivimos en un mundo que nos rodea de pl\u00e1stico.<\/p>\n<p>Tel\u00e9fonos, equipos m\u00e9dicos, electrodom\u00e9sticos, piezas de dise\u00f1o, interiores de coches y la mayor\u00eda de los objetos que utilizamos a diario tienen componentes de pl\u00e1stico&#8230; \u00a1y ni siquiera nos damos cuenta!<\/p>\n<p>El pl\u00e1stico es un material con muchas propiedades, como impermeabilidad a l\u00edquidos y gases, solidez a temperatura ambiente, excelente aislamiento el\u00e9ctrico, t\u00e9rmico y ac\u00fastico, y resistencia a la acci\u00f3n del tiempo. Por estas razones, es uno de los materiales m\u00e1s vers\u00e1tiles, resistentes y duraderos que nos permite obtener las m\u00e1s variadas geometr\u00edas.<\/p>\n<p>Otro concepto importante es que los pl\u00e1sticos son pol\u00edmeros.<\/p>\n<p>\u00abLa nuestra ser\u00e1 recordada como la era de los pol\u00edmeros\u00bb,<br \/>\nPaul John Flory, Premio Nobel de Qu\u00edmica en 1974.<\/p>\n<p>As\u00ed que aqu\u00ed estamos, despu\u00e9s de la era de la piedra, el hierro y el bronce, <strong>\u00a1en la era de los pol\u00edmeros<\/strong>![\/vc_column_text][\/vc_column_inner][vc_column_inner column_width_percent=\u00bb100&#8243; position_vertical=\u00bbbottom\u00bb gutter_size=\u00bb3&#8243; overlay_alpha=\u00bb50&#8243; shift_x=\u00bb0&#8243; shift_y=\u00bb0&#8243; shift_y_down=\u00bb0&#8243; z_index=\u00bb0&#8243; medium_width=\u00bb0&#8243; mobile_width=\u00bb0&#8243; width=\u00bb1\/2&#8243; uncode_shortcode_id=\u00bb319192&#8243;][vc_column_text uncode_shortcode_id=\u00bb112683&#8243;]Cualquier tipo de objeto de pl\u00e1stico, para existir, necesita un <strong>molde<\/strong>. Por este motivo, cada molde es \u00fanico y debe estudiarse hasta el m\u00e1s m\u00ednimo detalle para garantizar las expectativas deseadas.<\/p>\n<p>En el departamento t\u00e9cnico, cada molde toma forma gracias a nuestros programadores, que han alcanzado un nivel de experiencia que garantiza la realizaci\u00f3n del proyecto de la forma menos compleja posible, tambi\u00e9n para conseguir una mayor velocidad de moldeo durante la producci\u00f3n.<\/p>\n<p>Hemos invertido en la formaci\u00f3n y el crecimiento de nuestros operarios, lo que ha dado como resultado un equipo que trabaja con precisi\u00f3n y fiabilidad y que est\u00e1 motivado para lograr un mejor producto acabado.<\/p>\n<p>Nos hemos establecido en el mercado consolidando relaciones de trabajo duraderas con la mayor\u00eda de nuestros clientes, gan\u00e1ndonos la confianza de algunas de las empresas l\u00edderes en su sector.[\/vc_column_text][\/vc_column_inner][\/vc_row_inner][vc_empty_space empty_h=\u00bb3&#8243;][\/vc_column][\/vc_row][vc_row unlock_row_content=\u00bbyes\u00bb row_height_percent=\u00bb0&#8243; override_padding=\u00bbyes\u00bb h_padding=\u00bb2&#8243; top_padding=\u00bb2&#8243; bottom_padding=\u00bb2&#8243; back_image=\u00bb911&#8243; back_repeat=\u00bbno-repeat\u00bb back_position=\u00bbcenter center\u00bb parallax=\u00bbyes\u00bb overlay_alpha=\u00bb50&#8243; gutter_size=\u00bb3&#8243; column_width_percent=\u00bb100&#8243; shift_y=\u00bb0&#8243; z_index=\u00bb0&#8243; uncode_shortcode_id=\u00bb132843&#8243; row_height_pixel=\u00bb350&#8243;][vc_column width=\u00bb1\/1&#8243;][\/vc_column][\/vc_row][vc_row row_height_percent=\u00bb0&#8243; override_padding=\u00bbyes\u00bb h_padding=\u00bb2&#8243; top_padding=\u00bb4&#8243; bottom_padding=\u00bb3&#8243; overlay_alpha=\u00bb50&#8243; gutter_size=\u00bb3&#8243; column_width_percent=\u00bb100&#8243; shift_y=\u00bb0&#8243; z_index=\u00bb0&#8243; uncode_shortcode_id=\u00bb475852&#8243;][vc_column width=\u00bb1\/1&#8243;][vc_row_inner][vc_column_inner width=\u00bb1\/4&#8243;][\/vc_column_inner][vc_column_inner column_width_percent=\u00bb100&#8243; position_vertical=\u00bbbottom\u00bb gutter_size=\u00bb3&#8243; overlay_alpha=\u00bb50&#8243; shift_x=\u00bb0&#8243; shift_y=\u00bb0&#8243; shift_y_down=\u00bb0&#8243; z_index=\u00bb0&#8243; medium_width=\u00bb0&#8243; mobile_width=\u00bb0&#8243; width=\u00bb1\/2&#8243; uncode_shortcode_id=\u00bb319192&#8243;][vc_column_text uncode_shortcode_id=\u00bb394145&#8243;]El pl\u00e1stico que ayudamos a crear mediante moldes, duradero y \u00fatil en diversos sectores, no debe confundirse con el pl\u00e1stico \u00abdesechable\u00bb que en las \u00faltimas d\u00e9cadas est\u00e1 perjudicando gravemente nuestra existencia debido a comportamientos inc\u00edvicos e irresponsables.<\/p>\n<p>FI.DAL. Stampi est\u00e1 muy atenta al <strong>bienestar del planeta<\/strong> y participa activamente en la eliminaci\u00f3n de <strong>residuos<\/strong> y en la <strong>concienciaci\u00f3n<\/strong> de los dem\u00e1s sobre el uso ahorrativo del pl\u00e1stico \u00abdesechable\u00bb y su correcta recogida para promover su reciclaje. Juntos podemos conseguir un mundo limpio y sin art\u00edculos de pl\u00e1stico, que son vitales para facilitarnos la vida en todos los \u00e1mbitos.[\/vc_column_text][\/vc_column_inner][vc_column_inner width=\u00bb1\/4&#8243;][\/vc_column_inner][\/vc_row_inner][vc_empty_space empty_h=\u00bb3&#8243;][\/vc_column][\/vc_row]<\/p>\n<\/div>","protected":false},"excerpt":{"rendered":"<p>[vc_row row_height_percent=\u00bb0&#8243; back_image=\u00bb852&#8243; back_repeat=\u00bbno-repeat\u00bb back_position=\u00bbcenter top\u00bb overlay_alpha=\u00bb50&#8243; gutter_size=\u00bb3&#8243; column_width_percent=\u00bb100&#8243; shift_y=\u00bb0&#8243; z_index=\u00bb0&#8243; bottom_divider=\u00bbstep_2_3&#8243; auto_height_device=\u00bbyes\u00bb uncode_shortcode_id=\u00bb534880&#8243; row_height_pixel=\u00bb800px\u00bb][vc_column column_width_percent=\u00bb100&#8243; position_vertical=\u00bbmiddle\u00bb gutter_size=\u00bb3&#8243; overlay_alpha=\u00bb50&#8243; shift_x=\u00bb0&#8243; [&hellip;]<\/p>\n","protected":false},"author":31,"featured_media":0,"parent":0,"menu_order":0,"comment_status":"closed","ping_status":"closed","template":"","meta":{"_acf_changed":false,"_monsterinsights_skip_tracking":false,"_monsterinsights_sitenote_active":false,"_monsterinsights_sitenote_note":"","_monsterinsights_sitenote_category":0,"footnotes":""},"acf":[],"yoast_head":"<!-- This site is optimized with the Yoast SEO plugin v23.1 - https:\/\/yoast.com\/wordpress\/plugins\/seo\/ -->\n<title>Un mundo de pl\u00e1stico - FI.DAL. Stampi<\/title>\n<meta name=\"robots\" content=\"index, follow, max-snippet:-1, max-image-preview:large, max-video-preview:-1\" \/>\n<link rel=\"canonical\" href=\"https:\/\/www.stampifidal.it\/es\/un-mundo-de-plastico\/\" \/>\n<meta property=\"og:locale\" content=\"es_ES\" \/>\n<meta property=\"og:type\" content=\"article\" \/>\n<meta property=\"og:title\" content=\"Un mundo de pl\u00e1stico - FI.DAL. Stampi\" \/>\n<meta property=\"og:description\" content=\"[vc_row row_height_percent=\u00bb0&#8243; back_image=\u00bb852&#8243; back_repeat=\u00bbno-repeat\u00bb back_position=\u00bbcenter top\u00bb overlay_alpha=\u00bb50&#8243; gutter_size=\u00bb3&#8243; column_width_percent=\u00bb100&#8243; shift_y=\u00bb0&#8243; z_index=\u00bb0&#8243; bottom_divider=\u00bbstep_2_3&#8243; auto_height_device=\u00bbyes\u00bb uncode_shortcode_id=\u00bb534880&#8243; row_height_pixel=\u00bb800px\u00bb][vc_column column_width_percent=\u00bb100&#8243; position_vertical=\u00bbmiddle\u00bb gutter_size=\u00bb3&#8243; overlay_alpha=\u00bb50&#8243; shift_x=\u00bb0&#8243; [&hellip;]\" \/>\n<meta property=\"og:url\" content=\"https:\/\/www.stampifidal.it\/es\/un-mundo-de-plastico\/\" \/>\n<meta property=\"og:site_name\" content=\"FI.DAL. Stampi\" \/>\n<meta property=\"article:publisher\" content=\"https:\/\/www.facebook.com\/fidalstampi\" \/>\n<meta property=\"article:modified_time\" content=\"2023-06-22T08:57:56+00:00\" \/>\n<meta property=\"og:image\" content=\"https:\/\/www.stampifidal.it\/wp-content\/uploads\/2023\/04\/fidal-stampi-logo-seo.jpg\" \/>\n\t<meta property=\"og:image:width\" content=\"1200\" \/>\n\t<meta property=\"og:image:height\" content=\"675\" \/>\n\t<meta property=\"og:image:type\" content=\"image\/jpeg\" \/>\n<meta name=\"twitter:card\" content=\"summary_large_image\" \/>\n<meta name=\"twitter:label1\" content=\"Tiempo de lectura\" \/>\n\t<meta name=\"twitter:data1\" content=\"4 minutos\" \/>\n<script type=\"application\/ld+json\" class=\"yoast-schema-graph\">{\"@context\":\"https:\/\/schema.org\",\"@graph\":[{\"@type\":\"WebPage\",\"@id\":\"https:\/\/www.stampifidal.it\/es\/un-mundo-de-plastico\/\",\"url\":\"https:\/\/www.stampifidal.it\/es\/un-mundo-de-plastico\/\",\"name\":\"Un mundo de pl\u00e1stico - FI.DAL. Stampi\",\"isPartOf\":{\"@id\":\"https:\/\/www.stampifidal.it\/es\/#website\"},\"datePublished\":\"2023-03-20T11:59:32+00:00\",\"dateModified\":\"2023-06-22T08:57:56+00:00\",\"breadcrumb\":{\"@id\":\"https:\/\/www.stampifidal.it\/es\/un-mundo-de-plastico\/#breadcrumb\"},\"inLanguage\":\"es\",\"potentialAction\":[{\"@type\":\"ReadAction\",\"target\":[\"https:\/\/www.stampifidal.it\/es\/un-mundo-de-plastico\/\"]}]},{\"@type\":\"BreadcrumbList\",\"@id\":\"https:\/\/www.stampifidal.it\/es\/un-mundo-de-plastico\/#breadcrumb\",\"itemListElement\":[{\"@type\":\"ListItem\",\"position\":1,\"name\":\"Home\",\"item\":\"https:\/\/www.stampifidal.it\/es\/homepage\/\"},{\"@type\":\"ListItem\",\"position\":2,\"name\":\"Un mundo de pl\u00e1stico\"}]},{\"@type\":\"WebSite\",\"@id\":\"https:\/\/www.stampifidal.it\/es\/#website\",\"url\":\"https:\/\/www.stampifidal.it\/es\/\",\"name\":\"FI.DAL. Stampi\",\"description\":\"Progettazione e costruzione stampi per materie plastiche\",\"publisher\":{\"@id\":\"https:\/\/www.stampifidal.it\/es\/#organization\"},\"potentialAction\":[{\"@type\":\"SearchAction\",\"target\":{\"@type\":\"EntryPoint\",\"urlTemplate\":\"https:\/\/www.stampifidal.it\/es\/?s={search_term_string}\"},\"query-input\":\"required name=search_term_string\"}],\"inLanguage\":\"es\"},{\"@type\":\"Organization\",\"@id\":\"https:\/\/www.stampifidal.it\/es\/#organization\",\"name\":\"FI.DAL. Stampi\",\"url\":\"https:\/\/www.stampifidal.it\/es\/\",\"logo\":{\"@type\":\"ImageObject\",\"inLanguage\":\"es\",\"@id\":\"https:\/\/www.stampifidal.it\/es\/#\/schema\/logo\/image\/\",\"url\":\"https:\/\/www.stampifidal.it\/wp-content\/uploads\/2023\/04\/logo-fidal-stampi-quadrato.jpg\",\"contentUrl\":\"https:\/\/www.stampifidal.it\/wp-content\/uploads\/2023\/04\/logo-fidal-stampi-quadrato.jpg\",\"width\":700,\"height\":700,\"caption\":\"FI.DAL. Stampi\"},\"image\":{\"@id\":\"https:\/\/www.stampifidal.it\/es\/#\/schema\/logo\/image\/\"},\"sameAs\":[\"https:\/\/www.facebook.com\/fidalstampi\",\"https:\/\/www.instagram.com\/fidalstampi\/\",\"https:\/\/www.linkedin.com\/company\/fi-dal-stampi\/about\/?viewAsMember=true\"]}]}<\/script>\n<!-- \/ Yoast SEO plugin. -->","yoast_head_json":{"title":"Un mundo de pl\u00e1stico - FI.DAL. Stampi","robots":{"index":"index","follow":"follow","max-snippet":"max-snippet:-1","max-image-preview":"max-image-preview:large","max-video-preview":"max-video-preview:-1"},"canonical":"https:\/\/www.stampifidal.it\/es\/un-mundo-de-plastico\/","og_locale":"es_ES","og_type":"article","og_title":"Un mundo de pl\u00e1stico - FI.DAL. Stampi","og_description":"[vc_row row_height_percent=\u00bb0&#8243; back_image=\u00bb852&#8243; back_repeat=\u00bbno-repeat\u00bb back_position=\u00bbcenter top\u00bb overlay_alpha=\u00bb50&#8243; gutter_size=\u00bb3&#8243; column_width_percent=\u00bb100&#8243; shift_y=\u00bb0&#8243; z_index=\u00bb0&#8243; bottom_divider=\u00bbstep_2_3&#8243; auto_height_device=\u00bbyes\u00bb uncode_shortcode_id=\u00bb534880&#8243; row_height_pixel=\u00bb800px\u00bb][vc_column column_width_percent=\u00bb100&#8243; position_vertical=\u00bbmiddle\u00bb gutter_size=\u00bb3&#8243; overlay_alpha=\u00bb50&#8243; shift_x=\u00bb0&#8243; [&hellip;]","og_url":"https:\/\/www.stampifidal.it\/es\/un-mundo-de-plastico\/","og_site_name":"FI.DAL. Stampi","article_publisher":"https:\/\/www.facebook.com\/fidalstampi","article_modified_time":"2023-06-22T08:57:56+00:00","og_image":[{"width":1200,"height":675,"url":"https:\/\/www.stampifidal.it\/wp-content\/uploads\/2023\/04\/fidal-stampi-logo-seo.jpg","type":"image\/jpeg"}],"twitter_card":"summary_large_image","twitter_misc":{"Tiempo de lectura":"4 minutos"},"schema":{"@context":"https:\/\/schema.org","@graph":[{"@type":"WebPage","@id":"https:\/\/www.stampifidal.it\/es\/un-mundo-de-plastico\/","url":"https:\/\/www.stampifidal.it\/es\/un-mundo-de-plastico\/","name":"Un mundo de pl\u00e1stico - FI.DAL. Stampi","isPartOf":{"@id":"https:\/\/www.stampifidal.it\/es\/#website"},"datePublished":"2023-03-20T11:59:32+00:00","dateModified":"2023-06-22T08:57:56+00:00","breadcrumb":{"@id":"https:\/\/www.stampifidal.it\/es\/un-mundo-de-plastico\/#breadcrumb"},"inLanguage":"es","potentialAction":[{"@type":"ReadAction","target":["https:\/\/www.stampifidal.it\/es\/un-mundo-de-plastico\/"]}]},{"@type":"BreadcrumbList","@id":"https:\/\/www.stampifidal.it\/es\/un-mundo-de-plastico\/#breadcrumb","itemListElement":[{"@type":"ListItem","position":1,"name":"Home","item":"https:\/\/www.stampifidal.it\/es\/homepage\/"},{"@type":"ListItem","position":2,"name":"Un mundo de pl\u00e1stico"}]},{"@type":"WebSite","@id":"https:\/\/www.stampifidal.it\/es\/#website","url":"https:\/\/www.stampifidal.it\/es\/","name":"FI.DAL. Stampi","description":"Progettazione e costruzione stampi per materie plastiche","publisher":{"@id":"https:\/\/www.stampifidal.it\/es\/#organization"},"potentialAction":[{"@type":"SearchAction","target":{"@type":"EntryPoint","urlTemplate":"https:\/\/www.stampifidal.it\/es\/?s={search_term_string}"},"query-input":"required name=search_term_string"}],"inLanguage":"es"},{"@type":"Organization","@id":"https:\/\/www.stampifidal.it\/es\/#organization","name":"FI.DAL. Stampi","url":"https:\/\/www.stampifidal.it\/es\/","logo":{"@type":"ImageObject","inLanguage":"es","@id":"https:\/\/www.stampifidal.it\/es\/#\/schema\/logo\/image\/","url":"https:\/\/www.stampifidal.it\/wp-content\/uploads\/2023\/04\/logo-fidal-stampi-quadrato.jpg","contentUrl":"https:\/\/www.stampifidal.it\/wp-content\/uploads\/2023\/04\/logo-fidal-stampi-quadrato.jpg","width":700,"height":700,"caption":"FI.DAL. Stampi"},"image":{"@id":"https:\/\/www.stampifidal.it\/es\/#\/schema\/logo\/image\/"},"sameAs":["https:\/\/www.facebook.com\/fidalstampi","https:\/\/www.instagram.com\/fidalstampi\/","https:\/\/www.linkedin.com\/company\/fi-dal-stampi\/about\/?viewAsMember=true"]}]}},"_links":{"self":[{"href":"https:\/\/www.stampifidal.it\/es\/wp-json\/wp\/v2\/pages\/1631"}],"collection":[{"href":"https:\/\/www.stampifidal.it\/es\/wp-json\/wp\/v2\/pages"}],"about":[{"href":"https:\/\/www.stampifidal.it\/es\/wp-json\/wp\/v2\/types\/page"}],"author":[{"embeddable":true,"href":"https:\/\/www.stampifidal.it\/es\/wp-json\/wp\/v2\/users\/31"}],"replies":[{"embeddable":true,"href":"https:\/\/www.stampifidal.it\/es\/wp-json\/wp\/v2\/comments?post=1631"}],"version-history":[{"count":2,"href":"https:\/\/www.stampifidal.it\/es\/wp-json\/wp\/v2\/pages\/1631\/revisions"}],"predecessor-version":[{"id":1633,"href":"https:\/\/www.stampifidal.it\/es\/wp-json\/wp\/v2\/pages\/1631\/revisions\/1633"}],"wp:attachment":[{"href":"https:\/\/www.stampifidal.it\/es\/wp-json\/wp\/v2\/media?parent=1631"}],"curies":[{"name":"wp","href":"https:\/\/api.w.org\/{rel}","templated":true}]}}