{"id":1628,"date":"2023-04-19T10:41:53","date_gmt":"2023-04-19T08:41:53","guid":{"rendered":"https:\/\/www.stampifidal.it\/diseno-de-moldes\/"},"modified":"2023-06-22T10:43:06","modified_gmt":"2023-06-22T08:43:06","slug":"diseno-de-moldes","status":"publish","type":"page","link":"https:\/\/www.stampifidal.it\/es\/diseno-de-moldes\/","title":{"rendered":"Dise\u00f1o de moldes"},"content":{"rendered":"<div class=\"wpb-content-wrapper\"><p>[vc_row row_height_percent=\u00bb0&#8243; back_image=\u00bb900&#8243; back_repeat=\u00bbno-repeat\u00bb back_position=\u00bbcenter bottom\u00bb parallax=\u00bbyes\u00bb overlay_color=\u00bbcolor-prif\u00bb overlay_alpha=\u00bb40&#8243; gutter_size=\u00bb3&#8243; column_width_percent=\u00bb100&#8243; shift_y=\u00bb0&#8243; z_index=\u00bb0&#8243; bottom_divider=\u00bbstep_2_3&#8243; auto_height_device=\u00bbyes\u00bb uncode_shortcode_id=\u00bb294151&#8243; row_height_pixel=\u00bb800px\u00bb overlay_color_type=\u00bbuncode-palette\u00bb][vc_column column_width_percent=\u00bb100&#8243; position_vertical=\u00bbmiddle\u00bb gutter_size=\u00bb3&#8243; overlay_alpha=\u00bb50&#8243; shift_x=\u00bb0&#8243; shift_y=\u00bb0&#8243; shift_y_down=\u00bb0&#8243; z_index=\u00bb0&#8243; medium_width=\u00bb0&#8243; mobile_width=\u00bb0&#8243; width=\u00bb1\/1&#8243; uncode_shortcode_id=\u00bb711289&#8243;][vc_row_inner row_inner_height_percent=\u00bb0&#8243; overlay_alpha=\u00bb50&#8243; gutter_size=\u00bb3&#8243; shift_y=\u00bb0&#8243; z_index=\u00bb0&#8243; uncode_shortcode_id=\u00bb163308&#8243;][vc_column_inner width=\u00bb1\/2&#8243;][vc_empty_space empty_h=\u00bb2&#8243; desktop_visibility=\u00bbyes\u00bb medium_visibility=\u00bbyes\u00bb][vc_custom_heading auto_text=\u00bbyes\u00bb text_color=\u00bbcolor-xsdn\u00bb heading_semantic=\u00bbh1&#8243; text_size=\u00bbh1&#8243; text_transform=\u00bbuppercase\u00bb uncode_shortcode_id=\u00bb296300&#8243; text_color_type=\u00bbuncode-palette\u00bb]FI.DAL. STAMPI[\/vc_custom_heading][vc_empty_space empty_h=\u00bb2&#8243; desktop_visibility=\u00bbyes\u00bb medium_visibility=\u00bbyes\u00bb][\/vc_column_inner][vc_column_inner column_width_percent=\u00bb100&#8243; gutter_size=\u00bb3&#8243; style=\u00bbdark\u00bb overlay_alpha=\u00bb50&#8243; shift_x=\u00bb0&#8243; shift_y=\u00bb0&#8243; shift_y_down=\u00bb0&#8243; z_index=\u00bb0&#8243; medium_width=\u00bb0&#8243; mobile_width=\u00bb0&#8243; width=\u00bb1\/2&#8243; uncode_shortcode_id=\u00bb114979&#8243;][\/vc_column_inner][\/vc_row_inner][\/vc_column][\/vc_row][vc_row row_height_percent=\u00bb0&#8243; override_padding=\u00bbyes\u00bb h_padding=\u00bb2&#8243; top_padding=\u00bb4&#8243; bottom_padding=\u00bb4&#8243; back_color=\u00bbcolor-prif\u00bb overlay_alpha=\u00bb50&#8243; gutter_size=\u00bb3&#8243; column_width_percent=\u00bb100&#8243; shift_y=\u00bb0&#8243; z_index=\u00bb0&#8243; uncode_shortcode_id=\u00bb125435&#8243; back_color_type=\u00bbuncode-palette\u00bb][vc_column width=\u00bb1\/1&#8243;][vc_row_inner][vc_column_inner column_width_percent=\u00bb100&#8243; gutter_size=\u00bb3&#8243; style=\u00bbdark\u00bb overlay_alpha=\u00bb50&#8243; shift_x=\u00bb0&#8243; shift_y=\u00bb0&#8243; shift_y_down=\u00bb0&#8243; z_index=\u00bb0&#8243; medium_width=\u00bb0&#8243; mobile_width=\u00bb0&#8243; width=\u00bb1\/1&#8243; uncode_shortcode_id=\u00bb173382&#8243;][vc_column_text text_lead=\u00bbyes\u00bb uncode_shortcode_id=\u00bb203373&#8243;]<\/p>\n<p style=\"text-align: center;\"><strong>FI.DAL. Stampi<\/strong> cuenta con un departamento t\u00e9cnico formado por personal <strong>altamente experimentado<\/strong> y formado para garantizar el mejor dise\u00f1o de moldes para pl\u00e1sticos y fundici\u00f3n a presi\u00f3n.<\/p>\n<p style=\"text-align: center;\">El dise\u00f1o de moldes es el primer paso, y uno de los m\u00e1s importantes, de nuestro trabajo y es, por tanto, la clave para <strong>la realizaci\u00f3n \u00f3ptima del producto acabado<\/strong>.<\/p>\n<p>[\/vc_column_text][\/vc_column_inner][\/vc_row_inner][\/vc_column][\/vc_row][vc_row row_height_percent=\u00bb0&#8243; override_padding=\u00bbyes\u00bb h_padding=\u00bb2&#8243; top_padding=\u00bb4&#8243; bottom_padding=\u00bb4&#8243; overlay_alpha=\u00bb50&#8243; gutter_size=\u00bb3&#8243; column_width_percent=\u00bb100&#8243; shift_y=\u00bb0&#8243; z_index=\u00bb0&#8243; uncode_shortcode_id=\u00bb179355&#8243;][vc_column width=\u00bb1\/1&#8243;][vc_column_text uncode_shortcode_id=\u00bb494544&#8243;]<\/p>\n<h5>Hay varios factores a tener en cuenta a la hora de dise\u00f1ar un molde de pl\u00e1stico y son muchas las preguntas que se hacen nuestros t\u00e9cnicos antes de iniciar cada proyecto:<\/h5>\n<ol>\n<li>Para qu\u00e9 sirve el producto acabado?<\/li>\n<li>D\u00f3nde se va a utilizar?<\/li>\n<li>Tiene que acoplarse con otras piezas?<\/li>\n<li>Estar\u00e1 sometido a cargas o presiones durante su uso?<\/li>\n<\/ol>\n<p>Estas son s\u00f3lo algunas preguntas importantes para garantizar un dise\u00f1o ideal.<br \/>\nTambi\u00e9n es esencial dise\u00f1ar en funci\u00f3n del tipo de material pl\u00e1stico con el que se va a moldear la pieza, el grosor, el tama\u00f1o y la complejidad de la geometr\u00eda.[\/vc_column_text][vc_empty_space empty_h=\u00bb2&#8243;][vc_row_inner][vc_column_inner column_width_percent=\u00bb100&#8243; position_vertical=\u00bbmiddle\u00bb gutter_size=\u00bb3&#8243; overlay_alpha=\u00bb50&#8243; shift_x=\u00bb0&#8243; shift_y=\u00bb0&#8243; shift_y_down=\u00bb0&#8243; z_index=\u00bb0&#8243; medium_width=\u00bb0&#8243; mobile_width=\u00bb0&#8243; width=\u00bb1\/2&#8243; uncode_shortcode_id=\u00bb156873&#8243;][vc_column_text uncode_shortcode_id=\u00bb944724&#8243;]En la fase de <strong>dise\u00f1o<\/strong>, por ejemplo, un estudio minucioso de c\u00f3mo el pl\u00e1stico llena las cavidades del molde, se enfr\u00eda la pieza final y act\u00faan los mecanismos para liberarla determina <strong>la forma correcta de la pieza<\/strong> requerida por el cliente.<\/p>\n<p>La forma en que nuestros ingenieros dise\u00f1an es, por tanto, la base decisiva para fabricar un molde que debe ser <strong>f\u00e1cil<\/strong> de producir, f\u00e1cil de <strong>montar<\/strong>, lo m\u00e1s <strong>duradero<\/strong> posible y lo m\u00e1s <strong>r\u00e1pido<\/strong> posible en la fase posterior de moldeo de la pieza de pl\u00e1stico.<\/p>\n<p>Para moldes de gran complejidad, adem\u00e1s del estudio detallado del proyecto, <strong>FI.DAL. Stampi<\/strong> se compromete a proporcionar a los clientes una mayor seguridad ofreciendo la posibilidad de utilizar software para simular el flujo, el enfriamiento y la deformaci\u00f3n del pl\u00e1stico durante el proceso de moldeo (<strong>Moldflow<\/strong>) y la creaci\u00f3n del prototipo de la pieza final mediante el uso de nuestra <strong>impresora 3D<\/strong>.[\/vc_column_text][\/vc_column_inner][vc_column_inner column_width_percent=\u00bb100&#8243; position_vertical=\u00bbmiddle\u00bb gutter_size=\u00bb3&#8243; overlay_alpha=\u00bb50&#8243; shift_x=\u00bb0&#8243; shift_y=\u00bb0&#8243; shift_y_down=\u00bb0&#8243; z_index=\u00bb0&#8243; medium_width=\u00bb0&#8243; mobile_width=\u00bb0&#8243; width=\u00bb1\/2&#8243; uncode_shortcode_id=\u00bb835244&#8243;][vc_single_image media=\u00bb590&#8243; media_width_percent=\u00bb100&#8243; shape=\u00bbimg-round\u00bb uncode_shortcode_id=\u00bb546368&#8243;][\/vc_column_inner][\/vc_row_inner][\/vc_column][\/vc_row]<\/p>\n<\/div>","protected":false},"excerpt":{"rendered":"<p>[vc_row row_height_percent=\u00bb0&#8243; back_image=\u00bb900&#8243; back_repeat=\u00bbno-repeat\u00bb back_position=\u00bbcenter bottom\u00bb parallax=\u00bbyes\u00bb overlay_color=\u00bbcolor-prif\u00bb overlay_alpha=\u00bb40&#8243; gutter_size=\u00bb3&#8243; column_width_percent=\u00bb100&#8243; shift_y=\u00bb0&#8243; z_index=\u00bb0&#8243; bottom_divider=\u00bbstep_2_3&#8243; auto_height_device=\u00bbyes\u00bb uncode_shortcode_id=\u00bb294151&#8243; row_height_pixel=\u00bb800px\u00bb overlay_color_type=\u00bbuncode-palette\u00bb][vc_column column_width_percent=\u00bb100&#8243; position_vertical=\u00bbmiddle\u00bb [&hellip;]<\/p>\n","protected":false},"author":31,"featured_media":0,"parent":0,"menu_order":0,"comment_status":"closed","ping_status":"closed","template":"","meta":{"_acf_changed":false,"_monsterinsights_skip_tracking":false,"_monsterinsights_sitenote_active":false,"_monsterinsights_sitenote_note":"","_monsterinsights_sitenote_category":0,"footnotes":""},"acf":[],"yoast_head":"<!-- This site is optimized with the Yoast SEO plugin v23.1 - https:\/\/yoast.com\/wordpress\/plugins\/seo\/ -->\n<title>FI.DAL. Moldes | Dise\u00f1o de moldes de pl\u00e1stico<\/title>\n<meta name=\"description\" content=\"Desde hace m\u00e1s de 29 a\u00f1os, FI.DAL. Stampi cuenta con una amplia experiencia en el dise\u00f1o y construcci\u00f3n de moldes y fundici\u00f3n a presi\u00f3n\" \/>\n<meta name=\"robots\" content=\"index, follow, max-snippet:-1, max-image-preview:large, max-video-preview:-1\" \/>\n<link rel=\"canonical\" href=\"https:\/\/www.stampifidal.it\/es\/diseno-de-moldes\/\" \/>\n<meta property=\"og:locale\" content=\"es_ES\" \/>\n<meta property=\"og:type\" content=\"article\" \/>\n<meta property=\"og:title\" content=\"FI.DAL. Moldes | Dise\u00f1o de moldes de pl\u00e1stico\" \/>\n<meta property=\"og:description\" content=\"Desde hace m\u00e1s de 29 a\u00f1os, FI.DAL. Stampi cuenta con una amplia experiencia en el dise\u00f1o y construcci\u00f3n de moldes y fundici\u00f3n a presi\u00f3n\" \/>\n<meta property=\"og:url\" content=\"https:\/\/www.stampifidal.it\/es\/diseno-de-moldes\/\" \/>\n<meta property=\"og:site_name\" content=\"FI.DAL. Stampi\" \/>\n<meta property=\"article:publisher\" content=\"https:\/\/www.facebook.com\/fidalstampi\" \/>\n<meta property=\"article:modified_time\" content=\"2023-06-22T08:43:06+00:00\" \/>\n<meta property=\"og:image\" content=\"https:\/\/www.stampifidal.it\/wp-content\/uploads\/2023\/04\/fidal-stampi-logo-seo.jpg\" \/>\n\t<meta property=\"og:image:width\" content=\"1200\" \/>\n\t<meta property=\"og:image:height\" content=\"675\" \/>\n\t<meta property=\"og:image:type\" content=\"image\/jpeg\" \/>\n<meta name=\"twitter:card\" content=\"summary_large_image\" \/>\n<meta name=\"twitter:label1\" content=\"Tiempo de lectura\" \/>\n\t<meta name=\"twitter:data1\" content=\"4 minutos\" \/>\n<script type=\"application\/ld+json\" class=\"yoast-schema-graph\">{\"@context\":\"https:\/\/schema.org\",\"@graph\":[{\"@type\":\"WebPage\",\"@id\":\"https:\/\/www.stampifidal.it\/es\/diseno-de-moldes\/\",\"url\":\"https:\/\/www.stampifidal.it\/es\/diseno-de-moldes\/\",\"name\":\"FI.DAL. Moldes | Dise\u00f1o de moldes de pl\u00e1stico\",\"isPartOf\":{\"@id\":\"https:\/\/www.stampifidal.it\/es\/#website\"},\"datePublished\":\"2023-04-19T08:41:53+00:00\",\"dateModified\":\"2023-06-22T08:43:06+00:00\",\"description\":\"Desde hace m\u00e1s de 29 a\u00f1os, FI.DAL. Stampi cuenta con una amplia experiencia en el dise\u00f1o y construcci\u00f3n de moldes y fundici\u00f3n a presi\u00f3n\",\"breadcrumb\":{\"@id\":\"https:\/\/www.stampifidal.it\/es\/diseno-de-moldes\/#breadcrumb\"},\"inLanguage\":\"es\",\"potentialAction\":[{\"@type\":\"ReadAction\",\"target\":[\"https:\/\/www.stampifidal.it\/es\/diseno-de-moldes\/\"]}]},{\"@type\":\"BreadcrumbList\",\"@id\":\"https:\/\/www.stampifidal.it\/es\/diseno-de-moldes\/#breadcrumb\",\"itemListElement\":[{\"@type\":\"ListItem\",\"position\":1,\"name\":\"Home\",\"item\":\"https:\/\/www.stampifidal.it\/es\/homepage\/\"},{\"@type\":\"ListItem\",\"position\":2,\"name\":\"Dise\u00f1o de moldes\"}]},{\"@type\":\"WebSite\",\"@id\":\"https:\/\/www.stampifidal.it\/es\/#website\",\"url\":\"https:\/\/www.stampifidal.it\/es\/\",\"name\":\"FI.DAL. Stampi\",\"description\":\"Progettazione e costruzione stampi per materie plastiche\",\"publisher\":{\"@id\":\"https:\/\/www.stampifidal.it\/es\/#organization\"},\"potentialAction\":[{\"@type\":\"SearchAction\",\"target\":{\"@type\":\"EntryPoint\",\"urlTemplate\":\"https:\/\/www.stampifidal.it\/es\/?s={search_term_string}\"},\"query-input\":\"required name=search_term_string\"}],\"inLanguage\":\"es\"},{\"@type\":\"Organization\",\"@id\":\"https:\/\/www.stampifidal.it\/es\/#organization\",\"name\":\"FI.DAL. Stampi\",\"url\":\"https:\/\/www.stampifidal.it\/es\/\",\"logo\":{\"@type\":\"ImageObject\",\"inLanguage\":\"es\",\"@id\":\"https:\/\/www.stampifidal.it\/es\/#\/schema\/logo\/image\/\",\"url\":\"https:\/\/www.stampifidal.it\/wp-content\/uploads\/2023\/04\/logo-fidal-stampi-quadrato.jpg\",\"contentUrl\":\"https:\/\/www.stampifidal.it\/wp-content\/uploads\/2023\/04\/logo-fidal-stampi-quadrato.jpg\",\"width\":700,\"height\":700,\"caption\":\"FI.DAL. Stampi\"},\"image\":{\"@id\":\"https:\/\/www.stampifidal.it\/es\/#\/schema\/logo\/image\/\"},\"sameAs\":[\"https:\/\/www.facebook.com\/fidalstampi\",\"https:\/\/www.instagram.com\/fidalstampi\/\",\"https:\/\/www.linkedin.com\/company\/fi-dal-stampi\/about\/?viewAsMember=true\"]}]}<\/script>\n<!-- \/ Yoast SEO plugin. -->","yoast_head_json":{"title":"FI.DAL. Moldes | Dise\u00f1o de moldes de pl\u00e1stico","description":"Desde hace m\u00e1s de 29 a\u00f1os, FI.DAL. Stampi cuenta con una amplia experiencia en el dise\u00f1o y construcci\u00f3n de moldes y fundici\u00f3n a presi\u00f3n","robots":{"index":"index","follow":"follow","max-snippet":"max-snippet:-1","max-image-preview":"max-image-preview:large","max-video-preview":"max-video-preview:-1"},"canonical":"https:\/\/www.stampifidal.it\/es\/diseno-de-moldes\/","og_locale":"es_ES","og_type":"article","og_title":"FI.DAL. Moldes | Dise\u00f1o de moldes de pl\u00e1stico","og_description":"Desde hace m\u00e1s de 29 a\u00f1os, FI.DAL. Stampi cuenta con una amplia experiencia en el dise\u00f1o y construcci\u00f3n de moldes y fundici\u00f3n a presi\u00f3n","og_url":"https:\/\/www.stampifidal.it\/es\/diseno-de-moldes\/","og_site_name":"FI.DAL. Stampi","article_publisher":"https:\/\/www.facebook.com\/fidalstampi","article_modified_time":"2023-06-22T08:43:06+00:00","og_image":[{"width":1200,"height":675,"url":"https:\/\/www.stampifidal.it\/wp-content\/uploads\/2023\/04\/fidal-stampi-logo-seo.jpg","type":"image\/jpeg"}],"twitter_card":"summary_large_image","twitter_misc":{"Tiempo de lectura":"4 minutos"},"schema":{"@context":"https:\/\/schema.org","@graph":[{"@type":"WebPage","@id":"https:\/\/www.stampifidal.it\/es\/diseno-de-moldes\/","url":"https:\/\/www.stampifidal.it\/es\/diseno-de-moldes\/","name":"FI.DAL. Moldes | Dise\u00f1o de moldes de pl\u00e1stico","isPartOf":{"@id":"https:\/\/www.stampifidal.it\/es\/#website"},"datePublished":"2023-04-19T08:41:53+00:00","dateModified":"2023-06-22T08:43:06+00:00","description":"Desde hace m\u00e1s de 29 a\u00f1os, FI.DAL. Stampi cuenta con una amplia experiencia en el dise\u00f1o y construcci\u00f3n de moldes y fundici\u00f3n a presi\u00f3n","breadcrumb":{"@id":"https:\/\/www.stampifidal.it\/es\/diseno-de-moldes\/#breadcrumb"},"inLanguage":"es","potentialAction":[{"@type":"ReadAction","target":["https:\/\/www.stampifidal.it\/es\/diseno-de-moldes\/"]}]},{"@type":"BreadcrumbList","@id":"https:\/\/www.stampifidal.it\/es\/diseno-de-moldes\/#breadcrumb","itemListElement":[{"@type":"ListItem","position":1,"name":"Home","item":"https:\/\/www.stampifidal.it\/es\/homepage\/"},{"@type":"ListItem","position":2,"name":"Dise\u00f1o de moldes"}]},{"@type":"WebSite","@id":"https:\/\/www.stampifidal.it\/es\/#website","url":"https:\/\/www.stampifidal.it\/es\/","name":"FI.DAL. Stampi","description":"Progettazione e costruzione stampi per materie plastiche","publisher":{"@id":"https:\/\/www.stampifidal.it\/es\/#organization"},"potentialAction":[{"@type":"SearchAction","target":{"@type":"EntryPoint","urlTemplate":"https:\/\/www.stampifidal.it\/es\/?s={search_term_string}"},"query-input":"required name=search_term_string"}],"inLanguage":"es"},{"@type":"Organization","@id":"https:\/\/www.stampifidal.it\/es\/#organization","name":"FI.DAL. Stampi","url":"https:\/\/www.stampifidal.it\/es\/","logo":{"@type":"ImageObject","inLanguage":"es","@id":"https:\/\/www.stampifidal.it\/es\/#\/schema\/logo\/image\/","url":"https:\/\/www.stampifidal.it\/wp-content\/uploads\/2023\/04\/logo-fidal-stampi-quadrato.jpg","contentUrl":"https:\/\/www.stampifidal.it\/wp-content\/uploads\/2023\/04\/logo-fidal-stampi-quadrato.jpg","width":700,"height":700,"caption":"FI.DAL. Stampi"},"image":{"@id":"https:\/\/www.stampifidal.it\/es\/#\/schema\/logo\/image\/"},"sameAs":["https:\/\/www.facebook.com\/fidalstampi","https:\/\/www.instagram.com\/fidalstampi\/","https:\/\/www.linkedin.com\/company\/fi-dal-stampi\/about\/?viewAsMember=true"]}]}},"_links":{"self":[{"href":"https:\/\/www.stampifidal.it\/es\/wp-json\/wp\/v2\/pages\/1628"}],"collection":[{"href":"https:\/\/www.stampifidal.it\/es\/wp-json\/wp\/v2\/pages"}],"about":[{"href":"https:\/\/www.stampifidal.it\/es\/wp-json\/wp\/v2\/types\/page"}],"author":[{"embeddable":true,"href":"https:\/\/www.stampifidal.it\/es\/wp-json\/wp\/v2\/users\/31"}],"replies":[{"embeddable":true,"href":"https:\/\/www.stampifidal.it\/es\/wp-json\/wp\/v2\/comments?post=1628"}],"version-history":[{"count":2,"href":"https:\/\/www.stampifidal.it\/es\/wp-json\/wp\/v2\/pages\/1628\/revisions"}],"predecessor-version":[{"id":1630,"href":"https:\/\/www.stampifidal.it\/es\/wp-json\/wp\/v2\/pages\/1628\/revisions\/1630"}],"wp:attachment":[{"href":"https:\/\/www.stampifidal.it\/es\/wp-json\/wp\/v2\/media?parent=1628"}],"curies":[{"name":"wp","href":"https:\/\/api.w.org\/{rel}","templated":true}]}}