{"id":1620,"date":"2023-03-24T10:34:33","date_gmt":"2023-03-24T09:34:33","guid":{"rendered":"https:\/\/www.stampifidal.it\/mision-y-vision\/"},"modified":"2023-09-06T14:43:54","modified_gmt":"2023-09-06T12:43:54","slug":"mision-y-vision","status":"publish","type":"page","link":"https:\/\/www.stampifidal.it\/es\/mision-y-vision\/","title":{"rendered":"Misi\u00f3n y visi\u00f3n"},"content":{"rendered":"<div class=\"wpb-content-wrapper\"><p>[vc_row unlock_row_content=\u00bbyes\u00bb row_height_percent=\u00bb0&#8243; override_padding=\u00bbyes\u00bb h_padding=\u00bb0&#8243; top_padding=\u00bb0&#8243; bottom_padding=\u00bb2&#8243; overlay_alpha=\u00bb50&#8243; gutter_size=\u00bb3&#8243; column_width_percent=\u00bb100&#8243; shift_y=\u00bb0&#8243; z_index=\u00bb0&#8243; mobile_visibility=\u00bbyes\u00bb uncode_shortcode_id=\u00bb815164&#8243;][vc_column width=\u00bb1\/1&#8243;][vc_row_inner row_inner_height_percent=\u00bb0&#8243; overlay_alpha=\u00bb50&#8243; equal_height=\u00bbyes\u00bb gutter_size=\u00bb3&#8243; shift_y=\u00bb0&#8243; z_index=\u00bb0&#8243; mobile_visibility=\u00bbyes\u00bb uncode_shortcode_id=\u00bb192138&#8243;][vc_column_inner column_width_percent=\u00bb100&#8243; gutter_size=\u00bb3&#8243; back_image=\u00bb826&#8243; back_repeat=\u00bbno-repeat\u00bb back_position=\u00bbcenter top\u00bb overlay_alpha=\u00bb50&#8243; shift_x=\u00bb0&#8243; shift_y=\u00bb0&#8243; shift_y_down=\u00bb0&#8243; z_index=\u00bb0&#8243; medium_width=\u00bb0&#8243; mobile_width=\u00bb0&#8243; width=\u00bb1\/2&#8243; uncode_shortcode_id=\u00bb511542&#8243;][\/vc_column_inner][vc_column_inner column_width_percent=\u00bb100&#8243; position_vertical=\u00bbmiddle\u00bb gutter_size=\u00bb3&#8243; override_padding=\u00bbyes\u00bb column_padding=\u00bb3&#8243; style=\u00bbdark\u00bb overlay_alpha=\u00bb50&#8243; shift_x=\u00bb0&#8243; shift_y=\u00bb0&#8243; shift_y_down=\u00bb0&#8243; z_index=\u00bb0&#8243; medium_width=\u00bb0&#8243; mobile_width=\u00bb0&#8243; width=\u00bb1\/2&#8243; uncode_shortcode_id=\u00bb984037&#8243;][vc_empty_space empty_h=\u00bb3&#8243;][vc_custom_heading heading_semantic=\u00bbh1&#8243; text_size=\u00bbh1&#8243; text_transform=\u00bbuppercase\u00bb uncode_shortcode_id=\u00bb212323&#8243;]MISI\u00d3N[\/vc_custom_heading][vc_column_text uncode_shortcode_id=\u00bb135657&#8243;]Dise\u00f1amos y fabricamos moldes de inyecci\u00f3n de acero para pl\u00e1sticos y fundici\u00f3n a presi\u00f3n, operando <strong>en todos los sectores<\/strong> que requieren componentes pl\u00e1sticos. La continua <strong>actualizaci\u00f3n<\/strong> y la constante b\u00fasqueda de la <strong>innovaci\u00f3n<\/strong>, unidas a la elevada <strong>experiencia<\/strong> de un personal altamente especializado, nos permiten crear un producto final de la <strong>m\u00e1xima calidad<\/strong> que garantiza a los clientes la <strong>m\u00e1xima precisi\u00f3n<\/strong>.[\/vc_column_text][vc_empty_space empty_h=\u00bb3&#8243;][vc_custom_heading text_size=\u00bbh1&#8243; text_transform=\u00bbuppercase\u00bb uncode_shortcode_id=\u00bb128980&#8243;]VISI\u00d3N[\/vc_custom_heading][vc_column_text uncode_shortcode_id=\u00bb424784&#8243;]Nuestro <strong>objetivo<\/strong> es fabricar moldes para todos los componentes de pl\u00e1stico imaginables en el <strong>mundo<\/strong>, independientemente de la idea y la geometr\u00eda del objeto.[\/vc_column_text][vc_empty_space empty_h=\u00bb3&#8243;][\/vc_column_inner][\/vc_row_inner][\/vc_column][\/vc_row][vc_row unlock_row_content=\u00bbyes\u00bb row_height_percent=\u00bb0&#8243; override_padding=\u00bbyes\u00bb h_padding=\u00bb0&#8243; top_padding=\u00bb0&#8243; bottom_padding=\u00bb0&#8243; overlay_alpha=\u00bb50&#8243; gutter_size=\u00bb3&#8243; column_width_percent=\u00bb100&#8243; shift_y=\u00bb0&#8243; z_index=\u00bb0&#8243; desktop_visibility=\u00bbyes\u00bb medium_visibility=\u00bbyes\u00bb uncode_shortcode_id=\u00bb243363&#8243;][vc_column width=\u00bb1\/1&#8243;][vc_single_image media=\u00bb826&#8243; media_width_percent=\u00bb100&#8243; uncode_shortcode_id=\u00bb203562&#8243;][\/vc_column][\/vc_row][vc_row unlock_row_content=\u00bbyes\u00bb row_height_percent=\u00bb0&#8243; override_padding=\u00bbyes\u00bb h_padding=\u00bb2&#8243; top_padding=\u00bb2&#8243; bottom_padding=\u00bb3&#8243; overlay_alpha=\u00bb50&#8243; gutter_size=\u00bb3&#8243; column_width_percent=\u00bb100&#8243; shift_y=\u00bb0&#8243; z_index=\u00bb0&#8243; desktop_visibility=\u00bbyes\u00bb medium_visibility=\u00bbyes\u00bb uncode_shortcode_id=\u00bb101789&#8243;][vc_column column_width_percent=\u00bb100&#8243; gutter_size=\u00bb3&#8243; style=\u00bbdark\u00bb overlay_alpha=\u00bb50&#8243; shift_x=\u00bb0&#8243; shift_y=\u00bb0&#8243; shift_y_down=\u00bb0&#8243; z_index=\u00bb0&#8243; medium_width=\u00bb0&#8243; mobile_width=\u00bb0&#8243; width=\u00bb1\/1&#8243; uncode_shortcode_id=\u00bb128870&#8243;][vc_custom_heading heading_semantic=\u00bbh1&#8243; text_size=\u00bbh1&#8243; text_transform=\u00bbuppercase\u00bb uncode_shortcode_id=\u00bb212323&#8243;]MISI\u00d3N[\/vc_custom_heading][vc_column_text uncode_shortcode_id=\u00bb135657&#8243;]Dise\u00f1amos y fabricamos moldes de inyecci\u00f3n de acero para pl\u00e1sticos y fundici\u00f3n a presi\u00f3n, operando <strong>en todos los sectores<\/strong> que requieren componentes pl\u00e1sticos. La continua <strong>actualizaci\u00f3n<\/strong> y la constante b\u00fasqueda de la <strong>innovaci\u00f3n<\/strong>, unidas a la elevada <strong>experiencia<\/strong> de un personal altamente especializado, nos permiten crear un producto final de la <strong>m\u00e1xima calidad<\/strong> que garantiza a los clientes la <strong>m\u00e1xima precisi\u00f3n<\/strong>.[\/vc_column_text][vc_empty_space empty_h=\u00bb2&#8243;][vc_custom_heading text_size=\u00bbh1&#8243; text_transform=\u00bbuppercase\u00bb uncode_shortcode_id=\u00bb128980&#8243;]VISI\u00d3N[\/vc_custom_heading][vc_column_text uncode_shortcode_id=\u00bb424784&#8243;]Nuestro <strong>objetivo<\/strong> es fabricar moldes para todos los componentes de pl\u00e1stico imaginables en el <strong>mundo<\/strong>, independientemente de la idea y la geometr\u00eda del objeto.[\/vc_column_text][\/vc_column][\/vc_row][vc_row row_height_percent=\u00bb0&#8243; override_padding=\u00bbyes\u00bb h_padding=\u00bb2&#8243; top_padding=\u00bb2&#8243; bottom_padding=\u00bb4&#8243; overlay_alpha=\u00bb50&#8243; gutter_size=\u00bb3&#8243; column_width_percent=\u00bb100&#8243; shift_y=\u00bb0&#8243; z_index=\u00bb0&#8243; enable_bottom_divider=\u00bbdefault\u00bb bottom_divider=\u00bbswoosh\u00bb shape_bottom_h_use_pixel=\u00bbtrue\u00bb shape_bottom_height_percent=\u00bb28&#8243; shape_bottom_color=\u00bbcolor-xsdn\u00bb shape_bottom_opacity=\u00bb100&#8243; shape_bottom_index=\u00bb0&#8243; uncode_shortcode_id=\u00bb180404&#8243; shape_bottom_color_type=\u00bbuncode-palette\u00bb][vc_column width=\u00bb1\/1&#8243;][vc_row_inner][vc_column_inner column_width_percent=\u00bb100&#8243; position_vertical=\u00bbmiddle\u00bb gutter_size=\u00bb3&#8243; style=\u00bbdark\u00bb overlay_alpha=\u00bb50&#8243; shift_x=\u00bb0&#8243; shift_y=\u00bb0&#8243; shift_y_down=\u00bb0&#8243; z_index=\u00bb0&#8243; medium_width=\u00bb0&#8243; mobile_width=\u00bb0&#8243; width=\u00bb1\/2&#8243; uncode_shortcode_id=\u00bb189285&#8243;][vc_custom_heading text_color=\u00bbcolor-xsdn\u00bb heading_semantic=\u00bbh3&#8243; text_transform=\u00bbuppercase\u00bb uncode_shortcode_id=\u00bb180765&#8243; text_color_type=\u00bbuncode-palette\u00bb]UN MUNDO DE PL\u00c1STICO[\/vc_custom_heading][vc_button button_color=\u00bbcolor-xsdn\u00bb size=\u00bblink\u00bb btn_link_size=\u00bbh3&#8243; btn_link_hover=\u00bbbtn-hover-accent\u00bb btn_link_underline=\u00bbbtn-underline-out\u00bb uncode_shortcode_id=\u00bb179493&#8243; button_color_type=\u00bbuncode-palette\u00bb link=\u00bburl:https%3A%2F%2Fwww.stampifidal.it%2Fes%2Fun-mundo-de-plastico%2F|title:Un%20mundo%20de%20plastico\u00bb]M\u00e1s informaci\u00f3n[\/vc_button][\/vc_column_inner][vc_column_inner column_width_percent=\u00bb100&#8243; position_vertical=\u00bbmiddle\u00bb gutter_size=\u00bb3&#8243; overlay_alpha=\u00bb50&#8243; shift_x=\u00bb0&#8243; shift_y=\u00bb0&#8243; shift_y_down=\u00bb0&#8243; z_index=\u00bb0&#8243; medium_width=\u00bb0&#8243; mobile_width=\u00bb0&#8243; width=\u00bb1\/2&#8243; uncode_shortcode_id=\u00bb162872&#8243;][vc_single_image media=\u00bb700&#8243; media_width_percent=\u00bb100&#8243; uncode_shortcode_id=\u00bb269361&#8243;][\/vc_column_inner][\/vc_row_inner][vc_empty_space empty_h=\u00bb3&#8243;][\/vc_column][\/vc_row]<\/p>\n<\/div>","protected":false},"excerpt":{"rendered":"<p>[vc_row unlock_row_content=\u00bbyes\u00bb row_height_percent=\u00bb0&#8243; override_padding=\u00bbyes\u00bb h_padding=\u00bb0&#8243; top_padding=\u00bb0&#8243; bottom_padding=\u00bb2&#8243; overlay_alpha=\u00bb50&#8243; gutter_size=\u00bb3&#8243; column_width_percent=\u00bb100&#8243; shift_y=\u00bb0&#8243; z_index=\u00bb0&#8243; mobile_visibility=\u00bbyes\u00bb uncode_shortcode_id=\u00bb815164&#8243;][vc_column width=\u00bb1\/1&#8243;][vc_row_inner row_inner_height_percent=\u00bb0&#8243; overlay_alpha=\u00bb50&#8243; equal_height=\u00bbyes\u00bb gutter_size=\u00bb3&#8243; shift_y=\u00bb0&#8243; [&hellip;]<\/p>\n","protected":false},"author":31,"featured_media":0,"parent":0,"menu_order":0,"comment_status":"closed","ping_status":"closed","template":"","meta":{"_acf_changed":false,"_monsterinsights_skip_tracking":false,"_monsterinsights_sitenote_active":false,"_monsterinsights_sitenote_note":"","_monsterinsights_sitenote_category":0,"footnotes":""},"acf":[],"yoast_head":"<!-- This site is optimized with the Yoast SEO plugin v23.1 - https:\/\/yoast.com\/wordpress\/plugins\/seo\/ -->\n<title>Misi\u00f3n y visi\u00f3n | FI.DAL. Moldes | Moldes para pl\u00e1sticos<\/title>\n<meta name=\"description\" content=\"Dise\u00f1amos y construimos moldes de inyecci\u00f3n para pl\u00e1sticos y fundici\u00f3n a presi\u00f3n. Nuestro objetivo es fabricar moldes para todos los componentes de pl\u00e1stico imaginables en el mundo\" \/>\n<meta name=\"robots\" content=\"index, follow, max-snippet:-1, max-image-preview:large, max-video-preview:-1\" \/>\n<link rel=\"canonical\" href=\"https:\/\/www.stampifidal.it\/es\/mision-y-vision\/\" \/>\n<meta property=\"og:locale\" content=\"es_ES\" \/>\n<meta property=\"og:type\" content=\"article\" \/>\n<meta property=\"og:title\" content=\"Misi\u00f3n y visi\u00f3n | FI.DAL. Moldes | Moldes para pl\u00e1sticos\" \/>\n<meta property=\"og:description\" content=\"Dise\u00f1amos y construimos moldes de inyecci\u00f3n para pl\u00e1sticos y fundici\u00f3n a presi\u00f3n. Nuestro objetivo es fabricar moldes para todos los componentes de pl\u00e1stico imaginables en el mundo\" \/>\n<meta property=\"og:url\" content=\"https:\/\/www.stampifidal.it\/es\/mision-y-vision\/\" \/>\n<meta property=\"og:site_name\" content=\"FI.DAL. Stampi\" \/>\n<meta property=\"article:publisher\" content=\"https:\/\/www.facebook.com\/fidalstampi\" \/>\n<meta property=\"article:modified_time\" content=\"2023-09-06T12:43:54+00:00\" \/>\n<meta property=\"og:image\" content=\"https:\/\/www.stampifidal.it\/wp-content\/uploads\/2023\/04\/fidal-stampi-logo-seo.jpg\" \/>\n\t<meta property=\"og:image:width\" content=\"1200\" \/>\n\t<meta property=\"og:image:height\" content=\"675\" \/>\n\t<meta property=\"og:image:type\" content=\"image\/jpeg\" \/>\n<meta name=\"twitter:card\" content=\"summary_large_image\" \/>\n<meta name=\"twitter:label1\" content=\"Tiempo de lectura\" \/>\n\t<meta name=\"twitter:data1\" content=\"2 minutos\" \/>\n<script type=\"application\/ld+json\" class=\"yoast-schema-graph\">{\"@context\":\"https:\/\/schema.org\",\"@graph\":[{\"@type\":\"WebPage\",\"@id\":\"https:\/\/www.stampifidal.it\/es\/mision-y-vision\/\",\"url\":\"https:\/\/www.stampifidal.it\/es\/mision-y-vision\/\",\"name\":\"Misi\u00f3n y visi\u00f3n | FI.DAL. Moldes | Moldes para pl\u00e1sticos\",\"isPartOf\":{\"@id\":\"https:\/\/www.stampifidal.it\/es\/#website\"},\"datePublished\":\"2023-03-24T09:34:33+00:00\",\"dateModified\":\"2023-09-06T12:43:54+00:00\",\"description\":\"Dise\u00f1amos y construimos moldes de inyecci\u00f3n para pl\u00e1sticos y fundici\u00f3n a presi\u00f3n. Nuestro objetivo es fabricar moldes para todos los componentes de pl\u00e1stico imaginables en el mundo\",\"breadcrumb\":{\"@id\":\"https:\/\/www.stampifidal.it\/es\/mision-y-vision\/#breadcrumb\"},\"inLanguage\":\"es\",\"potentialAction\":[{\"@type\":\"ReadAction\",\"target\":[\"https:\/\/www.stampifidal.it\/es\/mision-y-vision\/\"]}]},{\"@type\":\"BreadcrumbList\",\"@id\":\"https:\/\/www.stampifidal.it\/es\/mision-y-vision\/#breadcrumb\",\"itemListElement\":[{\"@type\":\"ListItem\",\"position\":1,\"name\":\"Home\",\"item\":\"https:\/\/www.stampifidal.it\/es\/homepage\/\"},{\"@type\":\"ListItem\",\"position\":2,\"name\":\"Misi\u00f3n y visi\u00f3n\"}]},{\"@type\":\"WebSite\",\"@id\":\"https:\/\/www.stampifidal.it\/es\/#website\",\"url\":\"https:\/\/www.stampifidal.it\/es\/\",\"name\":\"FI.DAL. Stampi\",\"description\":\"Progettazione e costruzione stampi per materie plastiche\",\"publisher\":{\"@id\":\"https:\/\/www.stampifidal.it\/es\/#organization\"},\"potentialAction\":[{\"@type\":\"SearchAction\",\"target\":{\"@type\":\"EntryPoint\",\"urlTemplate\":\"https:\/\/www.stampifidal.it\/es\/?s={search_term_string}\"},\"query-input\":\"required name=search_term_string\"}],\"inLanguage\":\"es\"},{\"@type\":\"Organization\",\"@id\":\"https:\/\/www.stampifidal.it\/es\/#organization\",\"name\":\"FI.DAL. Stampi\",\"url\":\"https:\/\/www.stampifidal.it\/es\/\",\"logo\":{\"@type\":\"ImageObject\",\"inLanguage\":\"es\",\"@id\":\"https:\/\/www.stampifidal.it\/es\/#\/schema\/logo\/image\/\",\"url\":\"https:\/\/www.stampifidal.it\/wp-content\/uploads\/2023\/04\/logo-fidal-stampi-quadrato.jpg\",\"contentUrl\":\"https:\/\/www.stampifidal.it\/wp-content\/uploads\/2023\/04\/logo-fidal-stampi-quadrato.jpg\",\"width\":700,\"height\":700,\"caption\":\"FI.DAL. Stampi\"},\"image\":{\"@id\":\"https:\/\/www.stampifidal.it\/es\/#\/schema\/logo\/image\/\"},\"sameAs\":[\"https:\/\/www.facebook.com\/fidalstampi\",\"https:\/\/www.instagram.com\/fidalstampi\/\",\"https:\/\/www.linkedin.com\/company\/fi-dal-stampi\/about\/?viewAsMember=true\"]}]}<\/script>\n<!-- \/ Yoast SEO plugin. -->","yoast_head_json":{"title":"Misi\u00f3n y visi\u00f3n | FI.DAL. Moldes | Moldes para pl\u00e1sticos","description":"Dise\u00f1amos y construimos moldes de inyecci\u00f3n para pl\u00e1sticos y fundici\u00f3n a presi\u00f3n. Nuestro objetivo es fabricar moldes para todos los componentes de pl\u00e1stico imaginables en el mundo","robots":{"index":"index","follow":"follow","max-snippet":"max-snippet:-1","max-image-preview":"max-image-preview:large","max-video-preview":"max-video-preview:-1"},"canonical":"https:\/\/www.stampifidal.it\/es\/mision-y-vision\/","og_locale":"es_ES","og_type":"article","og_title":"Misi\u00f3n y visi\u00f3n | FI.DAL. Moldes | Moldes para pl\u00e1sticos","og_description":"Dise\u00f1amos y construimos moldes de inyecci\u00f3n para pl\u00e1sticos y fundici\u00f3n a presi\u00f3n. Nuestro objetivo es fabricar moldes para todos los componentes de pl\u00e1stico imaginables en el mundo","og_url":"https:\/\/www.stampifidal.it\/es\/mision-y-vision\/","og_site_name":"FI.DAL. Stampi","article_publisher":"https:\/\/www.facebook.com\/fidalstampi","article_modified_time":"2023-09-06T12:43:54+00:00","og_image":[{"width":1200,"height":675,"url":"https:\/\/www.stampifidal.it\/wp-content\/uploads\/2023\/04\/fidal-stampi-logo-seo.jpg","type":"image\/jpeg"}],"twitter_card":"summary_large_image","twitter_misc":{"Tiempo de lectura":"2 minutos"},"schema":{"@context":"https:\/\/schema.org","@graph":[{"@type":"WebPage","@id":"https:\/\/www.stampifidal.it\/es\/mision-y-vision\/","url":"https:\/\/www.stampifidal.it\/es\/mision-y-vision\/","name":"Misi\u00f3n y visi\u00f3n | FI.DAL. Moldes | Moldes para pl\u00e1sticos","isPartOf":{"@id":"https:\/\/www.stampifidal.it\/es\/#website"},"datePublished":"2023-03-24T09:34:33+00:00","dateModified":"2023-09-06T12:43:54+00:00","description":"Dise\u00f1amos y construimos moldes de inyecci\u00f3n para pl\u00e1sticos y fundici\u00f3n a presi\u00f3n. Nuestro objetivo es fabricar moldes para todos los componentes de pl\u00e1stico imaginables en el mundo","breadcrumb":{"@id":"https:\/\/www.stampifidal.it\/es\/mision-y-vision\/#breadcrumb"},"inLanguage":"es","potentialAction":[{"@type":"ReadAction","target":["https:\/\/www.stampifidal.it\/es\/mision-y-vision\/"]}]},{"@type":"BreadcrumbList","@id":"https:\/\/www.stampifidal.it\/es\/mision-y-vision\/#breadcrumb","itemListElement":[{"@type":"ListItem","position":1,"name":"Home","item":"https:\/\/www.stampifidal.it\/es\/homepage\/"},{"@type":"ListItem","position":2,"name":"Misi\u00f3n y visi\u00f3n"}]},{"@type":"WebSite","@id":"https:\/\/www.stampifidal.it\/es\/#website","url":"https:\/\/www.stampifidal.it\/es\/","name":"FI.DAL. Stampi","description":"Progettazione e costruzione stampi per materie plastiche","publisher":{"@id":"https:\/\/www.stampifidal.it\/es\/#organization"},"potentialAction":[{"@type":"SearchAction","target":{"@type":"EntryPoint","urlTemplate":"https:\/\/www.stampifidal.it\/es\/?s={search_term_string}"},"query-input":"required name=search_term_string"}],"inLanguage":"es"},{"@type":"Organization","@id":"https:\/\/www.stampifidal.it\/es\/#organization","name":"FI.DAL. Stampi","url":"https:\/\/www.stampifidal.it\/es\/","logo":{"@type":"ImageObject","inLanguage":"es","@id":"https:\/\/www.stampifidal.it\/es\/#\/schema\/logo\/image\/","url":"https:\/\/www.stampifidal.it\/wp-content\/uploads\/2023\/04\/logo-fidal-stampi-quadrato.jpg","contentUrl":"https:\/\/www.stampifidal.it\/wp-content\/uploads\/2023\/04\/logo-fidal-stampi-quadrato.jpg","width":700,"height":700,"caption":"FI.DAL. Stampi"},"image":{"@id":"https:\/\/www.stampifidal.it\/es\/#\/schema\/logo\/image\/"},"sameAs":["https:\/\/www.facebook.com\/fidalstampi","https:\/\/www.instagram.com\/fidalstampi\/","https:\/\/www.linkedin.com\/company\/fi-dal-stampi\/about\/?viewAsMember=true"]}]}},"_links":{"self":[{"href":"https:\/\/www.stampifidal.it\/es\/wp-json\/wp\/v2\/pages\/1620"}],"collection":[{"href":"https:\/\/www.stampifidal.it\/es\/wp-json\/wp\/v2\/pages"}],"about":[{"href":"https:\/\/www.stampifidal.it\/es\/wp-json\/wp\/v2\/types\/page"}],"author":[{"embeddable":true,"href":"https:\/\/www.stampifidal.it\/es\/wp-json\/wp\/v2\/users\/31"}],"replies":[{"embeddable":true,"href":"https:\/\/www.stampifidal.it\/es\/wp-json\/wp\/v2\/comments?post=1620"}],"version-history":[{"count":4,"href":"https:\/\/www.stampifidal.it\/es\/wp-json\/wp\/v2\/pages\/1620\/revisions"}],"predecessor-version":[{"id":2010,"href":"https:\/\/www.stampifidal.it\/es\/wp-json\/wp\/v2\/pages\/1620\/revisions\/2010"}],"wp:attachment":[{"href":"https:\/\/www.stampifidal.it\/es\/wp-json\/wp\/v2\/media?parent=1620"}],"curies":[{"name":"wp","href":"https:\/\/api.w.org\/{rel}","templated":true}]}}