{"id":1852,"date":"2023-03-20T12:59:32","date_gmt":"2023-03-20T11:59:32","guid":{"rendered":"https:\/\/www.stampifidal.it\/eine-welt-aus-plastik\/"},"modified":"2023-06-26T15:23:31","modified_gmt":"2023-06-26T13:23:31","slug":"eine-welt-aus-plastik","status":"publish","type":"page","link":"https:\/\/www.stampifidal.it\/de\/eine-welt-aus-plastik\/","title":{"rendered":"Eine Welt aus Plastik"},"content":{"rendered":"<div class=\"wpb-content-wrapper\"><p>[vc_row row_height_percent=&#8220;0&#8243; back_image=&#8220;852&#8243; back_repeat=&#8220;no-repeat&#8220; back_position=&#8220;center top&#8220; overlay_alpha=&#8220;50&#8243; gutter_size=&#8220;3&#8243; column_width_percent=&#8220;100&#8243; shift_y=&#8220;0&#8243; z_index=&#8220;0&#8243; bottom_divider=&#8220;step_2_3&#8243; auto_height_device=&#8220;yes&#8220; uncode_shortcode_id=&#8220;534880&#8243; row_height_pixel=&#8220;800px&#8220;][vc_column column_width_percent=&#8220;100&#8243; position_vertical=&#8220;middle&#8220; gutter_size=&#8220;3&#8243; overlay_alpha=&#8220;50&#8243; shift_x=&#8220;0&#8243; shift_y=&#8220;0&#8243; shift_y_down=&#8220;0&#8243; z_index=&#8220;0&#8243; medium_width=&#8220;0&#8243; mobile_width=&#8220;0&#8243; width=&#8220;1\/1&#8243; uncode_shortcode_id=&#8220;141022&#8243;][vc_row_inner][vc_column_inner width=&#8220;1\/2&#8243;][\/vc_column_inner][vc_column_inner column_width_percent=&#8220;100&#8243; position_vertical=&#8220;middle&#8220; gutter_size=&#8220;3&#8243; overlay_alpha=&#8220;50&#8243; shift_x=&#8220;0&#8243; shift_y=&#8220;0&#8243; shift_y_down=&#8220;0&#8243; z_index=&#8220;0&#8243; medium_width=&#8220;0&#8243; mobile_width=&#8220;0&#8243; width=&#8220;1\/2&#8243; uncode_shortcode_id=&#8220;187865&#8243;][vc_empty_space empty_h=&#8220;2&#8243; desktop_visibility=&#8220;yes&#8220; medium_visibility=&#8220;yes&#8220;][vc_custom_heading heading_semantic=&#8220;h1&#8243; text_size=&#8220;h1&#8243; text_transform=&#8220;uppercase&#8220; uncode_shortcode_id=&#8220;657588&#8243; el_class=&#8220;outline_text_light&#8220;]Eine Welt aus Plastik[\/vc_custom_heading][vc_empty_space empty_h=&#8220;2&#8243; desktop_visibility=&#8220;yes&#8220; medium_visibility=&#8220;yes&#8220;][\/vc_column_inner][\/vc_row_inner][\/vc_column][\/vc_row][vc_row row_height_percent=&#8220;0&#8243; override_padding=&#8220;yes&#8220; h_padding=&#8220;2&#8243; top_padding=&#8220;4&#8243; bottom_padding=&#8220;3&#8243; overlay_alpha=&#8220;50&#8243; gutter_size=&#8220;3&#8243; column_width_percent=&#8220;100&#8243; shift_y=&#8220;0&#8243; z_index=&#8220;0&#8243; uncode_shortcode_id=&#8220;114263&#8243;][vc_column width=&#8220;1\/1&#8243;][vc_row_inner][vc_column_inner width=&#8220;1\/2&#8243;][vc_column_text uncode_shortcode_id=&#8220;825944&#8243;]Wir leben in einer Welt, die uns mit Plastik umgibt.<\/p>\n<p>Telefone, medizinische Ger\u00e4te, Haushaltsger\u00e4te, Designerst\u00fccke, Innenausstattungen von Autos und die meisten Gegenst\u00e4nde, die wir t\u00e4glich benutzen, bestehen aus Kunststoff&#8230; und wir merken es nicht einmal!<\/p>\n<p>Kunststoff ist ein Material mit vielen Eigenschaften, darunter Undurchl\u00e4ssigkeit f\u00fcr Fl\u00fcssigkeiten und Gase, Festigkeit bei Raumtemperatur, hervorragende elektrische, thermische und akustische Isolierung und Best\u00e4ndigkeit gegen den Lauf der Zeit. Aus diesen Gr\u00fcnden ist es eines der vielseitigsten, widerstandsf\u00e4higsten und langlebigsten Materialien, mit dem sich die unterschiedlichsten Geometrien realisieren lassen.<\/p>\n<p>Ein weiteres wichtiges Konzept ist, dass Kunststoffe Polymere sind.<\/p>\n<p>&#8222;Unser Zeitalter wird als das Zeitalter der Polymere in Erinnerung bleiben&#8220;,<br \/>\nPaul John Flory, Nobelpreistr\u00e4ger f\u00fcr Chemie im Jahr 1974.<\/p>\n<p>Wir befinden uns also nach dem Zeitalter von Stein, Eisen und Bronze im <strong>Zeitalter der Polymere<\/strong>![\/vc_column_text][\/vc_column_inner][vc_column_inner column_width_percent=&#8220;100&#8243; position_vertical=&#8220;bottom&#8220; gutter_size=&#8220;3&#8243; overlay_alpha=&#8220;50&#8243; shift_x=&#8220;0&#8243; shift_y=&#8220;0&#8243; shift_y_down=&#8220;0&#8243; z_index=&#8220;0&#8243; medium_width=&#8220;0&#8243; mobile_width=&#8220;0&#8243; width=&#8220;1\/2&#8243; uncode_shortcode_id=&#8220;319192&#8243;][vc_column_text uncode_shortcode_id=&#8220;112683&#8243;]Jede Art von Kunststoffgegenstand ben\u00f6tigt, um zu existieren, eine <strong>Form<\/strong>. Aus diesem Grund ist jede Form einzigartig und muss bis ins kleinste Detail untersucht werden, um die gew\u00fcnschten Erwartungen zu erf\u00fcllen.<\/p>\n<p>In der technischen Abteilung nimmt jede Form dank unserer Programmierer Gestalt an, die ein Erfahrungsniveau erreicht haben, das die Realisierung des Projekts auf m\u00f6glichst einfache Weise garantiert, auch um eine h\u00f6here Formgebungsgeschwindigkeit w\u00e4hrend der Produktion zu erreichen.<\/p>\n<p>Wir haben in die Ausbildung und das Wachstum unserer Mitarbeiter investiert, was zu einem Team gef\u00fchrt hat, das mit Pr\u00e4zision und Zuverl\u00e4ssigkeit arbeitet und motiviert ist, ein besseres Endprodukt zu erzielen.<\/p>\n<p>Wir haben uns auf dem Markt etabliert, indem wir langfristige Arbeitsbeziehungen mit den meisten unserer Kunden aufgebaut und das Vertrauen einiger der f\u00fchrenden Unternehmen in ihrem Bereich gewonnen haben.[\/vc_column_text][\/vc_column_inner][\/vc_row_inner][vc_empty_space empty_h=&#8220;3&#8243;][\/vc_column][\/vc_row][vc_row unlock_row_content=&#8220;yes&#8220; row_height_percent=&#8220;0&#8243; override_padding=&#8220;yes&#8220; h_padding=&#8220;2&#8243; top_padding=&#8220;2&#8243; bottom_padding=&#8220;2&#8243; back_image=&#8220;911&#8243; back_repeat=&#8220;no-repeat&#8220; back_position=&#8220;center center&#8220; parallax=&#8220;yes&#8220; overlay_alpha=&#8220;50&#8243; gutter_size=&#8220;3&#8243; column_width_percent=&#8220;100&#8243; shift_y=&#8220;0&#8243; z_index=&#8220;0&#8243; uncode_shortcode_id=&#8220;132843&#8243; row_height_pixel=&#8220;350&#8243;][vc_column width=&#8220;1\/1&#8243;][\/vc_column][\/vc_row][vc_row row_height_percent=&#8220;0&#8243; override_padding=&#8220;yes&#8220; h_padding=&#8220;2&#8243; top_padding=&#8220;4&#8243; bottom_padding=&#8220;3&#8243; overlay_alpha=&#8220;50&#8243; gutter_size=&#8220;3&#8243; column_width_percent=&#8220;100&#8243; shift_y=&#8220;0&#8243; z_index=&#8220;0&#8243; uncode_shortcode_id=&#8220;475852&#8243;][vc_column width=&#8220;1\/1&#8243;][vc_row_inner][vc_column_inner width=&#8220;1\/4&#8243;][\/vc_column_inner][vc_column_inner column_width_percent=&#8220;100&#8243; position_vertical=&#8220;bottom&#8220; gutter_size=&#8220;3&#8243; overlay_alpha=&#8220;50&#8243; shift_x=&#8220;0&#8243; shift_y=&#8220;0&#8243; shift_y_down=&#8220;0&#8243; z_index=&#8220;0&#8243; medium_width=&#8220;0&#8243; mobile_width=&#8220;0&#8243; width=&#8220;1\/2&#8243; uncode_shortcode_id=&#8220;319192&#8243;][vc_column_text uncode_shortcode_id=&#8220;394145&#8243;]Der Kunststoff, zu dessen Herstellung wir mit Hilfe von Gussformen beitragen, der langlebig und in verschiedenen Bereichen n\u00fctzlich ist, darf nicht mit dem &#8222;Wegwerfkunststoff&#8220; verwechselt werden, der unsere Existenz in den letzten Jahrzehnten aufgrund von unzivilisiertem und unverantwortlichem Verhalten ernsthaft beeintr\u00e4chtigt hat.<\/p>\n<p>FI.DAL. Stampi ist sehr auf <strong>das Wohlergehen unseres Planeten<\/strong> bedacht und engagiert sich aktiv f\u00fcr die Abfallentsorgung und die Sensibilisierung anderer f\u00fcr den sparsamen Umgang mit &#8222;Wegwerf&#8220;-Plastik und dessen korrekte Sammlung, um dessen Recycling zu f\u00f6rdern. Gemeinsam k\u00f6nnen wir eine saubere Welt mit einer F\u00fclle von Kunststoffartikeln erreichen, die unser Leben in allen Bereichen wesentlich erleichtern.[\/vc_column_text][\/vc_column_inner][vc_column_inner width=&#8220;1\/4&#8243;][\/vc_column_inner][\/vc_row_inner][vc_empty_space empty_h=&#8220;3&#8243;][\/vc_column][\/vc_row]<\/p>\n<\/div>","protected":false},"excerpt":{"rendered":"<p>[vc_row row_height_percent=&#8220;0&#8243; back_image=&#8220;852&#8243; back_repeat=&#8220;no-repeat&#8220; back_position=&#8220;center top&#8220; overlay_alpha=&#8220;50&#8243; gutter_size=&#8220;3&#8243; column_width_percent=&#8220;100&#8243; shift_y=&#8220;0&#8243; z_index=&#8220;0&#8243; bottom_divider=&#8220;step_2_3&#8243; auto_height_device=&#8220;yes&#8220; uncode_shortcode_id=&#8220;534880&#8243; row_height_pixel=&#8220;800px&#8220;][vc_column column_width_percent=&#8220;100&#8243; position_vertical=&#8220;middle&#8220; gutter_size=&#8220;3&#8243; overlay_alpha=&#8220;50&#8243; shift_x=&#8220;0&#8243; [&hellip;]<\/p>\n","protected":false},"author":31,"featured_media":0,"parent":0,"menu_order":0,"comment_status":"closed","ping_status":"closed","template":"","meta":{"_acf_changed":false,"_monsterinsights_skip_tracking":false,"_monsterinsights_sitenote_active":false,"_monsterinsights_sitenote_note":"","_monsterinsights_sitenote_category":0,"footnotes":""},"acf":[],"yoast_head":"<!-- This site is optimized with the Yoast SEO plugin v23.1 - https:\/\/yoast.com\/wordpress\/plugins\/seo\/ -->\n<title>Eine Welt aus Plastik - FI.DAL. Stampi<\/title>\n<meta name=\"robots\" content=\"index, follow, max-snippet:-1, max-image-preview:large, max-video-preview:-1\" \/>\n<link rel=\"canonical\" href=\"https:\/\/www.stampifidal.it\/de\/eine-welt-aus-plastik\/\" \/>\n<meta property=\"og:locale\" content=\"de_DE\" \/>\n<meta property=\"og:type\" content=\"article\" \/>\n<meta property=\"og:title\" content=\"Eine Welt aus Plastik - FI.DAL. Stampi\" \/>\n<meta property=\"og:description\" content=\"[vc_row row_height_percent=&#8220;0&#8243; back_image=&#8220;852&#8243; back_repeat=&#8220;no-repeat&#8220; back_position=&#8220;center top&#8220; overlay_alpha=&#8220;50&#8243; gutter_size=&#8220;3&#8243; column_width_percent=&#8220;100&#8243; shift_y=&#8220;0&#8243; z_index=&#8220;0&#8243; bottom_divider=&#8220;step_2_3&#8243; auto_height_device=&#8220;yes&#8220; uncode_shortcode_id=&#8220;534880&#8243; row_height_pixel=&#8220;800px&#8220;][vc_column column_width_percent=&#8220;100&#8243; position_vertical=&#8220;middle&#8220; gutter_size=&#8220;3&#8243; overlay_alpha=&#8220;50&#8243; shift_x=&#8220;0&#8243; [&hellip;]\" \/>\n<meta property=\"og:url\" content=\"https:\/\/www.stampifidal.it\/de\/eine-welt-aus-plastik\/\" \/>\n<meta property=\"og:site_name\" content=\"FI.DAL. Stampi\" \/>\n<meta property=\"article:publisher\" content=\"https:\/\/www.facebook.com\/fidalstampi\" \/>\n<meta property=\"article:modified_time\" content=\"2023-06-26T13:23:31+00:00\" \/>\n<meta property=\"og:image\" content=\"https:\/\/www.stampifidal.it\/wp-content\/uploads\/2023\/04\/fidal-stampi-logo-seo.jpg\" \/>\n\t<meta property=\"og:image:width\" content=\"1200\" \/>\n\t<meta property=\"og:image:height\" content=\"675\" \/>\n\t<meta property=\"og:image:type\" content=\"image\/jpeg\" \/>\n<meta name=\"twitter:card\" content=\"summary_large_image\" \/>\n<meta name=\"twitter:label1\" content=\"Gesch\u00e4tzte Lesezeit\" \/>\n\t<meta name=\"twitter:data1\" content=\"4\u00a0Minuten\" \/>\n<script type=\"application\/ld+json\" class=\"yoast-schema-graph\">{\"@context\":\"https:\/\/schema.org\",\"@graph\":[{\"@type\":\"WebPage\",\"@id\":\"https:\/\/www.stampifidal.it\/de\/eine-welt-aus-plastik\/\",\"url\":\"https:\/\/www.stampifidal.it\/de\/eine-welt-aus-plastik\/\",\"name\":\"Eine Welt aus Plastik - FI.DAL. Stampi\",\"isPartOf\":{\"@id\":\"https:\/\/www.stampifidal.it\/de\/#website\"},\"datePublished\":\"2023-03-20T11:59:32+00:00\",\"dateModified\":\"2023-06-26T13:23:31+00:00\",\"breadcrumb\":{\"@id\":\"https:\/\/www.stampifidal.it\/de\/eine-welt-aus-plastik\/#breadcrumb\"},\"inLanguage\":\"de\",\"potentialAction\":[{\"@type\":\"ReadAction\",\"target\":[\"https:\/\/www.stampifidal.it\/de\/eine-welt-aus-plastik\/\"]}]},{\"@type\":\"BreadcrumbList\",\"@id\":\"https:\/\/www.stampifidal.it\/de\/eine-welt-aus-plastik\/#breadcrumb\",\"itemListElement\":[{\"@type\":\"ListItem\",\"position\":1,\"name\":\"Home\",\"item\":\"https:\/\/www.stampifidal.it\/de\/homepage\/\"},{\"@type\":\"ListItem\",\"position\":2,\"name\":\"Eine Welt aus Plastik\"}]},{\"@type\":\"WebSite\",\"@id\":\"https:\/\/www.stampifidal.it\/de\/#website\",\"url\":\"https:\/\/www.stampifidal.it\/de\/\",\"name\":\"FI.DAL. Stampi\",\"description\":\"Progettazione e costruzione stampi per materie plastiche\",\"publisher\":{\"@id\":\"https:\/\/www.stampifidal.it\/de\/#organization\"},\"potentialAction\":[{\"@type\":\"SearchAction\",\"target\":{\"@type\":\"EntryPoint\",\"urlTemplate\":\"https:\/\/www.stampifidal.it\/de\/?s={search_term_string}\"},\"query-input\":\"required name=search_term_string\"}],\"inLanguage\":\"de\"},{\"@type\":\"Organization\",\"@id\":\"https:\/\/www.stampifidal.it\/de\/#organization\",\"name\":\"FI.DAL. Stampi\",\"url\":\"https:\/\/www.stampifidal.it\/de\/\",\"logo\":{\"@type\":\"ImageObject\",\"inLanguage\":\"de\",\"@id\":\"https:\/\/www.stampifidal.it\/de\/#\/schema\/logo\/image\/\",\"url\":\"https:\/\/www.stampifidal.it\/wp-content\/uploads\/2023\/04\/logo-fidal-stampi-quadrato.jpg\",\"contentUrl\":\"https:\/\/www.stampifidal.it\/wp-content\/uploads\/2023\/04\/logo-fidal-stampi-quadrato.jpg\",\"width\":700,\"height\":700,\"caption\":\"FI.DAL. Stampi\"},\"image\":{\"@id\":\"https:\/\/www.stampifidal.it\/de\/#\/schema\/logo\/image\/\"},\"sameAs\":[\"https:\/\/www.facebook.com\/fidalstampi\",\"https:\/\/www.instagram.com\/fidalstampi\/\",\"https:\/\/www.linkedin.com\/company\/fi-dal-stampi\/about\/?viewAsMember=true\"]}]}<\/script>\n<!-- \/ Yoast SEO plugin. -->","yoast_head_json":{"title":"Eine Welt aus Plastik - FI.DAL. Stampi","robots":{"index":"index","follow":"follow","max-snippet":"max-snippet:-1","max-image-preview":"max-image-preview:large","max-video-preview":"max-video-preview:-1"},"canonical":"https:\/\/www.stampifidal.it\/de\/eine-welt-aus-plastik\/","og_locale":"de_DE","og_type":"article","og_title":"Eine Welt aus Plastik - FI.DAL. Stampi","og_description":"[vc_row row_height_percent=&#8220;0&#8243; back_image=&#8220;852&#8243; back_repeat=&#8220;no-repeat&#8220; back_position=&#8220;center top&#8220; overlay_alpha=&#8220;50&#8243; gutter_size=&#8220;3&#8243; column_width_percent=&#8220;100&#8243; shift_y=&#8220;0&#8243; z_index=&#8220;0&#8243; bottom_divider=&#8220;step_2_3&#8243; auto_height_device=&#8220;yes&#8220; uncode_shortcode_id=&#8220;534880&#8243; row_height_pixel=&#8220;800px&#8220;][vc_column column_width_percent=&#8220;100&#8243; position_vertical=&#8220;middle&#8220; gutter_size=&#8220;3&#8243; overlay_alpha=&#8220;50&#8243; shift_x=&#8220;0&#8243; [&hellip;]","og_url":"https:\/\/www.stampifidal.it\/de\/eine-welt-aus-plastik\/","og_site_name":"FI.DAL. Stampi","article_publisher":"https:\/\/www.facebook.com\/fidalstampi","article_modified_time":"2023-06-26T13:23:31+00:00","og_image":[{"width":1200,"height":675,"url":"https:\/\/www.stampifidal.it\/wp-content\/uploads\/2023\/04\/fidal-stampi-logo-seo.jpg","type":"image\/jpeg"}],"twitter_card":"summary_large_image","twitter_misc":{"Gesch\u00e4tzte Lesezeit":"4\u00a0Minuten"},"schema":{"@context":"https:\/\/schema.org","@graph":[{"@type":"WebPage","@id":"https:\/\/www.stampifidal.it\/de\/eine-welt-aus-plastik\/","url":"https:\/\/www.stampifidal.it\/de\/eine-welt-aus-plastik\/","name":"Eine Welt aus Plastik - FI.DAL. Stampi","isPartOf":{"@id":"https:\/\/www.stampifidal.it\/de\/#website"},"datePublished":"2023-03-20T11:59:32+00:00","dateModified":"2023-06-26T13:23:31+00:00","breadcrumb":{"@id":"https:\/\/www.stampifidal.it\/de\/eine-welt-aus-plastik\/#breadcrumb"},"inLanguage":"de","potentialAction":[{"@type":"ReadAction","target":["https:\/\/www.stampifidal.it\/de\/eine-welt-aus-plastik\/"]}]},{"@type":"BreadcrumbList","@id":"https:\/\/www.stampifidal.it\/de\/eine-welt-aus-plastik\/#breadcrumb","itemListElement":[{"@type":"ListItem","position":1,"name":"Home","item":"https:\/\/www.stampifidal.it\/de\/homepage\/"},{"@type":"ListItem","position":2,"name":"Eine Welt aus Plastik"}]},{"@type":"WebSite","@id":"https:\/\/www.stampifidal.it\/de\/#website","url":"https:\/\/www.stampifidal.it\/de\/","name":"FI.DAL. Stampi","description":"Progettazione e costruzione stampi per materie plastiche","publisher":{"@id":"https:\/\/www.stampifidal.it\/de\/#organization"},"potentialAction":[{"@type":"SearchAction","target":{"@type":"EntryPoint","urlTemplate":"https:\/\/www.stampifidal.it\/de\/?s={search_term_string}"},"query-input":"required name=search_term_string"}],"inLanguage":"de"},{"@type":"Organization","@id":"https:\/\/www.stampifidal.it\/de\/#organization","name":"FI.DAL. Stampi","url":"https:\/\/www.stampifidal.it\/de\/","logo":{"@type":"ImageObject","inLanguage":"de","@id":"https:\/\/www.stampifidal.it\/de\/#\/schema\/logo\/image\/","url":"https:\/\/www.stampifidal.it\/wp-content\/uploads\/2023\/04\/logo-fidal-stampi-quadrato.jpg","contentUrl":"https:\/\/www.stampifidal.it\/wp-content\/uploads\/2023\/04\/logo-fidal-stampi-quadrato.jpg","width":700,"height":700,"caption":"FI.DAL. Stampi"},"image":{"@id":"https:\/\/www.stampifidal.it\/de\/#\/schema\/logo\/image\/"},"sameAs":["https:\/\/www.facebook.com\/fidalstampi","https:\/\/www.instagram.com\/fidalstampi\/","https:\/\/www.linkedin.com\/company\/fi-dal-stampi\/about\/?viewAsMember=true"]}]}},"_links":{"self":[{"href":"https:\/\/www.stampifidal.it\/de\/wp-json\/wp\/v2\/pages\/1852"}],"collection":[{"href":"https:\/\/www.stampifidal.it\/de\/wp-json\/wp\/v2\/pages"}],"about":[{"href":"https:\/\/www.stampifidal.it\/de\/wp-json\/wp\/v2\/types\/page"}],"author":[{"embeddable":true,"href":"https:\/\/www.stampifidal.it\/de\/wp-json\/wp\/v2\/users\/31"}],"replies":[{"embeddable":true,"href":"https:\/\/www.stampifidal.it\/de\/wp-json\/wp\/v2\/comments?post=1852"}],"version-history":[{"count":2,"href":"https:\/\/www.stampifidal.it\/de\/wp-json\/wp\/v2\/pages\/1852\/revisions"}],"predecessor-version":[{"id":1854,"href":"https:\/\/www.stampifidal.it\/de\/wp-json\/wp\/v2\/pages\/1852\/revisions\/1854"}],"wp:attachment":[{"href":"https:\/\/www.stampifidal.it\/de\/wp-json\/wp\/v2\/media?parent=1852"}],"curies":[{"name":"wp","href":"https:\/\/api.w.org\/{rel}","templated":true}]}}