{"id":1849,"date":"2023-04-19T10:41:53","date_gmt":"2023-04-19T08:41:53","guid":{"rendered":"https:\/\/www.stampifidal.it\/entwurf-der-gussform\/"},"modified":"2023-06-26T14:49:46","modified_gmt":"2023-06-26T12:49:46","slug":"entwurf-der-gussform","status":"publish","type":"page","link":"https:\/\/www.stampifidal.it\/de\/entwurf-der-gussform\/","title":{"rendered":"Entwurf der Gussform"},"content":{"rendered":"<div class=\"wpb-content-wrapper\"><p>[vc_row row_height_percent=&#8220;0&#8243; back_image=&#8220;900&#8243; back_repeat=&#8220;no-repeat&#8220; back_position=&#8220;center bottom&#8220; parallax=&#8220;yes&#8220; overlay_color=&#8220;color-prif&#8220; overlay_alpha=&#8220;40&#8243; gutter_size=&#8220;3&#8243; column_width_percent=&#8220;100&#8243; shift_y=&#8220;0&#8243; z_index=&#8220;0&#8243; bottom_divider=&#8220;step_2_3&#8243; auto_height_device=&#8220;yes&#8220; uncode_shortcode_id=&#8220;294151&#8243; row_height_pixel=&#8220;800px&#8220; overlay_color_type=&#8220;uncode-palette&#8220;][vc_column column_width_percent=&#8220;100&#8243; position_vertical=&#8220;middle&#8220; gutter_size=&#8220;3&#8243; overlay_alpha=&#8220;50&#8243; shift_x=&#8220;0&#8243; shift_y=&#8220;0&#8243; shift_y_down=&#8220;0&#8243; z_index=&#8220;0&#8243; medium_width=&#8220;0&#8243; mobile_width=&#8220;0&#8243; width=&#8220;1\/1&#8243; uncode_shortcode_id=&#8220;711289&#8243;][vc_row_inner row_inner_height_percent=&#8220;0&#8243; overlay_alpha=&#8220;50&#8243; gutter_size=&#8220;3&#8243; shift_y=&#8220;0&#8243; z_index=&#8220;0&#8243; uncode_shortcode_id=&#8220;163308&#8243;][vc_column_inner width=&#8220;1\/2&#8243;][vc_empty_space empty_h=&#8220;2&#8243; desktop_visibility=&#8220;yes&#8220; medium_visibility=&#8220;yes&#8220;][vc_custom_heading auto_text=&#8220;yes&#8220; text_color=&#8220;color-xsdn&#8220; heading_semantic=&#8220;h1&#8243; text_size=&#8220;h1&#8243; text_transform=&#8220;uppercase&#8220; uncode_shortcode_id=&#8220;296300&#8243; text_color_type=&#8220;uncode-palette&#8220;]FI.DAL. STAMPI[\/vc_custom_heading][vc_empty_space empty_h=&#8220;2&#8243; desktop_visibility=&#8220;yes&#8220; medium_visibility=&#8220;yes&#8220;][\/vc_column_inner][vc_column_inner column_width_percent=&#8220;100&#8243; gutter_size=&#8220;3&#8243; style=&#8220;dark&#8220; overlay_alpha=&#8220;50&#8243; shift_x=&#8220;0&#8243; shift_y=&#8220;0&#8243; shift_y_down=&#8220;0&#8243; z_index=&#8220;0&#8243; medium_width=&#8220;0&#8243; mobile_width=&#8220;0&#8243; width=&#8220;1\/2&#8243; uncode_shortcode_id=&#8220;114979&#8243;][\/vc_column_inner][\/vc_row_inner][\/vc_column][\/vc_row][vc_row row_height_percent=&#8220;0&#8243; override_padding=&#8220;yes&#8220; h_padding=&#8220;2&#8243; top_padding=&#8220;4&#8243; bottom_padding=&#8220;4&#8243; back_color=&#8220;color-prif&#8220; overlay_alpha=&#8220;50&#8243; gutter_size=&#8220;3&#8243; column_width_percent=&#8220;100&#8243; shift_y=&#8220;0&#8243; z_index=&#8220;0&#8243; uncode_shortcode_id=&#8220;125435&#8243; back_color_type=&#8220;uncode-palette&#8220;][vc_column width=&#8220;1\/1&#8243;][vc_row_inner][vc_column_inner column_width_percent=&#8220;100&#8243; gutter_size=&#8220;3&#8243; style=&#8220;dark&#8220; overlay_alpha=&#8220;50&#8243; shift_x=&#8220;0&#8243; shift_y=&#8220;0&#8243; shift_y_down=&#8220;0&#8243; z_index=&#8220;0&#8243; medium_width=&#8220;0&#8243; mobile_width=&#8220;0&#8243; width=&#8220;1\/1&#8243; uncode_shortcode_id=&#8220;173382&#8243;][vc_column_text text_lead=&#8220;yes&#8220; uncode_shortcode_id=&#8220;203373&#8243;]<\/p>\n<p style=\"text-align: center;\"><strong>FI.DAL. Stampi<\/strong> verf\u00fcgt \u00fcber eine technische Abteilung, die sich aus sehr erfahrenem und geschultem Personal zusammensetzt, um die beste Konstruktion von Formen f\u00fcr Kunststoff und Druckguss zu gew\u00e4hrleisten.<\/p>\n<p style=\"text-align: center;\">Der Entwurf der Formen ist der erste und einer der wichtigsten Schritte in unserer Arbeit und somit der Schl\u00fcssel <strong>zur optimalen Realisierung des Endprodukts<\/strong>.<\/p>\n<p>[\/vc_column_text][\/vc_column_inner][\/vc_row_inner][\/vc_column][\/vc_row][vc_row row_height_percent=&#8220;0&#8243; override_padding=&#8220;yes&#8220; h_padding=&#8220;2&#8243; top_padding=&#8220;4&#8243; bottom_padding=&#8220;4&#8243; overlay_alpha=&#8220;50&#8243; gutter_size=&#8220;3&#8243; column_width_percent=&#8220;100&#8243; shift_y=&#8220;0&#8243; z_index=&#8220;0&#8243; uncode_shortcode_id=&#8220;179355&#8243;][vc_column width=&#8220;1\/1&#8243;][vc_column_text uncode_shortcode_id=&#8220;494544&#8243;]<\/p>\n<h5>Beim Entwurf einer Kunststoffform sind mehrere Faktoren zu ber\u00fccksichtigen, und es gibt viele Fragen, die sich unsere Techniker vor Beginn jedes Projekts stellen:<\/h5>\n<ol>\n<li>Wof\u00fcr ist das fertige Produkt bestimmt?<\/li>\n<li>Wo soll es verwendet werden?<\/li>\n<li>Muss es mit anderen Teilen zusammenpassen?<\/li>\n<li>Wird es w\u00e4hrend seiner Verwendung Belastungen oder Druck ausgesetzt sein?<\/li>\n<\/ol>\n<p>Dies sind nur einige wichtige Fragen, um einen idealen Entwurf zu gew\u00e4hrleisten.<br \/>\nEs ist auch wichtig, die Art des Kunststoffs, aus dem das Teil geformt werden soll, die Dicke, Gr\u00f6\u00dfe und Komplexit\u00e4t der Geometrie zu ber\u00fccksichtigen.[\/vc_column_text][vc_empty_space empty_h=&#8220;2&#8243;][vc_row_inner][vc_column_inner column_width_percent=&#8220;100&#8243; position_vertical=&#8220;middle&#8220; gutter_size=&#8220;3&#8243; overlay_alpha=&#8220;50&#8243; shift_x=&#8220;0&#8243; shift_y=&#8220;0&#8243; shift_y_down=&#8220;0&#8243; z_index=&#8220;0&#8243; medium_width=&#8220;0&#8243; mobile_width=&#8220;0&#8243; width=&#8220;1\/2&#8243; uncode_shortcode_id=&#8220;156873&#8243;][vc_column_text uncode_shortcode_id=&#8220;944724&#8243;]In der <strong>Entwurfsphase<\/strong> wird zum Beispiel durch eine sorgf\u00e4ltige Untersuchung der Art und Weise, wie der Kunststoff die Formhohlr\u00e4ume f\u00fcllt, das endg\u00fcltige Teil gek\u00fchlt wird und die Mechanismen zur Entformung wirken, <strong>die richtige Form des vom Kunden<\/strong> gew\u00fcnschten Teils bestimmt.<\/p>\n<p>Die Art und Weise, wie unsere Ingenieure konstruieren, ist daher die entscheidende Grundlage f\u00fcr die Herstellung einer Form, die einfach herzustellen, leicht zu montieren, m\u00f6glichst langlebig und in der anschlie\u00dfenden Phase des Kunststoffspritzgie\u00dfens m\u00f6glichst schnell sein muss.<\/p>\n<p>F\u00fcr hochkomplexe Formen bietet <strong>FI.DAL. Stampi<\/strong> seinen Kunden neben einer detaillierten Projektstudie auch die M\u00f6glichkeit, mit Hilfe einer Software das Flie\u00dfen, die Abk\u00fchlung und die Verformung des Kunststoffs w\u00e4hrend des Formprozesses zu simulieren (<strong>Moldflow<\/strong>), sowie die Erstellung eines Prototyps des endg\u00fcltigen Teils mit Hilfe unseres <strong>3D-Druckers<\/strong>.[\/vc_column_text][\/vc_column_inner][vc_column_inner column_width_percent=&#8220;100&#8243; position_vertical=&#8220;middle&#8220; gutter_size=&#8220;3&#8243; overlay_alpha=&#8220;50&#8243; shift_x=&#8220;0&#8243; shift_y=&#8220;0&#8243; shift_y_down=&#8220;0&#8243; z_index=&#8220;0&#8243; medium_width=&#8220;0&#8243; mobile_width=&#8220;0&#8243; width=&#8220;1\/2&#8243; uncode_shortcode_id=&#8220;835244&#8243;][vc_single_image media=&#8220;590&#8243; media_width_percent=&#8220;100&#8243; shape=&#8220;img-round&#8220; uncode_shortcode_id=&#8220;546368&#8243;][\/vc_column_inner][\/vc_row_inner][\/vc_column][\/vc_row]<\/p>\n<\/div>","protected":false},"excerpt":{"rendered":"<p>[vc_row row_height_percent=&#8220;0&#8243; back_image=&#8220;900&#8243; back_repeat=&#8220;no-repeat&#8220; back_position=&#8220;center bottom&#8220; parallax=&#8220;yes&#8220; overlay_color=&#8220;color-prif&#8220; overlay_alpha=&#8220;40&#8243; gutter_size=&#8220;3&#8243; column_width_percent=&#8220;100&#8243; shift_y=&#8220;0&#8243; z_index=&#8220;0&#8243; bottom_divider=&#8220;step_2_3&#8243; auto_height_device=&#8220;yes&#8220; uncode_shortcode_id=&#8220;294151&#8243; row_height_pixel=&#8220;800px&#8220; overlay_color_type=&#8220;uncode-palette&#8220;][vc_column column_width_percent=&#8220;100&#8243; position_vertical=&#8220;middle&#8220; [&hellip;]<\/p>\n","protected":false},"author":31,"featured_media":0,"parent":0,"menu_order":0,"comment_status":"closed","ping_status":"closed","template":"","meta":{"_acf_changed":false,"_monsterinsights_skip_tracking":false,"_monsterinsights_sitenote_active":false,"_monsterinsights_sitenote_note":"","_monsterinsights_sitenote_category":0,"footnotes":""},"acf":[],"yoast_head":"<!-- This site is optimized with the Yoast SEO plugin v23.1 - https:\/\/yoast.com\/wordpress\/plugins\/seo\/ -->\n<title>FI.DAL. Formen | Entwurf von Kunststoffformen<\/title>\n<meta name=\"description\" content=\"Seit \u00fcber 29 Jahren verf\u00fcgt FI.DAL. Stampi \u00fcber umfangreiche Erfahrungen in der Konstruktion und dem Bau von Formen und Druckguss\" \/>\n<meta name=\"robots\" content=\"index, follow, max-snippet:-1, max-image-preview:large, max-video-preview:-1\" \/>\n<link rel=\"canonical\" href=\"https:\/\/www.stampifidal.it\/de\/entwurf-der-gussform\/\" \/>\n<meta property=\"og:locale\" content=\"de_DE\" \/>\n<meta property=\"og:type\" content=\"article\" \/>\n<meta property=\"og:title\" content=\"FI.DAL. Formen | Entwurf von Kunststoffformen\" \/>\n<meta property=\"og:description\" content=\"Seit \u00fcber 29 Jahren verf\u00fcgt FI.DAL. Stampi \u00fcber umfangreiche Erfahrungen in der Konstruktion und dem Bau von Formen und Druckguss\" \/>\n<meta property=\"og:url\" content=\"https:\/\/www.stampifidal.it\/de\/entwurf-der-gussform\/\" \/>\n<meta property=\"og:site_name\" content=\"FI.DAL. Stampi\" \/>\n<meta property=\"article:publisher\" content=\"https:\/\/www.facebook.com\/fidalstampi\" \/>\n<meta property=\"article:modified_time\" content=\"2023-06-26T12:49:46+00:00\" \/>\n<meta property=\"og:image\" content=\"https:\/\/www.stampifidal.it\/wp-content\/uploads\/2023\/04\/fidal-stampi-logo-seo.jpg\" \/>\n\t<meta property=\"og:image:width\" content=\"1200\" \/>\n\t<meta property=\"og:image:height\" content=\"675\" \/>\n\t<meta property=\"og:image:type\" content=\"image\/jpeg\" \/>\n<meta name=\"twitter:card\" content=\"summary_large_image\" \/>\n<meta name=\"twitter:label1\" content=\"Gesch\u00e4tzte Lesezeit\" \/>\n\t<meta name=\"twitter:data1\" content=\"4\u00a0Minuten\" \/>\n<script type=\"application\/ld+json\" class=\"yoast-schema-graph\">{\"@context\":\"https:\/\/schema.org\",\"@graph\":[{\"@type\":\"WebPage\",\"@id\":\"https:\/\/www.stampifidal.it\/de\/entwurf-der-gussform\/\",\"url\":\"https:\/\/www.stampifidal.it\/de\/entwurf-der-gussform\/\",\"name\":\"FI.DAL. Formen | Entwurf von Kunststoffformen\",\"isPartOf\":{\"@id\":\"https:\/\/www.stampifidal.it\/de\/#website\"},\"datePublished\":\"2023-04-19T08:41:53+00:00\",\"dateModified\":\"2023-06-26T12:49:46+00:00\",\"description\":\"Seit \u00fcber 29 Jahren verf\u00fcgt FI.DAL. Stampi \u00fcber umfangreiche Erfahrungen in der Konstruktion und dem Bau von Formen und Druckguss\",\"breadcrumb\":{\"@id\":\"https:\/\/www.stampifidal.it\/de\/entwurf-der-gussform\/#breadcrumb\"},\"inLanguage\":\"de\",\"potentialAction\":[{\"@type\":\"ReadAction\",\"target\":[\"https:\/\/www.stampifidal.it\/de\/entwurf-der-gussform\/\"]}]},{\"@type\":\"BreadcrumbList\",\"@id\":\"https:\/\/www.stampifidal.it\/de\/entwurf-der-gussform\/#breadcrumb\",\"itemListElement\":[{\"@type\":\"ListItem\",\"position\":1,\"name\":\"Home\",\"item\":\"https:\/\/www.stampifidal.it\/de\/homepage\/\"},{\"@type\":\"ListItem\",\"position\":2,\"name\":\"Entwurf der Gussform\"}]},{\"@type\":\"WebSite\",\"@id\":\"https:\/\/www.stampifidal.it\/de\/#website\",\"url\":\"https:\/\/www.stampifidal.it\/de\/\",\"name\":\"FI.DAL. Stampi\",\"description\":\"Progettazione e costruzione stampi per materie plastiche\",\"publisher\":{\"@id\":\"https:\/\/www.stampifidal.it\/de\/#organization\"},\"potentialAction\":[{\"@type\":\"SearchAction\",\"target\":{\"@type\":\"EntryPoint\",\"urlTemplate\":\"https:\/\/www.stampifidal.it\/de\/?s={search_term_string}\"},\"query-input\":\"required name=search_term_string\"}],\"inLanguage\":\"de\"},{\"@type\":\"Organization\",\"@id\":\"https:\/\/www.stampifidal.it\/de\/#organization\",\"name\":\"FI.DAL. Stampi\",\"url\":\"https:\/\/www.stampifidal.it\/de\/\",\"logo\":{\"@type\":\"ImageObject\",\"inLanguage\":\"de\",\"@id\":\"https:\/\/www.stampifidal.it\/de\/#\/schema\/logo\/image\/\",\"url\":\"https:\/\/www.stampifidal.it\/wp-content\/uploads\/2023\/04\/logo-fidal-stampi-quadrato.jpg\",\"contentUrl\":\"https:\/\/www.stampifidal.it\/wp-content\/uploads\/2023\/04\/logo-fidal-stampi-quadrato.jpg\",\"width\":700,\"height\":700,\"caption\":\"FI.DAL. Stampi\"},\"image\":{\"@id\":\"https:\/\/www.stampifidal.it\/de\/#\/schema\/logo\/image\/\"},\"sameAs\":[\"https:\/\/www.facebook.com\/fidalstampi\",\"https:\/\/www.instagram.com\/fidalstampi\/\",\"https:\/\/www.linkedin.com\/company\/fi-dal-stampi\/about\/?viewAsMember=true\"]}]}<\/script>\n<!-- \/ Yoast SEO plugin. -->","yoast_head_json":{"title":"FI.DAL. Formen | Entwurf von Kunststoffformen","description":"Seit \u00fcber 29 Jahren verf\u00fcgt FI.DAL. Stampi \u00fcber umfangreiche Erfahrungen in der Konstruktion und dem Bau von Formen und Druckguss","robots":{"index":"index","follow":"follow","max-snippet":"max-snippet:-1","max-image-preview":"max-image-preview:large","max-video-preview":"max-video-preview:-1"},"canonical":"https:\/\/www.stampifidal.it\/de\/entwurf-der-gussform\/","og_locale":"de_DE","og_type":"article","og_title":"FI.DAL. Formen | Entwurf von Kunststoffformen","og_description":"Seit \u00fcber 29 Jahren verf\u00fcgt FI.DAL. Stampi \u00fcber umfangreiche Erfahrungen in der Konstruktion und dem Bau von Formen und Druckguss","og_url":"https:\/\/www.stampifidal.it\/de\/entwurf-der-gussform\/","og_site_name":"FI.DAL. Stampi","article_publisher":"https:\/\/www.facebook.com\/fidalstampi","article_modified_time":"2023-06-26T12:49:46+00:00","og_image":[{"width":1200,"height":675,"url":"https:\/\/www.stampifidal.it\/wp-content\/uploads\/2023\/04\/fidal-stampi-logo-seo.jpg","type":"image\/jpeg"}],"twitter_card":"summary_large_image","twitter_misc":{"Gesch\u00e4tzte Lesezeit":"4\u00a0Minuten"},"schema":{"@context":"https:\/\/schema.org","@graph":[{"@type":"WebPage","@id":"https:\/\/www.stampifidal.it\/de\/entwurf-der-gussform\/","url":"https:\/\/www.stampifidal.it\/de\/entwurf-der-gussform\/","name":"FI.DAL. Formen | Entwurf von Kunststoffformen","isPartOf":{"@id":"https:\/\/www.stampifidal.it\/de\/#website"},"datePublished":"2023-04-19T08:41:53+00:00","dateModified":"2023-06-26T12:49:46+00:00","description":"Seit \u00fcber 29 Jahren verf\u00fcgt FI.DAL. Stampi \u00fcber umfangreiche Erfahrungen in der Konstruktion und dem Bau von Formen und Druckguss","breadcrumb":{"@id":"https:\/\/www.stampifidal.it\/de\/entwurf-der-gussform\/#breadcrumb"},"inLanguage":"de","potentialAction":[{"@type":"ReadAction","target":["https:\/\/www.stampifidal.it\/de\/entwurf-der-gussform\/"]}]},{"@type":"BreadcrumbList","@id":"https:\/\/www.stampifidal.it\/de\/entwurf-der-gussform\/#breadcrumb","itemListElement":[{"@type":"ListItem","position":1,"name":"Home","item":"https:\/\/www.stampifidal.it\/de\/homepage\/"},{"@type":"ListItem","position":2,"name":"Entwurf der Gussform"}]},{"@type":"WebSite","@id":"https:\/\/www.stampifidal.it\/de\/#website","url":"https:\/\/www.stampifidal.it\/de\/","name":"FI.DAL. Stampi","description":"Progettazione e costruzione stampi per materie plastiche","publisher":{"@id":"https:\/\/www.stampifidal.it\/de\/#organization"},"potentialAction":[{"@type":"SearchAction","target":{"@type":"EntryPoint","urlTemplate":"https:\/\/www.stampifidal.it\/de\/?s={search_term_string}"},"query-input":"required name=search_term_string"}],"inLanguage":"de"},{"@type":"Organization","@id":"https:\/\/www.stampifidal.it\/de\/#organization","name":"FI.DAL. Stampi","url":"https:\/\/www.stampifidal.it\/de\/","logo":{"@type":"ImageObject","inLanguage":"de","@id":"https:\/\/www.stampifidal.it\/de\/#\/schema\/logo\/image\/","url":"https:\/\/www.stampifidal.it\/wp-content\/uploads\/2023\/04\/logo-fidal-stampi-quadrato.jpg","contentUrl":"https:\/\/www.stampifidal.it\/wp-content\/uploads\/2023\/04\/logo-fidal-stampi-quadrato.jpg","width":700,"height":700,"caption":"FI.DAL. Stampi"},"image":{"@id":"https:\/\/www.stampifidal.it\/de\/#\/schema\/logo\/image\/"},"sameAs":["https:\/\/www.facebook.com\/fidalstampi","https:\/\/www.instagram.com\/fidalstampi\/","https:\/\/www.linkedin.com\/company\/fi-dal-stampi\/about\/?viewAsMember=true"]}]}},"_links":{"self":[{"href":"https:\/\/www.stampifidal.it\/de\/wp-json\/wp\/v2\/pages\/1849"}],"collection":[{"href":"https:\/\/www.stampifidal.it\/de\/wp-json\/wp\/v2\/pages"}],"about":[{"href":"https:\/\/www.stampifidal.it\/de\/wp-json\/wp\/v2\/types\/page"}],"author":[{"embeddable":true,"href":"https:\/\/www.stampifidal.it\/de\/wp-json\/wp\/v2\/users\/31"}],"replies":[{"embeddable":true,"href":"https:\/\/www.stampifidal.it\/de\/wp-json\/wp\/v2\/comments?post=1849"}],"version-history":[{"count":2,"href":"https:\/\/www.stampifidal.it\/de\/wp-json\/wp\/v2\/pages\/1849\/revisions"}],"predecessor-version":[{"id":1851,"href":"https:\/\/www.stampifidal.it\/de\/wp-json\/wp\/v2\/pages\/1849\/revisions\/1851"}],"wp:attachment":[{"href":"https:\/\/www.stampifidal.it\/de\/wp-json\/wp\/v2\/media?parent=1849"}],"curies":[{"name":"wp","href":"https:\/\/api.w.org\/{rel}","templated":true}]}}