{"id":1848,"date":"2020-02-26T14:39:27","date_gmt":"2020-02-26T13:39:27","guid":{"rendered":"https:\/\/www.stampifidal.it\/privacy-policy\/"},"modified":"2020-02-26T14:39:27","modified_gmt":"2020-02-26T13:39:27","slug":"privacy-policy","status":"publish","type":"page","link":"https:\/\/www.stampifidal.it\/de\/privacy-policy\/","title":{"rendered":"Privacy Policy"},"content":{"rendered":"<h2>INFORMATIONEN \u00dcBER DIE VERARBEITUNG VON PERSONENBEZOGENEN DATEN<\/h2>\n<h3>(GEM\u00c4SS DEN ARTIKELN 13 UND 14 DER EUROP\u00c4ISCHEN VERORDNUNG NR. 679\/16)<\/h3>\n<p>Die Website von FI.DAL. STAMPI S.R.L. beabsichtigt seit ihrer Erstellung, die Einhaltung der in der EU-Verordnung Nr. 2016\/679 zum Schutz nat\u00fcrlicher Personen, insbesondere bei der Verarbeitung personenbezogener Daten, verankerten Grunds\u00e4tze, die nicht ausgeschlossen sind, sowie den freien Verkehr derselben im \u00f6ffentlichen Interesse und im Einklang mit dem Recht auf Transparenz zu gew\u00e4hrleisten.<\/p>\n<p>Die FI.DAL. STAMPI S.R.L. garantiert den Interessenten die M\u00f6glichkeit, mit ihrem Portal zu interagieren, um die angeforderten Dienstleistungen frei in Anspruch zu nehmen, wie z.B. die Zusendung von Newslettern oder Informationen, f\u00fcr die der Interessent bewusst seine Zustimmung zur Verarbeitung gegeben hat. Die verarbeiteten personenbezogenen Daten &#8211; die m\u00f6glicherweise vom Surfer in den entsprechenden Formularen erfasst oder zur Verf\u00fcgung gestellt werden &#8211; sowie alle anderen relevanten Informationen sind \u00fcber die Adresse www.stampifidal.it zug\u00e4nglich, die der offiziellen Website von FI.DAL. STAMPI S.R.L.<\/p>\n<p>Mit diesen Informationen weist die FI.DAL. STAMPI S.R.L. s.r.l. nicht nur \u00fcber die freie Nutzung der Website, sondern auch \u00fcber die Verarbeitung personenbezogener Daten und die entsprechenden gesetzlich anerkannten Garantien gem\u00e4\u00df Art. 13 der oben genannten &#8222;Verordnungen&#8220; informieren. Diese Informationen beziehen sich ausschlie\u00dflich auf die personenbezogenen Daten, die in der FI.DAL. STAMPI S.R.L. enthalten sind oder w\u00e4hrend der Nutzung der FI.DAL. STAMPI S.R.L. erhoben werden, und nicht f\u00fcr andere Websites (f\u00fcr die FI.DAL. STAMPI S.R.L. nicht verantwortlich ist oder deren Miteigent\u00fcmer sie ist), die vom Benutzer \u00fcber Links konsultiert werden k\u00f6nnen.<\/p>\n<p>Inhaber der Datenverarbeitung<\/p>\n<p>Der Inhaber der personenbezogenen Daten ist FI.DAL. STAMPI S.R.L. in der Person ihres gesetzlichen Vertreters, der zu diesem Zweck am Sitz der Gesellschaft ans\u00e4ssig ist, derzeit ist der Name des Inhabers der Datenverarbeitung Herr Filippozzi Paolo, der unter folgender Adresse erreichbar ist: Via Europa Z.I. &#8211; 36053 Gambellara (VI) &#8211; Telefon: +39 0444\/649899 &#8211; E-Mail: amministrazione@stampifidal.it<\/p>\n<p>Zweck der Verarbeitung und Rechtsgrundlage<\/p>\n<p>Die personenbezogenen Daten werden in \u00dcbereinstimmung mit den von FI.DAL. STAMPI S.R.L. \u00fcber ihr Portal angeboten werden, um die Lieferung von Waren und Dienstleistungen zu gew\u00e4hrleisten, die dem Gesellschaftszweck entsprechen, sowie um die kommerzielle T\u00e4tigkeit des Direktmarketings zu erm\u00f6glichen (eine T\u00e4tigkeit, f\u00fcr die das Unternehmen \u00fcber ein geeignetes Register der Behandlung verf\u00fcgt, das die Kategorien von Personen enth\u00e4lt, auf die sich die personenbezogenen Daten beziehen). Im Rahmen dieser Zwecke betrifft die Verarbeitung auch die Daten, die sich auf die Registrierungen im Portal beziehen und f\u00fcr die Verwaltung der Beziehungen mit FI.DAL. STAMPI S.R.L. sowie zur Erm\u00f6glichung einer wirksamen institutionellen Kommunikation und zur Erf\u00fcllung etwaiger gesetzlicher, regulatorischer oder vertraglicher Verpflichtungen.<\/p>\n<p>Ort und Methoden der Verarbeitung<\/p>\n<p>Die Daten werden ausschlie\u00dflich auf dem italienischen Staatsgebiet von Personal verarbeitet, das ausgebildet, geschult und befugt ist, die Daten nach den Grunds\u00e4tzen der Korrektheit, der Rechtm\u00e4\u00dfigkeit, der Transparenz und der Angemessenheit rechtm\u00e4\u00dfig zu verarbeiten und nicht \u00fcber den Zweck der Erhebung und der nachfolgenden Verarbeitung hinauszugehen. Die Verarbeitung von Daten im Zusammenhang mit den auf der Website von FI.DAL. STAMPI S.R.L. angeboten werden, werden nur so lange verarbeitet, wie es f\u00fcr die Erreichung der vom Benutzer selbst festgelegten Zwecke unbedingt erforderlich ist, wobei ihm alle Mindestsicherheitsma\u00dfnahmen (und Vertraulichkeitsma\u00dfnahmen) zur Verhinderung von Datenverlust, unerlaubter oder falscher Verwendung oder unerlaubtem Zugriff vorbehalten sind. Die pers\u00f6nlichen Daten, die von den Nutzern, die sich registrieren oder die Dienste der FI.DAL. STAMPI S.R.L. registrieren oder in Anspruch nehmen, wie Name, Vorname, E-Mail-Adresse, Telefonnummer, Firma und Website, k\u00f6nnen f\u00fcr andere Verarbeitungen verwendet werden, die mit dem Zweck der Erfassung vereinbar sind, wie z. B. f\u00fcr die Zusendung von Mitteilungen per E-Mail, die mit dem angebotenen und angeforderten Dienst in Einklang stehen. Die personenbezogenen Daten von Nutzern, die Dokumente oder Informationsmaterial anfordern (Newsletter, Antworten auf Anfragen, Urkunden und Ma\u00dfnahmen usw.), werden nur zur Erbringung der angeforderten Dienstleistung oder Bereitstellung verwendet und nicht weitergegeben oder verbreitet. Es werden keine automatisierten Verarbeitungs- oder Entscheidungsfindungsprozesse verwendet, die darauf abzielen, ein Profil der Nutzer der institutionellen Website von FI.DAL. STAMPI S.R.L.<\/p>\n<p>Art der verarbeiteten Daten und Empf\u00e4nger<\/p>\n<p>Die Kategorien der verarbeiteten Daten sowie die Kategorien der Empf\u00e4nger, auf die sich die Daten beziehen, sind im Register der Datenverarbeitung aufgef\u00fchrt, das bei FI.DAL verf\u00fcgbar ist. STAMPI S.R.L.<\/p>\n<p>Dauer der Speicherung<\/p>\n<p>Die Daten werden f\u00fcr einen Zeitraum aufbewahrt, der nicht \u00fcber die Erreichung der oben genannten Zwecke hinausgeht (&#8222;Grundsatz der Speicherbegrenzung&#8220;, Art. 5 der EU-Verordnung) oder gem\u00e4\u00df den gesetzlich vorgesehenen Fristen.<\/p>\n<p>\u00dcbermittlung von Daten ins Ausland<\/p>\n<p>Eine Daten\u00fcbermittlung in Drittstaaten au\u00dferhalb des Europ\u00e4ischen Wirtschaftsraums findet nicht statt.<\/p>\n<p>RECHTE DER BETROFFENEN PERSON<\/p>\n<p>Die Rechte der betroffenen Person (vgl. Artikel 15\u00f721 der EU-Verordnung) k\u00f6nnen jederzeit ausge\u00fcbt werden und sind zusammengefasst in dem Recht<\/p>\n<p>eine Best\u00e4tigung \u00fcber das Vorhandensein oder Nichtvorhandensein der sie betreffenden personenbezogenen Daten sowie das Recht auf Auskunft \u00fcber diese Daten zu erhalten;<br \/>\ndas Recht auf unverz\u00fcgliche Berichtigung der Daten, einschlie\u00dflich der Vervollst\u00e4ndigung der Daten<br \/>\ndie L\u00f6schung der Daten zu verlangen<br \/>\ndie Einschr\u00e4nkung der Verarbeitung und die Mitteilung eines eventuellen Widerrufs zu verlangen;<br \/>\ndie \u00dcbertragbarkeit der Daten;<br \/>\neine Beschwerde bei einer Aufsichtsbeh\u00f6rde einzureichen.<br \/>\nDas Vorstehende gilt unbeschadet des Vorliegens berechtigter Gr\u00fcnde auf Seiten des f\u00fcr die Verarbeitung Verantwortlichen.<\/p>\n<p>&nbsp;<\/p>\n<h2>INFORMATIONEN \u00dcBER DIE VERWENDUNG VON COOKIES<\/h2>\n<p>Die Website, f\u00fcr ein besseres Funktionieren und zur Gew\u00e4hrleistung von Dienstleistungen, die von Dritten zur Verf\u00fcgung gestellt werden, verwendet Cookies, die vom EIGENT\u00dcMER oder von Dritten ausgegeben werden.<\/p>\n<p>Cookies, die vom EIGENT\u00dcMER ausgegeben werden<\/p>\n<p>Die vom EIGENT\u00dcMER bei der Navigation auf dieser Website ausgegebenen Cookies sind &#8222;technisch&#8220; und werden ausschlie\u00dflich zu dem Zweck verwendet, &#8222;die \u00dcbertragung einer Nachricht \u00fcber ein elektronisches Kommunikationsnetz durchzuf\u00fchren oder in dem Umfang, der f\u00fcr den Anbieter eines Dienstes der Informationsgesellschaft, der vom Teilnehmer oder Nutzer ausdr\u00fccklich angefordert wird, unbedingt erforderlich ist, um einen solchen Dienst bereitzustellen&#8220; (siehe Art. 122, Absatz 1 des Gesetzes). Sie werden f\u00fcr keine weiteren Zwecke verwendet und werden bei der normalen Navigation auf unseren Seiten installiert. Sie k\u00f6nnen unterteilt werden in Navigations- oder Sitzungscookies, die eine normale Navigation und Nutzung der Website gew\u00e4hrleisten (die einen Kauf oder eine Authentifizierung f\u00fcr den Zugang zu reservierten Bereichen erm\u00f6glichen); Funktionscookies, die es dem Nutzer erm\u00f6glichen, nach einer Reihe ausgew\u00e4hlter Kriterien zu navigieren (z. B. Sprache, zum Kauf ausgew\u00e4hlte Produkte usw.), um den ihm gebotenen Service zu verbessern. F\u00fcr die Installation dieser Cookies ist die vorherige Zustimmung der Nutzer nicht erforderlich, wobei die Verpflichtung zur Bereitstellung dieser Informationen gem\u00e4\u00df Artikel 13 des Kodex bestehen bleibt. Diese Website verwendet keine Cookies von Dritten f\u00fcr technische Zwecke, Analysen oder Profiling und Werbung.<\/p>\n<p>Cookies von Dritten zu statistischen oder technischen Zwecken<\/p>\n<p>W\u00e4hrend des Besuchs der Website kann der Nutzer auf seinem Endger\u00e4t auch Cookies von verschiedenen Anbietern (so genannte Drittanbieter-Cookies) erhalten; dies geschieht, weil auf der besuchten Website Elemente vorhanden sein k\u00f6nnen, die sich auf anderen Servern als dem befinden, auf dem sich die angeforderte Seite befindet. DER EIGENT\u00dcMER verwendet Cookies von Drittanbietern nur zu technischen Zwecken, z. B. Cookies, die zur statistischen Analyse der Zugriffe\/Besuche auf der Website (&#8222;Analytics&#8220;-Cookies) ausgegeben werden, oder um die Verwendung von Codeteilen zu erm\u00f6glichen, die von Drittanbietern ausgegeben werden und die eine bessere Nutzung des Dienstes gew\u00e4hrleisten (Authentifizierung, Verwaltungsseiten usw.).<\/p>\n<p>Die auf dieser Website verwendeten Cookies von Drittanbietern und die Methoden zur Verwaltung des Opt-Out (Deaktivierung derselben) sind unten angegeben:<\/p>\n<p>&#8211; Google Analytics: ein von Google Inc. (&#8222;Google&#8220;) bereitgestellter Dienst zur Analyse des Webverkehrs.<\/p>\n<p>Diese Cookies werden ausschlie\u00dflich zum Zweck der \u00dcberwachung und Verbesserung der Leistung der Website verwendet. Weitere Informationen finden Sie unter folgendem Link: https:\/\/www.google.it\/policies\/privacy\/partners\/<\/p>\n<p>Der Nutzer kann die Funktion von Google Analytics selektiv deaktivieren, indem er die von Google bereitgestellte Deaktivierungskomponente in seinem Browser installiert.<\/p>\n<p>Um die Funktion von Google Analytics zu deaktivieren, klicken Sie bitte auf den folgenden Link: https:\/\/tools.google.com\/dlpage\/gaoptout<\/p>\n<p>Diese Website verwendet keine eigenen Cookies oder Cookies von Drittanbietern f\u00fcr Profiling- und Werbezwecke.<\/p>\n","protected":false},"excerpt":{"rendered":"<p>INFORMATIONEN \u00dcBER DIE VERARBEITUNG VON PERSONENBEZOGENEN DATEN (GEM\u00c4SS DEN ARTIKELN 13 UND 14 DER EUROP\u00c4ISCHEN VERORDNUNG NR. 679\/16) Die Website [&hellip;]<\/p>\n","protected":false},"author":29,"featured_media":0,"parent":0,"menu_order":0,"comment_status":"closed","ping_status":"closed","template":"","meta":{"_acf_changed":false,"_monsterinsights_skip_tracking":false,"_monsterinsights_sitenote_active":false,"_monsterinsights_sitenote_note":"","_monsterinsights_sitenote_category":0,"footnotes":""},"acf":[],"yoast_head":"<!-- This site is optimized with the Yoast SEO plugin v23.1 - https:\/\/yoast.com\/wordpress\/plugins\/seo\/ -->\n<title>Privacy Policy - FI.DAL. Stampi<\/title>\n<meta name=\"robots\" content=\"index, follow, max-snippet:-1, max-image-preview:large, max-video-preview:-1\" \/>\n<link rel=\"canonical\" href=\"https:\/\/www.stampifidal.it\/de\/privacy-policy\/\" \/>\n<meta property=\"og:locale\" content=\"de_DE\" \/>\n<meta property=\"og:type\" content=\"article\" \/>\n<meta property=\"og:title\" content=\"Privacy Policy - FI.DAL. Stampi\" \/>\n<meta property=\"og:description\" content=\"INFORMATIONEN \u00dcBER DIE VERARBEITUNG VON PERSONENBEZOGENEN DATEN (GEM\u00c4SS DEN ARTIKELN 13 UND 14 DER EUROP\u00c4ISCHEN VERORDNUNG NR. 679\/16) Die Website [&hellip;]\" \/>\n<meta property=\"og:url\" content=\"https:\/\/www.stampifidal.it\/de\/privacy-policy\/\" \/>\n<meta property=\"og:site_name\" content=\"FI.DAL. Stampi\" \/>\n<meta property=\"article:publisher\" content=\"https:\/\/www.facebook.com\/fidalstampi\" \/>\n<meta property=\"og:image\" content=\"https:\/\/www.stampifidal.it\/wp-content\/uploads\/2023\/04\/fidal-stampi-logo-seo.jpg\" \/>\n\t<meta property=\"og:image:width\" content=\"1200\" \/>\n\t<meta property=\"og:image:height\" content=\"675\" \/>\n\t<meta property=\"og:image:type\" content=\"image\/jpeg\" \/>\n<meta name=\"twitter:card\" content=\"summary_large_image\" \/>\n<meta name=\"twitter:label1\" content=\"Gesch\u00e4tzte Lesezeit\" \/>\n\t<meta name=\"twitter:data1\" content=\"7\u00a0Minuten\" \/>\n<script type=\"application\/ld+json\" class=\"yoast-schema-graph\">{\"@context\":\"https:\/\/schema.org\",\"@graph\":[{\"@type\":\"WebPage\",\"@id\":\"https:\/\/www.stampifidal.it\/de\/privacy-policy\/\",\"url\":\"https:\/\/www.stampifidal.it\/de\/privacy-policy\/\",\"name\":\"Privacy Policy - FI.DAL. Stampi\",\"isPartOf\":{\"@id\":\"https:\/\/www.stampifidal.it\/de\/#website\"},\"datePublished\":\"2020-02-26T13:39:27+00:00\",\"dateModified\":\"2020-02-26T13:39:27+00:00\",\"breadcrumb\":{\"@id\":\"https:\/\/www.stampifidal.it\/de\/privacy-policy\/#breadcrumb\"},\"inLanguage\":\"de\",\"potentialAction\":[{\"@type\":\"ReadAction\",\"target\":[\"https:\/\/www.stampifidal.it\/de\/privacy-policy\/\"]}]},{\"@type\":\"BreadcrumbList\",\"@id\":\"https:\/\/www.stampifidal.it\/de\/privacy-policy\/#breadcrumb\",\"itemListElement\":[{\"@type\":\"ListItem\",\"position\":1,\"name\":\"Home\",\"item\":\"https:\/\/www.stampifidal.it\/de\/homepage\/\"},{\"@type\":\"ListItem\",\"position\":2,\"name\":\"Privacy Policy\"}]},{\"@type\":\"WebSite\",\"@id\":\"https:\/\/www.stampifidal.it\/de\/#website\",\"url\":\"https:\/\/www.stampifidal.it\/de\/\",\"name\":\"FI.DAL. Stampi\",\"description\":\"Progettazione e costruzione stampi per materie plastiche\",\"publisher\":{\"@id\":\"https:\/\/www.stampifidal.it\/de\/#organization\"},\"potentialAction\":[{\"@type\":\"SearchAction\",\"target\":{\"@type\":\"EntryPoint\",\"urlTemplate\":\"https:\/\/www.stampifidal.it\/de\/?s={search_term_string}\"},\"query-input\":\"required name=search_term_string\"}],\"inLanguage\":\"de\"},{\"@type\":\"Organization\",\"@id\":\"https:\/\/www.stampifidal.it\/de\/#organization\",\"name\":\"FI.DAL. Stampi\",\"url\":\"https:\/\/www.stampifidal.it\/de\/\",\"logo\":{\"@type\":\"ImageObject\",\"inLanguage\":\"de\",\"@id\":\"https:\/\/www.stampifidal.it\/de\/#\/schema\/logo\/image\/\",\"url\":\"https:\/\/www.stampifidal.it\/wp-content\/uploads\/2023\/04\/logo-fidal-stampi-quadrato.jpg\",\"contentUrl\":\"https:\/\/www.stampifidal.it\/wp-content\/uploads\/2023\/04\/logo-fidal-stampi-quadrato.jpg\",\"width\":700,\"height\":700,\"caption\":\"FI.DAL. Stampi\"},\"image\":{\"@id\":\"https:\/\/www.stampifidal.it\/de\/#\/schema\/logo\/image\/\"},\"sameAs\":[\"https:\/\/www.facebook.com\/fidalstampi\",\"https:\/\/www.instagram.com\/fidalstampi\/\",\"https:\/\/www.linkedin.com\/company\/fi-dal-stampi\/about\/?viewAsMember=true\"]}]}<\/script>\n<!-- \/ Yoast SEO plugin. -->","yoast_head_json":{"title":"Privacy Policy - FI.DAL. Stampi","robots":{"index":"index","follow":"follow","max-snippet":"max-snippet:-1","max-image-preview":"max-image-preview:large","max-video-preview":"max-video-preview:-1"},"canonical":"https:\/\/www.stampifidal.it\/de\/privacy-policy\/","og_locale":"de_DE","og_type":"article","og_title":"Privacy Policy - FI.DAL. Stampi","og_description":"INFORMATIONEN \u00dcBER DIE VERARBEITUNG VON PERSONENBEZOGENEN DATEN (GEM\u00c4SS DEN ARTIKELN 13 UND 14 DER EUROP\u00c4ISCHEN VERORDNUNG NR. 679\/16) Die Website [&hellip;]","og_url":"https:\/\/www.stampifidal.it\/de\/privacy-policy\/","og_site_name":"FI.DAL. Stampi","article_publisher":"https:\/\/www.facebook.com\/fidalstampi","og_image":[{"width":1200,"height":675,"url":"https:\/\/www.stampifidal.it\/wp-content\/uploads\/2023\/04\/fidal-stampi-logo-seo.jpg","type":"image\/jpeg"}],"twitter_card":"summary_large_image","twitter_misc":{"Gesch\u00e4tzte Lesezeit":"7\u00a0Minuten"},"schema":{"@context":"https:\/\/schema.org","@graph":[{"@type":"WebPage","@id":"https:\/\/www.stampifidal.it\/de\/privacy-policy\/","url":"https:\/\/www.stampifidal.it\/de\/privacy-policy\/","name":"Privacy Policy - FI.DAL. Stampi","isPartOf":{"@id":"https:\/\/www.stampifidal.it\/de\/#website"},"datePublished":"2020-02-26T13:39:27+00:00","dateModified":"2020-02-26T13:39:27+00:00","breadcrumb":{"@id":"https:\/\/www.stampifidal.it\/de\/privacy-policy\/#breadcrumb"},"inLanguage":"de","potentialAction":[{"@type":"ReadAction","target":["https:\/\/www.stampifidal.it\/de\/privacy-policy\/"]}]},{"@type":"BreadcrumbList","@id":"https:\/\/www.stampifidal.it\/de\/privacy-policy\/#breadcrumb","itemListElement":[{"@type":"ListItem","position":1,"name":"Home","item":"https:\/\/www.stampifidal.it\/de\/homepage\/"},{"@type":"ListItem","position":2,"name":"Privacy Policy"}]},{"@type":"WebSite","@id":"https:\/\/www.stampifidal.it\/de\/#website","url":"https:\/\/www.stampifidal.it\/de\/","name":"FI.DAL. Stampi","description":"Progettazione e costruzione stampi per materie plastiche","publisher":{"@id":"https:\/\/www.stampifidal.it\/de\/#organization"},"potentialAction":[{"@type":"SearchAction","target":{"@type":"EntryPoint","urlTemplate":"https:\/\/www.stampifidal.it\/de\/?s={search_term_string}"},"query-input":"required name=search_term_string"}],"inLanguage":"de"},{"@type":"Organization","@id":"https:\/\/www.stampifidal.it\/de\/#organization","name":"FI.DAL. Stampi","url":"https:\/\/www.stampifidal.it\/de\/","logo":{"@type":"ImageObject","inLanguage":"de","@id":"https:\/\/www.stampifidal.it\/de\/#\/schema\/logo\/image\/","url":"https:\/\/www.stampifidal.it\/wp-content\/uploads\/2023\/04\/logo-fidal-stampi-quadrato.jpg","contentUrl":"https:\/\/www.stampifidal.it\/wp-content\/uploads\/2023\/04\/logo-fidal-stampi-quadrato.jpg","width":700,"height":700,"caption":"FI.DAL. Stampi"},"image":{"@id":"https:\/\/www.stampifidal.it\/de\/#\/schema\/logo\/image\/"},"sameAs":["https:\/\/www.facebook.com\/fidalstampi","https:\/\/www.instagram.com\/fidalstampi\/","https:\/\/www.linkedin.com\/company\/fi-dal-stampi\/about\/?viewAsMember=true"]}]}},"_links":{"self":[{"href":"https:\/\/www.stampifidal.it\/de\/wp-json\/wp\/v2\/pages\/1848"}],"collection":[{"href":"https:\/\/www.stampifidal.it\/de\/wp-json\/wp\/v2\/pages"}],"about":[{"href":"https:\/\/www.stampifidal.it\/de\/wp-json\/wp\/v2\/types\/page"}],"author":[{"embeddable":true,"href":"https:\/\/www.stampifidal.it\/de\/wp-json\/wp\/v2\/users\/29"}],"replies":[{"embeddable":true,"href":"https:\/\/www.stampifidal.it\/de\/wp-json\/wp\/v2\/comments?post=1848"}],"version-history":[{"count":0,"href":"https:\/\/www.stampifidal.it\/de\/wp-json\/wp\/v2\/pages\/1848\/revisions"}],"wp:attachment":[{"href":"https:\/\/www.stampifidal.it\/de\/wp-json\/wp\/v2\/media?parent=1848"}],"curies":[{"name":"wp","href":"https:\/\/api.w.org\/{rel}","templated":true}]}}