{"id":1845,"date":"2020-02-26T15:26:12","date_gmt":"2020-02-26T14:26:12","guid":{"rendered":"https:\/\/www.stampifidal.it\/produkte\/"},"modified":"2023-06-26T12:58:02","modified_gmt":"2023-06-26T10:58:02","slug":"produkte","status":"publish","type":"page","link":"https:\/\/www.stampifidal.it\/de\/produkte\/","title":{"rendered":"Produkte"},"content":{"rendered":"<div class=\"wpb-content-wrapper\"><p>[vc_row row_height_percent=&#8220;0&#8243; back_image=&#8220;822&#8243; back_repeat=&#8220;no-repeat&#8220; back_position=&#8220;left center&#8220; parallax=&#8220;yes&#8220; overlay_color=&#8220;color-prif&#8220; overlay_alpha=&#8220;45&#8243; gutter_size=&#8220;3&#8243; column_width_percent=&#8220;100&#8243; shift_y=&#8220;0&#8243; z_index=&#8220;0&#8243; bottom_divider=&#8220;step_2_3&#8243; auto_height_device=&#8220;yes&#8220; uncode_shortcode_id=&#8220;117452&#8243; row_height_pixel=&#8220;800px&#8220; overlay_color_type=&#8220;uncode-palette&#8220;][vc_column column_width_percent=&#8220;100&#8243; position_vertical=&#8220;middle&#8220; gutter_size=&#8220;3&#8243; overlay_alpha=&#8220;50&#8243; shift_x=&#8220;0&#8243; shift_y=&#8220;0&#8243; shift_y_down=&#8220;0&#8243; z_index=&#8220;0&#8243; medium_width=&#8220;0&#8243; mobile_width=&#8220;0&#8243; width=&#8220;1\/1&#8243; uncode_shortcode_id=&#8220;141022&#8243;][vc_row_inner][vc_column_inner width=&#8220;1\/2&#8243;][\/vc_column_inner][vc_column_inner column_width_percent=&#8220;100&#8243; position_vertical=&#8220;middle&#8220; gutter_size=&#8220;3&#8243; style=&#8220;dark&#8220; overlay_alpha=&#8220;50&#8243; shift_x=&#8220;0&#8243; shift_y=&#8220;0&#8243; shift_y_down=&#8220;0&#8243; z_index=&#8220;0&#8243; medium_width=&#8220;0&#8243; mobile_width=&#8220;0&#8243; width=&#8220;1\/2&#8243; uncode_shortcode_id=&#8220;200446&#8243;][vc_empty_space empty_h=&#8220;2&#8243; desktop_visibility=&#8220;yes&#8220; medium_visibility=&#8220;yes&#8220;][vc_custom_heading heading_semantic=&#8220;h1&#8243; text_size=&#8220;h1&#8243; text_transform=&#8220;uppercase&#8220; uncode_shortcode_id=&#8220;138055&#8243;]UNSERE M\u00dcNDE[\/vc_custom_heading][vc_empty_space empty_h=&#8220;2&#8243; desktop_visibility=&#8220;yes&#8220; medium_visibility=&#8220;yes&#8220;][\/vc_column_inner][\/vc_row_inner][\/vc_column][\/vc_row][vc_row row_height_percent=&#8220;0&#8243; override_padding=&#8220;yes&#8220; h_padding=&#8220;2&#8243; top_padding=&#8220;4&#8243; bottom_padding=&#8220;4&#8243; back_color=&#8220;color-prif&#8220; overlay_alpha=&#8220;50&#8243; gutter_size=&#8220;3&#8243; column_width_percent=&#8220;100&#8243; shift_y=&#8220;0&#8243; z_index=&#8220;0&#8243; uncode_shortcode_id=&#8220;176742&#8243; back_color_type=&#8220;uncode-palette&#8220;][vc_column column_width_percent=&#8220;100&#8243; gutter_size=&#8220;3&#8243; style=&#8220;dark&#8220; overlay_alpha=&#8220;50&#8243; shift_x=&#8220;0&#8243; shift_y=&#8220;0&#8243; shift_y_down=&#8220;0&#8243; z_index=&#8220;0&#8243; medium_width=&#8220;0&#8243; mobile_width=&#8220;0&#8243; width=&#8220;1\/1&#8243; uncode_shortcode_id=&#8220;514678&#8243;][vc_column_text uncode_shortcode_id=&#8220;101607&#8243;]<strong>FI.DAL. Stampi<\/strong> ist in allen Produktionsbereichen t\u00e4tig, in denen Kunststoffteile ben\u00f6tigt werden. Wir entwerfen und fertigen Formen f\u00fcr Kunststoff- und Druckgussmaterialien, die in vielen Bereichen zum Einsatz kommen: Automatisierungssysteme, Spielzeug, elektrische Pumpen, Automobile, medizinische Ger\u00e4te, Haushaltskomponenten, Bauwesen, Elektronik, Sportzubeh\u00f6r&#8230; dies sind nur einige Beispiele f\u00fcr die Bereiche, in denen wir pr\u00e4sent sind.<\/p>\n<p>Was jedes unserer Produkte verbindet, ist unsere Liebe zum Detail, zu den Materialien, den Oberfl\u00e4chen und den Verschl\u00fcssen; die Kombination dieser und vieler anderer Elemente ist der Schl\u00fcssel zur Zufriedenheit unserer Kunden.[\/vc_column_text][\/vc_column][\/vc_row][vc_row unlock_row_content=&#8220;yes&#8220; row_height_percent=&#8220;0&#8243; override_padding=&#8220;yes&#8220; h_padding=&#8220;2&#8243; top_padding=&#8220;3&#8243; bottom_padding=&#8220;0&#8243; overlay_alpha=&#8220;50&#8243; gutter_size=&#8220;3&#8243; column_width_percent=&#8220;100&#8243; shift_y=&#8220;0&#8243; z_index=&#8220;0&#8243; uncode_shortcode_id=&#8220;130421&#8243;][vc_column width=&#8220;1\/1&#8243;][vc_gallery el_id=&#8220;gallery-740681&#8243; medias=&#8220;813,814,660,535,568,815,816,530,817,808,818,819,820&#8243; gutter_size=&#8220;3&#8243; media_items=&#8220;media|lightbox|original&#8220; screen_lg=&#8220;1000&#8243; screen_md=&#8220;600&#8243; screen_sm=&#8220;480&#8243; single_shape=&#8220;round&#8220; single_overlay_opacity=&#8220;1&#8243; single_image_magnetic=&#8220;yes&#8220; single_padding=&#8220;2&#8243; single_border=&#8220;yes&#8220; single_css_animation=&#8220;bottom-t-top&#8220; single_animation_speed=&#8220;600&#8243; single_animation_delay=&#8220;200&#8243; no_double_tap=&#8220;yes&#8220; uncode_shortcode_id=&#8220;139078&#8243;][\/vc_column][\/vc_row][vc_row row_height_percent=&#8220;0&#8243; override_padding=&#8220;yes&#8220; h_padding=&#8220;2&#8243; top_padding=&#8220;3&#8243; bottom_padding=&#8220;3&#8243; overlay_alpha=&#8220;50&#8243; gutter_size=&#8220;3&#8243; column_width_percent=&#8220;100&#8243; shift_y=&#8220;0&#8243; z_index=&#8220;0&#8243; enable_bottom_divider=&#8220;default&#8220; bottom_divider=&#8220;swoosh&#8220; shape_bottom_h_use_pixel=&#8220;true&#8220; shape_bottom_height_percent=&#8220;28&#8243; shape_bottom_color=&#8220;color-xsdn&#8220; shape_bottom_opacity=&#8220;100&#8243; shape_bottom_index=&#8220;0&#8243; uncode_shortcode_id=&#8220;196816&#8243; shape_bottom_color_type=&#8220;uncode-palette&#8220;][vc_column width=&#8220;1\/1&#8243;][vc_empty_space empty_h=&#8220;2&#8243;][\/vc_column][\/vc_row]<\/p>\n<\/div>","protected":false},"excerpt":{"rendered":"<p>[vc_row row_height_percent=&#8220;0&#8243; back_image=&#8220;822&#8243; back_repeat=&#8220;no-repeat&#8220; back_position=&#8220;left center&#8220; parallax=&#8220;yes&#8220; overlay_color=&#8220;color-prif&#8220; overlay_alpha=&#8220;45&#8243; gutter_size=&#8220;3&#8243; column_width_percent=&#8220;100&#8243; shift_y=&#8220;0&#8243; z_index=&#8220;0&#8243; bottom_divider=&#8220;step_2_3&#8243; auto_height_device=&#8220;yes&#8220; uncode_shortcode_id=&#8220;117452&#8243; row_height_pixel=&#8220;800px&#8220; overlay_color_type=&#8220;uncode-palette&#8220;][vc_column column_width_percent=&#8220;100&#8243; position_vertical=&#8220;middle&#8220; [&hellip;]<\/p>\n","protected":false},"author":29,"featured_media":0,"parent":0,"menu_order":0,"comment_status":"closed","ping_status":"closed","template":"","meta":{"_acf_changed":false,"_monsterinsights_skip_tracking":false,"_monsterinsights_sitenote_active":false,"_monsterinsights_sitenote_note":"","_monsterinsights_sitenote_category":0,"footnotes":""},"acf":[],"yoast_head":"<!-- This site is optimized with the Yoast SEO plugin v23.1 - https:\/\/yoast.com\/wordpress\/plugins\/seo\/ -->\n<title>Produkte | FI.DAL. Formen | Formen f\u00fcr Kunststoffe<\/title>\n<meta name=\"description\" content=\"Das Unternehmen FI.DAL. Stampi, entwirft und fertigt Formen f\u00fcr Kunststoffe und Druckguss\" \/>\n<meta name=\"robots\" content=\"index, follow, max-snippet:-1, max-image-preview:large, max-video-preview:-1\" \/>\n<link rel=\"canonical\" href=\"https:\/\/www.stampifidal.it\/de\/produkte\/\" \/>\n<meta property=\"og:locale\" content=\"de_DE\" \/>\n<meta property=\"og:type\" content=\"article\" \/>\n<meta property=\"og:title\" content=\"Produkte | FI.DAL. Formen | Formen f\u00fcr Kunststoffe\" \/>\n<meta property=\"og:description\" content=\"Das Unternehmen FI.DAL. Stampi, entwirft und fertigt Formen f\u00fcr Kunststoffe und Druckguss\" \/>\n<meta property=\"og:url\" content=\"https:\/\/www.stampifidal.it\/de\/produkte\/\" \/>\n<meta property=\"og:site_name\" content=\"FI.DAL. Stampi\" \/>\n<meta property=\"article:publisher\" content=\"https:\/\/www.facebook.com\/fidalstampi\" \/>\n<meta property=\"article:modified_time\" content=\"2023-06-26T10:58:02+00:00\" \/>\n<meta property=\"og:image\" content=\"https:\/\/www.stampifidal.it\/wp-content\/uploads\/2023\/04\/fidal-stampi-logo-seo.jpg\" \/>\n\t<meta property=\"og:image:width\" content=\"1200\" \/>\n\t<meta property=\"og:image:height\" content=\"675\" \/>\n\t<meta property=\"og:image:type\" content=\"image\/jpeg\" \/>\n<meta name=\"twitter:card\" content=\"summary_large_image\" \/>\n<meta name=\"twitter:label1\" content=\"Gesch\u00e4tzte Lesezeit\" \/>\n\t<meta name=\"twitter:data1\" content=\"3\u00a0Minuten\" \/>\n<script type=\"application\/ld+json\" class=\"yoast-schema-graph\">{\"@context\":\"https:\/\/schema.org\",\"@graph\":[{\"@type\":\"WebPage\",\"@id\":\"https:\/\/www.stampifidal.it\/de\/produkte\/\",\"url\":\"https:\/\/www.stampifidal.it\/de\/produkte\/\",\"name\":\"Produkte | FI.DAL. Formen | Formen f\u00fcr Kunststoffe\",\"isPartOf\":{\"@id\":\"https:\/\/www.stampifidal.it\/de\/#website\"},\"datePublished\":\"2020-02-26T14:26:12+00:00\",\"dateModified\":\"2023-06-26T10:58:02+00:00\",\"description\":\"Das Unternehmen FI.DAL. Stampi, entwirft und fertigt Formen f\u00fcr Kunststoffe und Druckguss\",\"breadcrumb\":{\"@id\":\"https:\/\/www.stampifidal.it\/de\/produkte\/#breadcrumb\"},\"inLanguage\":\"de\",\"potentialAction\":[{\"@type\":\"ReadAction\",\"target\":[\"https:\/\/www.stampifidal.it\/de\/produkte\/\"]}]},{\"@type\":\"BreadcrumbList\",\"@id\":\"https:\/\/www.stampifidal.it\/de\/produkte\/#breadcrumb\",\"itemListElement\":[{\"@type\":\"ListItem\",\"position\":1,\"name\":\"Home\",\"item\":\"https:\/\/www.stampifidal.it\/de\/homepage\/\"},{\"@type\":\"ListItem\",\"position\":2,\"name\":\"Produkte\"}]},{\"@type\":\"WebSite\",\"@id\":\"https:\/\/www.stampifidal.it\/de\/#website\",\"url\":\"https:\/\/www.stampifidal.it\/de\/\",\"name\":\"FI.DAL. Stampi\",\"description\":\"Progettazione e costruzione stampi per materie plastiche\",\"publisher\":{\"@id\":\"https:\/\/www.stampifidal.it\/de\/#organization\"},\"potentialAction\":[{\"@type\":\"SearchAction\",\"target\":{\"@type\":\"EntryPoint\",\"urlTemplate\":\"https:\/\/www.stampifidal.it\/de\/?s={search_term_string}\"},\"query-input\":\"required name=search_term_string\"}],\"inLanguage\":\"de\"},{\"@type\":\"Organization\",\"@id\":\"https:\/\/www.stampifidal.it\/de\/#organization\",\"name\":\"FI.DAL. Stampi\",\"url\":\"https:\/\/www.stampifidal.it\/de\/\",\"logo\":{\"@type\":\"ImageObject\",\"inLanguage\":\"de\",\"@id\":\"https:\/\/www.stampifidal.it\/de\/#\/schema\/logo\/image\/\",\"url\":\"https:\/\/www.stampifidal.it\/wp-content\/uploads\/2023\/04\/logo-fidal-stampi-quadrato.jpg\",\"contentUrl\":\"https:\/\/www.stampifidal.it\/wp-content\/uploads\/2023\/04\/logo-fidal-stampi-quadrato.jpg\",\"width\":700,\"height\":700,\"caption\":\"FI.DAL. Stampi\"},\"image\":{\"@id\":\"https:\/\/www.stampifidal.it\/de\/#\/schema\/logo\/image\/\"},\"sameAs\":[\"https:\/\/www.facebook.com\/fidalstampi\",\"https:\/\/www.instagram.com\/fidalstampi\/\",\"https:\/\/www.linkedin.com\/company\/fi-dal-stampi\/about\/?viewAsMember=true\"]}]}<\/script>\n<!-- \/ Yoast SEO plugin. -->","yoast_head_json":{"title":"Produkte | FI.DAL. Formen | Formen f\u00fcr Kunststoffe","description":"Das Unternehmen FI.DAL. Stampi, entwirft und fertigt Formen f\u00fcr Kunststoffe und Druckguss","robots":{"index":"index","follow":"follow","max-snippet":"max-snippet:-1","max-image-preview":"max-image-preview:large","max-video-preview":"max-video-preview:-1"},"canonical":"https:\/\/www.stampifidal.it\/de\/produkte\/","og_locale":"de_DE","og_type":"article","og_title":"Produkte | FI.DAL. Formen | Formen f\u00fcr Kunststoffe","og_description":"Das Unternehmen FI.DAL. Stampi, entwirft und fertigt Formen f\u00fcr Kunststoffe und Druckguss","og_url":"https:\/\/www.stampifidal.it\/de\/produkte\/","og_site_name":"FI.DAL. Stampi","article_publisher":"https:\/\/www.facebook.com\/fidalstampi","article_modified_time":"2023-06-26T10:58:02+00:00","og_image":[{"width":1200,"height":675,"url":"https:\/\/www.stampifidal.it\/wp-content\/uploads\/2023\/04\/fidal-stampi-logo-seo.jpg","type":"image\/jpeg"}],"twitter_card":"summary_large_image","twitter_misc":{"Gesch\u00e4tzte Lesezeit":"3\u00a0Minuten"},"schema":{"@context":"https:\/\/schema.org","@graph":[{"@type":"WebPage","@id":"https:\/\/www.stampifidal.it\/de\/produkte\/","url":"https:\/\/www.stampifidal.it\/de\/produkte\/","name":"Produkte | FI.DAL. Formen | Formen f\u00fcr Kunststoffe","isPartOf":{"@id":"https:\/\/www.stampifidal.it\/de\/#website"},"datePublished":"2020-02-26T14:26:12+00:00","dateModified":"2023-06-26T10:58:02+00:00","description":"Das Unternehmen FI.DAL. Stampi, entwirft und fertigt Formen f\u00fcr Kunststoffe und Druckguss","breadcrumb":{"@id":"https:\/\/www.stampifidal.it\/de\/produkte\/#breadcrumb"},"inLanguage":"de","potentialAction":[{"@type":"ReadAction","target":["https:\/\/www.stampifidal.it\/de\/produkte\/"]}]},{"@type":"BreadcrumbList","@id":"https:\/\/www.stampifidal.it\/de\/produkte\/#breadcrumb","itemListElement":[{"@type":"ListItem","position":1,"name":"Home","item":"https:\/\/www.stampifidal.it\/de\/homepage\/"},{"@type":"ListItem","position":2,"name":"Produkte"}]},{"@type":"WebSite","@id":"https:\/\/www.stampifidal.it\/de\/#website","url":"https:\/\/www.stampifidal.it\/de\/","name":"FI.DAL. Stampi","description":"Progettazione e costruzione stampi per materie plastiche","publisher":{"@id":"https:\/\/www.stampifidal.it\/de\/#organization"},"potentialAction":[{"@type":"SearchAction","target":{"@type":"EntryPoint","urlTemplate":"https:\/\/www.stampifidal.it\/de\/?s={search_term_string}"},"query-input":"required name=search_term_string"}],"inLanguage":"de"},{"@type":"Organization","@id":"https:\/\/www.stampifidal.it\/de\/#organization","name":"FI.DAL. Stampi","url":"https:\/\/www.stampifidal.it\/de\/","logo":{"@type":"ImageObject","inLanguage":"de","@id":"https:\/\/www.stampifidal.it\/de\/#\/schema\/logo\/image\/","url":"https:\/\/www.stampifidal.it\/wp-content\/uploads\/2023\/04\/logo-fidal-stampi-quadrato.jpg","contentUrl":"https:\/\/www.stampifidal.it\/wp-content\/uploads\/2023\/04\/logo-fidal-stampi-quadrato.jpg","width":700,"height":700,"caption":"FI.DAL. Stampi"},"image":{"@id":"https:\/\/www.stampifidal.it\/de\/#\/schema\/logo\/image\/"},"sameAs":["https:\/\/www.facebook.com\/fidalstampi","https:\/\/www.instagram.com\/fidalstampi\/","https:\/\/www.linkedin.com\/company\/fi-dal-stampi\/about\/?viewAsMember=true"]}]}},"_links":{"self":[{"href":"https:\/\/www.stampifidal.it\/de\/wp-json\/wp\/v2\/pages\/1845"}],"collection":[{"href":"https:\/\/www.stampifidal.it\/de\/wp-json\/wp\/v2\/pages"}],"about":[{"href":"https:\/\/www.stampifidal.it\/de\/wp-json\/wp\/v2\/types\/page"}],"author":[{"embeddable":true,"href":"https:\/\/www.stampifidal.it\/de\/wp-json\/wp\/v2\/users\/29"}],"replies":[{"embeddable":true,"href":"https:\/\/www.stampifidal.it\/de\/wp-json\/wp\/v2\/comments?post=1845"}],"version-history":[{"count":2,"href":"https:\/\/www.stampifidal.it\/de\/wp-json\/wp\/v2\/pages\/1845\/revisions"}],"predecessor-version":[{"id":1847,"href":"https:\/\/www.stampifidal.it\/de\/wp-json\/wp\/v2\/pages\/1845\/revisions\/1847"}],"wp:attachment":[{"href":"https:\/\/www.stampifidal.it\/de\/wp-json\/wp\/v2\/media?parent=1845"}],"curies":[{"name":"wp","href":"https:\/\/api.w.org\/{rel}","templated":true}]}}